{"id":847,"date":"2022-05-03T11:30:07","date_gmt":"2022-05-03T15:30:07","guid":{"rendered":"https:\/\/insertapr.com\/?post_type=product&#038;p=847"},"modified":"2025-03-21T16:23:42","modified_gmt":"2025-03-21T20:23:42","slug":"la-biblioteca-de-los-suenos-imposibles","status":"publish","type":"product","link":"https:\/\/insertapr.com\/?product=la-biblioteca-de-los-suenos-imposibles","title":{"rendered":"LA BIBLIOTECA DE LOS SUE\u00d1OS IMPOSIBLES"},"content":{"rendered":"<div class=\"detalleArticulo\">\n<div class=\"filaDetalle\">\n<div class=\"cabeceraDetalle\">EDITORIAL:ROCA EDITORIAL<\/div>\n<\/div>\n<div class=\"filaDetalle\">\n<div class=\"cabeceraDetalle\">ISBN:9788417968274<\/div>\n<\/div>\n<div class=\"filaDetalle\">\n<div class=\"cabeceraDetalle\">COLECCI\u00d3N:NOVELA HISTORICA<\/div>\n<\/div>\n<div class=\"filaDetalle\">\n<div class=\"cabeceraDetalle\">IDIOMA:CASTELLANO<\/div>\n<\/div>\n<div class=\"filaDetalle\">\n<div class=\"cabeceraDetalle\">Fecha de edici\u00f3n:09-09-2020<\/div>\n<\/div>\n<div class=\"filaDetalle\">\n<div class=\"cabeceraDetalle\">Materia:<a title=\"Pulse en esta materia y ver\u00e1 todos los art\u00edculos de la misma\">FICCI\u00d3N HISTORICA\u00a0<\/a><a title=\"Pulse en esta materia y ver\u00e1 todos los art\u00edculos de la misma\">FICCI\u00d3N MODERNA Y CONTEMPORANEA<\/a><\/div>\n<\/div>\n<div class=\"filaDetalle\">\n<div class=\"textoDisponibilidadFicha\">\n<div class=\"iconos-disponibilidad grupo\">\n<p class=\"textoDisponibilidad\">\n<\/div>\n<\/div>\n<\/div>\n<\/div>\n","protected":false},"excerpt":{"rendered":"<p><b><a>RINA,\u00a0 LIN<\/a><\/b><\/p>\n<p><b>Una historia atmosf\u00e9rica situada en un rinc\u00f3n repleto de libros en el Londres del siglo XIX.<\/b><\/p>\n<p><b>Una maravillosa novela. Un retrato de los lugares en los que los libros y las historias te pueden transportar a la vida real.<\/b><\/p>\n<p><b>Una joya de libro para todos aquellos que alguna vez so\u00f1aron con tener un rinc\u00f3n propio repleto de libros y de sue\u00f1os?<\/b><\/p>\n<p>En 1890 la mayor\u00eda de chicas ser\u00edan felices con la vida de la joven de 19 a\u00f1os de edad Animant Crumb: una madre dedicada a vestirla con la mejor ropa y a buscarle un marido perfecto. Pero a Ani todo eso no le importa nada, ella ama los libros cuyas historias le han ense\u00f1ado a so\u00f1ar en grande. La vida cotidiana de Ani da un giro sorprendente cuando recibe la propuesta inesperada de un viaje a Londres para trabajar en una maravillosa y antigua biblioteca. All\u00ed, Ani conoce a Thomas Reed, un malhumorado bibliotecario, un hombre tan extra\u00f1o como intrigante que despertar\u00e1 en Ani sentimientos que hasta ahora solo conoc\u00eda por los libros. Pero pronto descubrir\u00e1 que varios obst\u00e1culos se interpondr\u00e1n en el camino para que su propia historia de amor se convierta en realidad.<\/p>\n<p><b>Siguiendo las huellas de las grandes damas de la literatura cl\u00e1sica como Jane Eyre, la independiente y tenaz Animant Crumb es un personaje del que los lectores se enamorar\u00e1n al instante.<\/b><\/p>\n","protected":false},"featured_media":805,"comment_status":"open","ping_status":"closed","template":"","meta":{"_monsterinsights_skip_tracking":false,"_monsterinsights_sitenote_active":false,"_monsterinsights_sitenote_note":"","_monsterinsights_sitenote_category":0,"_uf_show_specific_survey":0,"_uf_disable_surveys":false},"product_cat":[30],"product_tag":[29,26],"_links":{"self":[{"href":"https:\/\/insertapr.com\/index.php?rest_route=\/wp\/v2\/product\/847"}],"collection":[{"href":"https:\/\/insertapr.com\/index.php?rest_route=\/wp\/v2\/product"}],"about":[{"href":"https:\/\/insertapr.com\/index.php?rest_route=\/wp\/v2\/types\/product"}],"replies":[{"embeddable":true,"href":"https:\/\/insertapr.com\/index.php?rest_route=%2Fwp%2Fv2%2Fcomments&post=847"}],"wp:featuredmedia":[{"embeddable":true,"href":"https:\/\/insertapr.com\/index.php?rest_route=\/wp\/v2\/media\/805"}],"wp:attachment":[{"href":"https:\/\/insertapr.com\/index.php?rest_route=%2Fwp%2Fv2%2Fmedia&parent=847"}],"wp:term":[{"taxonomy":"product_cat","embeddable":true,"href":"https:\/\/insertapr.com\/index.php?rest_route=%2Fwp%2Fv2%2Fproduct_cat&post=847"},{"taxonomy":"product_tag","embeddable":true,"href":"https:\/\/insertapr.com\/index.php?rest_route=%2Fwp%2Fv2%2Fproduct_tag&post=847"}],"curies":[{"name":"wp","href":"https:\/\/api.w.org\/{rel}","templated":true}]}}