{"id":8329,"date":"2026-05-06T17:37:37","date_gmt":"2026-05-06T21:37:37","guid":{"rendered":"https:\/\/insertapr.com\/?post_type=product&#038;p=8329"},"modified":"2026-05-06T17:37:38","modified_gmt":"2026-05-06T21:37:38","slug":"candela","status":"publish","type":"product","link":"https:\/\/insertapr.com\/?product=candela","title":{"rendered":"Candela"},"content":{"rendered":"","protected":false},"excerpt":{"rendered":"<p data-start=\"64\" data-end=\"155\">Estamos en el Caribe, no en el de la postal o el de los carteles del ministerio de turismo.<\/p>\n<p data-start=\"157\" data-end=\"1166\">El Caribe que respira detr\u00e1s de la m\u00e1scara. Caribe de sangre, ron y humo a la espera de un hurac\u00e1n. Las calles, asediadas por la corrupci\u00f3n y el inminente impacto meteorol\u00f3gico, son el escenario predilecto para un <em data-start=\"371\" data-end=\"381\">thriller<\/em> del inframundo. Los hermanos Castratte, la fina abogada Sera Penablanca y el desmoralizado teniente Imanol Petafunte gravitan alrededor de la morena Candela, una suerte de aleph que re\u00fane, entre muchos otros universos, la incongruencia de ser tan haitiana como dominicana en una pesadilla alejada de las pi\u00f1as coladas y los <em data-start=\"706\" data-end=\"715\">resorts<\/em> todo incluido. Estos personajes tan distintos tienen algo en com\u00fan: saben que no basta con luchar, son conscientes de que no hay nada del otro lado de la miseria caribe\u00f1a. Sin embargo, ante la llegada inminente de un hurac\u00e1n, juegan a ser protagonistas de una saga de corrupci\u00f3n y pasiones desbordadas. Santo Domingo puede ser el para\u00edso tropical y, a la misma vez, una de las estaciones del infierno; depende de d\u00f3nde o con qui\u00e9n te atrape la noche.<\/p>\n<p data-start=\"1168\" data-end=\"1200\">EDICIONES CORREGIDOR | ARGENTINA<\/p>\n<p data-start=\"1202\" data-end=\"1392\">Este libro se desarrolla en los siguientes cap\u00edtulos:<br data-start=\"1255\" data-end=\"1258\" \/>Aquel tiempo, el primero<br data-start=\"1282\" data-end=\"1285\" \/>Tatuajes de pu\u00f1al<br data-start=\"1302\" data-end=\"1305\" \/>El tiempo marginal<br data-start=\"1323\" data-end=\"1326\" \/>Desde el frente local<br data-start=\"1347\" data-end=\"1350\" \/>Los damnificados<br data-start=\"1366\" data-end=\"1369\" \/>Manifiesto Caribe Pop<\/p>\n","protected":false},"featured_media":8330,"comment_status":"open","ping_status":"closed","template":"","meta":{"_monsterinsights_skip_tracking":false,"_monsterinsights_sitenote_active":false,"_monsterinsights_sitenote_note":"","_monsterinsights_sitenote_category":0,"_uf_show_specific_survey":0,"_uf_disable_surveys":false},"product_cat":[58,30],"product_tag":[],"_links":{"self":[{"href":"https:\/\/insertapr.com\/index.php?rest_route=\/wp\/v2\/product\/8329"}],"collection":[{"href":"https:\/\/insertapr.com\/index.php?rest_route=\/wp\/v2\/product"}],"about":[{"href":"https:\/\/insertapr.com\/index.php?rest_route=\/wp\/v2\/types\/product"}],"replies":[{"embeddable":true,"href":"https:\/\/insertapr.com\/index.php?rest_route=%2Fwp%2Fv2%2Fcomments&post=8329"}],"wp:featuredmedia":[{"embeddable":true,"href":"https:\/\/insertapr.com\/index.php?rest_route=\/wp\/v2\/media\/8330"}],"wp:attachment":[{"href":"https:\/\/insertapr.com\/index.php?rest_route=%2Fwp%2Fv2%2Fmedia&parent=8329"}],"wp:term":[{"taxonomy":"product_cat","embeddable":true,"href":"https:\/\/insertapr.com\/index.php?rest_route=%2Fwp%2Fv2%2Fproduct_cat&post=8329"},{"taxonomy":"product_tag","embeddable":true,"href":"https:\/\/insertapr.com\/index.php?rest_route=%2Fwp%2Fv2%2Fproduct_tag&post=8329"}],"curies":[{"name":"wp","href":"https:\/\/api.w.org\/{rel}","templated":true}]}}