{"id":8327,"date":"2026-05-06T17:35:23","date_gmt":"2026-05-06T21:35:23","guid":{"rendered":"https:\/\/insertapr.com\/?post_type=product&#038;p=8327"},"modified":"2026-05-06T17:35:25","modified_gmt":"2026-05-06T21:35:25","slug":"saturnario","status":"publish","type":"product","link":"https:\/\/insertapr.com\/?product=saturnario","title":{"rendered":"Saturnario"},"content":{"rendered":"","protected":false},"excerpt":{"rendered":"<p>Experimenta un viaje inesperado por el lado s\u00f3rdido del Caribe. Explora aquellos lugares que no ver\u00e1s en las gu\u00edas de turistas, los rincones secretos donde los tours prepagados no te llevar\u00e1n. Rey And\u00fajar dibuja un cuadro de melancol\u00eda, tristeza, confusi\u00f3n, exploraci\u00f3n, y venganza. Todo esto ante la cortina de una regi\u00f3n con gente que forcejea y lucha contra la modernidad. &#8220;El sadismo y experimentaci\u00f3n literario de Rey And\u00fajar crea una experiencia def\u00edcil, desgarradora, y al final de cuentas, imparable&#8221;. -Andrew Hertzberg &#8220;Sus acentos entran en \u00e1ngulo oblicuo, inesperado, como la voz de Thelonious Monk o un fraseo del pianista cubano Rub\u00e9n Gonz\u00e1lez&#8221;. -Edgardo Rodr\u00edguez Juli\u00e1<\/p>\n","protected":false},"featured_media":8328,"comment_status":"open","ping_status":"closed","template":"","meta":{"_monsterinsights_skip_tracking":false,"_monsterinsights_sitenote_active":false,"_monsterinsights_sitenote_note":"","_monsterinsights_sitenote_category":0,"_uf_show_specific_survey":0,"_uf_disable_surveys":false},"product_cat":[58,30],"product_tag":[],"_links":{"self":[{"href":"https:\/\/insertapr.com\/index.php?rest_route=\/wp\/v2\/product\/8327"}],"collection":[{"href":"https:\/\/insertapr.com\/index.php?rest_route=\/wp\/v2\/product"}],"about":[{"href":"https:\/\/insertapr.com\/index.php?rest_route=\/wp\/v2\/types\/product"}],"replies":[{"embeddable":true,"href":"https:\/\/insertapr.com\/index.php?rest_route=%2Fwp%2Fv2%2Fcomments&post=8327"}],"wp:featuredmedia":[{"embeddable":true,"href":"https:\/\/insertapr.com\/index.php?rest_route=\/wp\/v2\/media\/8328"}],"wp:attachment":[{"href":"https:\/\/insertapr.com\/index.php?rest_route=%2Fwp%2Fv2%2Fmedia&parent=8327"}],"wp:term":[{"taxonomy":"product_cat","embeddable":true,"href":"https:\/\/insertapr.com\/index.php?rest_route=%2Fwp%2Fv2%2Fproduct_cat&post=8327"},{"taxonomy":"product_tag","embeddable":true,"href":"https:\/\/insertapr.com\/index.php?rest_route=%2Fwp%2Fv2%2Fproduct_tag&post=8327"}],"curies":[{"name":"wp","href":"https:\/\/api.w.org\/{rel}","templated":true}]}}