{"id":8323,"date":"2026-05-06T17:32:16","date_gmt":"2026-05-06T21:32:16","guid":{"rendered":"https:\/\/insertapr.com\/?post_type=product&#038;p=8323"},"modified":"2026-05-06T17:32:17","modified_gmt":"2026-05-06T21:32:17","slug":"los-gestos-inutiles","status":"publish","type":"product","link":"https:\/\/insertapr.com\/?product=los-gestos-inutiles","title":{"rendered":"Los gestos in\u00fatiles"},"content":{"rendered":"","protected":false},"excerpt":{"rendered":"<p>Premio Latinoamericano de Novela Alba de Narrativa, 2015 &#8220;Los gestos in\u00fatiles es mucho m\u00e1s que una novela coherente con el esp\u00edritu de nuestros tiempos, pues no solo persigue el&#8221;entretenimiento&#8221; del lector, sino tambi\u00e9n su reflexi\u00f3n. La novela exige una participaci\u00f3n activa de sus lectores, quienes deber\u00e1n, como un detective m\u00e1s, reconstruir las pistas que la historia va dejando a su paso. En ello, el fino humor de And\u00fajar ser\u00e1 pieza clave, pues bajo la burla, bajo la risa, como predicaba el italiano Luigi Pirandello, subyace siempre la cr\u00edtica. La imagen &#8220;ideal&#8221;, &#8220;arm\u00f3nica&#8221; y &#8220;feliz&#8221; de Rep\u00fablica Dominicana, ser\u00e1 desdibujada por la iron\u00eda de And\u00fajar, y ceder\u00e1 paso a un retrato invadido por la corrupci\u00f3n&#8221;. Adriana Rodr\u00edguez Alfonso, Universidad de Salamanca.<\/p>\n","protected":false},"featured_media":8324,"comment_status":"open","ping_status":"closed","template":"","meta":{"_monsterinsights_skip_tracking":false,"_monsterinsights_sitenote_active":false,"_monsterinsights_sitenote_note":"","_monsterinsights_sitenote_category":0,"_uf_show_specific_survey":0,"_uf_disable_surveys":false},"product_cat":[32,30],"product_tag":[],"_links":{"self":[{"href":"https:\/\/insertapr.com\/index.php?rest_route=\/wp\/v2\/product\/8323"}],"collection":[{"href":"https:\/\/insertapr.com\/index.php?rest_route=\/wp\/v2\/product"}],"about":[{"href":"https:\/\/insertapr.com\/index.php?rest_route=\/wp\/v2\/types\/product"}],"replies":[{"embeddable":true,"href":"https:\/\/insertapr.com\/index.php?rest_route=%2Fwp%2Fv2%2Fcomments&post=8323"}],"wp:featuredmedia":[{"embeddable":true,"href":"https:\/\/insertapr.com\/index.php?rest_route=\/wp\/v2\/media\/8324"}],"wp:attachment":[{"href":"https:\/\/insertapr.com\/index.php?rest_route=%2Fwp%2Fv2%2Fmedia&parent=8323"}],"wp:term":[{"taxonomy":"product_cat","embeddable":true,"href":"https:\/\/insertapr.com\/index.php?rest_route=%2Fwp%2Fv2%2Fproduct_cat&post=8323"},{"taxonomy":"product_tag","embeddable":true,"href":"https:\/\/insertapr.com\/index.php?rest_route=%2Fwp%2Fv2%2Fproduct_tag&post=8323"}],"curies":[{"name":"wp","href":"https:\/\/api.w.org\/{rel}","templated":true}]}}