{"id":8319,"date":"2026-05-06T16:57:35","date_gmt":"2026-05-06T20:57:35","guid":{"rendered":"https:\/\/insertapr.com\/?post_type=product&#038;p=8319"},"modified":"2026-05-06T16:57:36","modified_gmt":"2026-05-06T20:57:36","slug":"universidad-sorrowsong-1-nightshade","status":"publish","type":"product","link":"https:\/\/insertapr.com\/?product=universidad-sorrowsong-1-nightshade","title":{"rendered":"UNIVERSIDAD SORROWSONG 1 NIGHTSHADE"},"content":{"rendered":"","protected":false},"excerpt":{"rendered":"<p data-start=\"64\" data-end=\"130\">Por fin en espa\u00f1ol el <em data-start=\"86\" data-end=\"101\">dark academia<\/em> que arrasa en todo el mundo.<\/p>\n<p data-start=\"132\" data-end=\"212\">\u00c9l quemar\u00eda el mundo por ella. Ella est\u00e1 dispuesta a reducir el de \u00e9l a cenizas.<\/p>\n<p data-start=\"214\" data-end=\"282\">Ophelia busca venganza, y lo \u00faltimo que espera encontrar es el amor.<\/p>\n<p data-start=\"284\" data-end=\"554\">Aislada en Escocia, la Universidad Sorrowsong solo acepta a estudiantes de las familias m\u00e1s poderosas. Ophelia no encaja, pero una beca le brinda la oportunidad perfecta para investigar la supuesta muerte accidental de sus padres, ocurrida a\u00f1os atr\u00e1s en ese mismo lugar.<\/p>\n<p data-start=\"556\" data-end=\"923\">Las cosas se complican cuando conoce al enigm\u00e1tico Alex Corbeau-Green, hijo de su principal sospechoso. Para ella, \u00e9l no es m\u00e1s que una versi\u00f3n m\u00e1s joven de su padre multimillonario: un monstruo oculto tras una apariencia encantadora. Pero, a medida que va descubriendo el coraz\u00f3n sensible que se oculta bajo su fr\u00eda coraza, su sed de venganza comienza a tambalearse.<\/p>\n<p data-start=\"925\" data-end=\"1081\">Atormentada por un acosador y cada vez m\u00e1s unida a Alex, Ophelia deber\u00e1 tomar una decisi\u00f3n. \u00bfQu\u00e9 es m\u00e1s importante? \u00bfHacer justicia o escuchar a su coraz\u00f3n?<\/p>\n<p data-start=\"1083\" data-end=\"1305\">\u00abInmensamente divertida y sexy: todo lo que me encanta de un <em data-start=\"1144\" data-end=\"1159\">dark academia<\/em>. \u00a1<span class=\"hover:entity-accent entity-underline inline cursor-pointer align-baseline\"><span class=\"whitespace-normal\">Autumn Woods<\/span><\/span> ha escrito una obra ganadora!\u00bb, <span class=\"hover:entity-accent entity-underline inline cursor-pointer align-baseline\"><span class=\"whitespace-normal\">Ali Hazelwood<\/span><\/span>, autora de <em data-start=\"1281\" data-end=\"1304\">La hip\u00f3tesis del amor<\/em>.<\/p>\n","protected":false},"featured_media":8320,"comment_status":"open","ping_status":"closed","template":"","meta":{"_monsterinsights_skip_tracking":false,"_monsterinsights_sitenote_active":false,"_monsterinsights_sitenote_note":"","_monsterinsights_sitenote_category":0,"_uf_show_specific_survey":0,"_uf_disable_surveys":false},"product_cat":[58,30],"product_tag":[],"_links":{"self":[{"href":"https:\/\/insertapr.com\/index.php?rest_route=\/wp\/v2\/product\/8319"}],"collection":[{"href":"https:\/\/insertapr.com\/index.php?rest_route=\/wp\/v2\/product"}],"about":[{"href":"https:\/\/insertapr.com\/index.php?rest_route=\/wp\/v2\/types\/product"}],"replies":[{"embeddable":true,"href":"https:\/\/insertapr.com\/index.php?rest_route=%2Fwp%2Fv2%2Fcomments&post=8319"}],"wp:featuredmedia":[{"embeddable":true,"href":"https:\/\/insertapr.com\/index.php?rest_route=\/wp\/v2\/media\/8320"}],"wp:attachment":[{"href":"https:\/\/insertapr.com\/index.php?rest_route=%2Fwp%2Fv2%2Fmedia&parent=8319"}],"wp:term":[{"taxonomy":"product_cat","embeddable":true,"href":"https:\/\/insertapr.com\/index.php?rest_route=%2Fwp%2Fv2%2Fproduct_cat&post=8319"},{"taxonomy":"product_tag","embeddable":true,"href":"https:\/\/insertapr.com\/index.php?rest_route=%2Fwp%2Fv2%2Fproduct_tag&post=8319"}],"curies":[{"name":"wp","href":"https:\/\/api.w.org\/{rel}","templated":true}]}}