{"id":8316,"date":"2026-05-06T16:54:59","date_gmt":"2026-05-06T20:54:59","guid":{"rendered":"https:\/\/insertapr.com\/?post_type=product&#038;p=8316"},"modified":"2026-05-06T16:55:00","modified_gmt":"2026-05-06T20:55:00","slug":"una-vida-sin-salud-mental-2","status":"publish","type":"product","link":"https:\/\/insertapr.com\/?product=una-vida-sin-salud-mental-2","title":{"rendered":"UNA VIDA SIN SALUD MENTAL"},"content":{"rendered":"","protected":false},"excerpt":{"rendered":"<p data-start=\"64\" data-end=\"763\"><em data-start=\"64\" data-end=\"91\">Una vida sin salud mental<\/em> es un libro con escritos muy \u00edntimos de la autora. Trata varias enfermedades mentales como la depresi\u00f3n, la ansiedad no adaptativa y la anorexia, un trastorno de la conducta alimentaria. No es una obra positivista y quiz\u00e1 tampoco esperanzadora, pero es un libro que muestra lo real y lo duro que es pasar por estas enfermedades y no ver la salida. Es un libro con el que definitivamente te sentir\u00e1s identificado si est\u00e1s pasando o has pasado por lo mismo. Y esa era la verdadera intenci\u00f3n de Alba: que pudieses leerlo y no te sintieras sola, pero tambi\u00e9n que pudieses ver la importancia de pedir ayuda a tiempo, aunque en ese momento ya sientas que no hay nada que hacer.<\/p>\n","protected":false},"featured_media":8317,"comment_status":"open","ping_status":"closed","template":"","meta":{"_monsterinsights_skip_tracking":false,"_monsterinsights_sitenote_active":false,"_monsterinsights_sitenote_note":"","_monsterinsights_sitenote_category":0,"_uf_show_specific_survey":0,"_uf_disable_surveys":false},"product_cat":[30,135],"product_tag":[],"_links":{"self":[{"href":"https:\/\/insertapr.com\/index.php?rest_route=\/wp\/v2\/product\/8316"}],"collection":[{"href":"https:\/\/insertapr.com\/index.php?rest_route=\/wp\/v2\/product"}],"about":[{"href":"https:\/\/insertapr.com\/index.php?rest_route=\/wp\/v2\/types\/product"}],"replies":[{"embeddable":true,"href":"https:\/\/insertapr.com\/index.php?rest_route=%2Fwp%2Fv2%2Fcomments&post=8316"}],"wp:featuredmedia":[{"embeddable":true,"href":"https:\/\/insertapr.com\/index.php?rest_route=\/wp\/v2\/media\/8317"}],"wp:attachment":[{"href":"https:\/\/insertapr.com\/index.php?rest_route=%2Fwp%2Fv2%2Fmedia&parent=8316"}],"wp:term":[{"taxonomy":"product_cat","embeddable":true,"href":"https:\/\/insertapr.com\/index.php?rest_route=%2Fwp%2Fv2%2Fproduct_cat&post=8316"},{"taxonomy":"product_tag","embeddable":true,"href":"https:\/\/insertapr.com\/index.php?rest_route=%2Fwp%2Fv2%2Fproduct_tag&post=8316"}],"curies":[{"name":"wp","href":"https:\/\/api.w.org\/{rel}","templated":true}]}}