{"id":8314,"date":"2026-05-06T16:52:32","date_gmt":"2026-05-06T20:52:32","guid":{"rendered":"https:\/\/insertapr.com\/?post_type=product&#038;p=8314"},"modified":"2026-05-06T16:52:34","modified_gmt":"2026-05-06T20:52:34","slug":"una-nina-buena","status":"publish","type":"product","link":"https:\/\/insertapr.com\/?product=una-nina-buena","title":{"rendered":"UNA NI\u00d1A BUENA"},"content":{"rendered":"","protected":false},"excerpt":{"rendered":"<p data-start=\"64\" data-end=\"240\">Despu\u00e9s de vender m\u00e1s de 5.000.000 de ejemplares, la escritora <span class=\"hover:entity-accent entity-underline inline cursor-pointer align-baseline\"><span class=\"whitespace-normal\">El\u00edsabet Benavent<\/span><\/span> regresa con una novela que reivindica el amor propio como opci\u00f3n necesaria.<\/p>\n<p data-start=\"242\" data-end=\"290\">Las peque\u00f1as revoluciones empiezan con un libro.<\/p>\n<p data-start=\"292\" data-end=\"512\">J\u00falia Casanovas trabaja en un bar de tapas de Barcelona. Hace ya una d\u00e9cada fue una actriz de \u00e9xito, pero su naturaleza complaciente la llev\u00f3 a aceptar un papel que hizo a\u00f1icos su amor por la interpretaci\u00f3n y su carrera.<\/p>\n<p data-start=\"514\" data-end=\"659\">Sin embargo, todo cambiar\u00e1 cuando un desconocido aparezca en el local en el que trabaja con un mensaje bastante cr\u00edptico: \u00abCreo que te necesito\u00bb.<\/p>\n<p data-start=\"661\" data-end=\"917\">J\u00falia ha de tomar la decisi\u00f3n de arriesgarse, ocultarle a su controladora madre que est\u00e1 a punto de lanzar de nuevo los dados y dejarse guiar por su instinto. Lo que desconoce es que, adem\u00e1s, ese golpe sobre la mesa abrir\u00e1 el caj\u00f3n de los amores olvidados.<\/p>\n","protected":false},"featured_media":8315,"comment_status":"open","ping_status":"closed","template":"","meta":{"_monsterinsights_skip_tracking":false,"_monsterinsights_sitenote_active":false,"_monsterinsights_sitenote_note":"","_monsterinsights_sitenote_category":0,"_uf_show_specific_survey":0,"_uf_disable_surveys":false},"product_cat":[30,25],"product_tag":[],"_links":{"self":[{"href":"https:\/\/insertapr.com\/index.php?rest_route=\/wp\/v2\/product\/8314"}],"collection":[{"href":"https:\/\/insertapr.com\/index.php?rest_route=\/wp\/v2\/product"}],"about":[{"href":"https:\/\/insertapr.com\/index.php?rest_route=\/wp\/v2\/types\/product"}],"replies":[{"embeddable":true,"href":"https:\/\/insertapr.com\/index.php?rest_route=%2Fwp%2Fv2%2Fcomments&post=8314"}],"wp:featuredmedia":[{"embeddable":true,"href":"https:\/\/insertapr.com\/index.php?rest_route=\/wp\/v2\/media\/8315"}],"wp:attachment":[{"href":"https:\/\/insertapr.com\/index.php?rest_route=%2Fwp%2Fv2%2Fmedia&parent=8314"}],"wp:term":[{"taxonomy":"product_cat","embeddable":true,"href":"https:\/\/insertapr.com\/index.php?rest_route=%2Fwp%2Fv2%2Fproduct_cat&post=8314"},{"taxonomy":"product_tag","embeddable":true,"href":"https:\/\/insertapr.com\/index.php?rest_route=%2Fwp%2Fv2%2Fproduct_tag&post=8314"}],"curies":[{"name":"wp","href":"https:\/\/api.w.org\/{rel}","templated":true}]}}