{"id":8310,"date":"2026-05-06T16:48:18","date_gmt":"2026-05-06T20:48:18","guid":{"rendered":"https:\/\/insertapr.com\/?post_type=product&#038;p=8310"},"modified":"2026-05-06T16:48:20","modified_gmt":"2026-05-06T20:48:20","slug":"sonetos-del-amor-oscuro","status":"publish","type":"product","link":"https:\/\/insertapr.com\/?product=sonetos-del-amor-oscuro","title":{"rendered":"SONETOS DEL AMOR OSCURO"},"content":{"rendered":"","protected":false},"excerpt":{"rendered":"<p data-start=\"64\" data-end=\"341\">Entre 1935 y 1936, <span class=\"hover:entity-accent entity-underline inline cursor-pointer align-baseline\"><span class=\"whitespace-normal\">Federico Garc\u00eda Lorca<\/span><\/span> escribi\u00f3 once sonetos de amor que formaban un ciclo bien definido, aunque trunco. Segu\u00eda una tendencia de los a\u00f1os 30, la vuelta a la estrofa como ejercicio de dominio po\u00e9tico, compatible y simult\u00e1nea con el verso libre.<\/p>\n<p data-start=\"343\" data-end=\"383\">Poemas reunidos por primera vez en 1983.<\/p>\n","protected":false},"featured_media":8311,"comment_status":"open","ping_status":"closed","template":"","meta":{"_monsterinsights_skip_tracking":false,"_monsterinsights_sitenote_active":false,"_monsterinsights_sitenote_note":"","_monsterinsights_sitenote_category":0,"_uf_show_specific_survey":0,"_uf_disable_surveys":false},"product_cat":[146,30,135],"product_tag":[],"_links":{"self":[{"href":"https:\/\/insertapr.com\/index.php?rest_route=\/wp\/v2\/product\/8310"}],"collection":[{"href":"https:\/\/insertapr.com\/index.php?rest_route=\/wp\/v2\/product"}],"about":[{"href":"https:\/\/insertapr.com\/index.php?rest_route=\/wp\/v2\/types\/product"}],"replies":[{"embeddable":true,"href":"https:\/\/insertapr.com\/index.php?rest_route=%2Fwp%2Fv2%2Fcomments&post=8310"}],"wp:featuredmedia":[{"embeddable":true,"href":"https:\/\/insertapr.com\/index.php?rest_route=\/wp\/v2\/media\/8311"}],"wp:attachment":[{"href":"https:\/\/insertapr.com\/index.php?rest_route=%2Fwp%2Fv2%2Fmedia&parent=8310"}],"wp:term":[{"taxonomy":"product_cat","embeddable":true,"href":"https:\/\/insertapr.com\/index.php?rest_route=%2Fwp%2Fv2%2Fproduct_cat&post=8310"},{"taxonomy":"product_tag","embeddable":true,"href":"https:\/\/insertapr.com\/index.php?rest_route=%2Fwp%2Fv2%2Fproduct_tag&post=8310"}],"curies":[{"name":"wp","href":"https:\/\/api.w.org\/{rel}","templated":true}]}}