{"id":8309,"date":"2026-05-06T16:45:40","date_gmt":"2026-05-06T20:45:40","guid":{"rendered":"https:\/\/insertapr.com\/?post_type=product&#038;p=8309"},"modified":"2026-05-06T17:39:22","modified_gmt":"2026-05-06T21:39:22","slug":"en-su-propia-liga","status":"publish","type":"product","link":"https:\/\/insertapr.com\/?product=en-su-propia-liga","title":{"rendered":"EN SU PROPIA LIGA"},"content":{"rendered":"","protected":false},"excerpt":{"rendered":"<p data-start=\"0\" data-end=\"72\">\u00c9l est\u00e1 acostumbrado a ser el jefe. Pero ella juega en su propia liga&#8230;<\/p>\n<p data-start=\"74\" data-end=\"539\">Como primera mujer propietaria de un equipo de las Grandes Ligas de B\u00e9isbol, Reese Remington ha dedicado toda su vida a prepararse para este papel. Con una mente aguda y a\u00f1os de experiencia trabajando entre bastidores, est\u00e1 m\u00e1s que cualificada. Pero el p\u00fablico solo ve a una mujer en un mundo de hombres, no a la persona que se ha ganado un lugar en el campo. Bajo el escrutinio constante y la presi\u00f3n de demostrar su val\u00eda, Reese no puede permitirse distracciones.<\/p>\n<p data-start=\"541\" data-end=\"652\">Especialmente una que viene en forma del tentador m\u00e1nager del equipo, que cuestiona cada una de sus decisiones.<\/p>\n<p data-start=\"654\" data-end=\"1247\">Emmett Montgomery es un exjugador estrella convertido en entrenador que trata a sus jugadores como si fueran su familia y el campo como su hogar. Despu\u00e9s de a\u00f1os dirigiendo el equipo a &#8220;su&#8221; manera, lo \u00faltimo que quiere es una nueva jefa, y mucho menos una que parece fr\u00eda como el hielo y centrada exclusivamente en los negocios. Pero, cuando se ven obligados a pasar largas horas y demasiados partidos fuera de casa codo con codo, empieza a ver el fuego que se esconde bajo el control de Reese, el coraz\u00f3n que hay detr\u00e1s de su ambici\u00f3n y su inquebrantable determinaci\u00f3n por demostrar su val\u00eda.<\/p>\n<p data-start=\"1249\" data-end=\"1589\">Cuando las acaloradas bromas se convierten en una qu\u00edmica ardiente, los l\u00edmites profesionales se difuminan y la chispa entre ellos se vuelve imposible de resistir. Pero Reese recuerda constantemente cu\u00e1nta gente est\u00e1 esperando que fracase, y lo m\u00e1s seguro es mantener a Emmett a distancia, por el bien del equipo, la temporada y su carrera.<\/p>\n<p data-start=\"1591\" data-end=\"1682\">Sin embargo, mantener la distancia es un juego que ninguno de los dos parece poder ganar&#8230;<\/p>\n","protected":false},"featured_media":8331,"comment_status":"open","ping_status":"closed","template":"","meta":{"_monsterinsights_skip_tracking":false,"_monsterinsights_sitenote_active":false,"_monsterinsights_sitenote_note":"","_monsterinsights_sitenote_category":0,"_uf_show_specific_survey":0,"_uf_disable_surveys":false},"product_cat":[30,25],"product_tag":[],"_links":{"self":[{"href":"https:\/\/insertapr.com\/index.php?rest_route=\/wp\/v2\/product\/8309"}],"collection":[{"href":"https:\/\/insertapr.com\/index.php?rest_route=\/wp\/v2\/product"}],"about":[{"href":"https:\/\/insertapr.com\/index.php?rest_route=\/wp\/v2\/types\/product"}],"replies":[{"embeddable":true,"href":"https:\/\/insertapr.com\/index.php?rest_route=%2Fwp%2Fv2%2Fcomments&post=8309"}],"wp:featuredmedia":[{"embeddable":true,"href":"https:\/\/insertapr.com\/index.php?rest_route=\/wp\/v2\/media\/8331"}],"wp:attachment":[{"href":"https:\/\/insertapr.com\/index.php?rest_route=%2Fwp%2Fv2%2Fmedia&parent=8309"}],"wp:term":[{"taxonomy":"product_cat","embeddable":true,"href":"https:\/\/insertapr.com\/index.php?rest_route=%2Fwp%2Fv2%2Fproduct_cat&post=8309"},{"taxonomy":"product_tag","embeddable":true,"href":"https:\/\/insertapr.com\/index.php?rest_route=%2Fwp%2Fv2%2Fproduct_tag&post=8309"}],"curies":[{"name":"wp","href":"https:\/\/api.w.org\/{rel}","templated":true}]}}