{"id":8307,"date":"2026-05-06T16:44:04","date_gmt":"2026-05-06T20:44:04","guid":{"rendered":"https:\/\/insertapr.com\/?post_type=product&#038;p=8307"},"modified":"2026-05-06T16:44:05","modified_gmt":"2026-05-06T20:44:05","slug":"perdon-a-la-lluvia","status":"publish","type":"product","link":"https:\/\/insertapr.com\/?product=perdon-a-la-lluvia","title":{"rendered":"PERDON A LA LLUVIA"},"content":{"rendered":"","protected":false},"excerpt":{"rendered":"<p><em data-start=\"64\" data-end=\"84\">Perd\u00f3n a la lluvia<\/em> es un conjunto de tormentas que no supimos navegar. Un viaje por todos los naufragios, por todo lo mal entendido. Una vuelta al dolor en brazos de la nostalgia. Un intento de convertir los recuerdos en alas, y que dejen de ser cadenas. Un paso atr\u00e1s para recuperar lo que es valioso y qued\u00f3 perdido en la huida, y tambi\u00e9n para sanar lo que un d\u00eda no supimos c\u00f3mo. En estas p\u00e1ginas, los lectores se asomar\u00e1n a un cuidado cuaderno de notas \u00edntimas, acompa\u00f1adas de frases manuscritas y dibujos originales de la propia <span class=\"hover:entity-accent entity-underline inline cursor-pointer align-baseline\"><span class=\"whitespace-normal\">Sara B\u00faho<\/span><\/span>. Al igual que en sus anteriores poemarios, y en palabras de <span class=\"hover:entity-accent entity-underline inline cursor-pointer align-baseline\"><span class=\"whitespace-normal\">Gioconda Belli<\/span><\/span>, \u00abpermanecer\u00e1n sus versos rond\u00e1ndote mientras vuelan fr\u00e1giles, pero contundentes frente a tus ojos\u00bb.<\/p>\n","protected":false},"featured_media":8308,"comment_status":"open","ping_status":"closed","template":"","meta":{"_monsterinsights_skip_tracking":false,"_monsterinsights_sitenote_active":false,"_monsterinsights_sitenote_note":"","_monsterinsights_sitenote_category":0,"_uf_show_specific_survey":0,"_uf_disable_surveys":false},"product_cat":[30,135],"product_tag":[],"_links":{"self":[{"href":"https:\/\/insertapr.com\/index.php?rest_route=\/wp\/v2\/product\/8307"}],"collection":[{"href":"https:\/\/insertapr.com\/index.php?rest_route=\/wp\/v2\/product"}],"about":[{"href":"https:\/\/insertapr.com\/index.php?rest_route=\/wp\/v2\/types\/product"}],"replies":[{"embeddable":true,"href":"https:\/\/insertapr.com\/index.php?rest_route=%2Fwp%2Fv2%2Fcomments&post=8307"}],"wp:featuredmedia":[{"embeddable":true,"href":"https:\/\/insertapr.com\/index.php?rest_route=\/wp\/v2\/media\/8308"}],"wp:attachment":[{"href":"https:\/\/insertapr.com\/index.php?rest_route=%2Fwp%2Fv2%2Fmedia&parent=8307"}],"wp:term":[{"taxonomy":"product_cat","embeddable":true,"href":"https:\/\/insertapr.com\/index.php?rest_route=%2Fwp%2Fv2%2Fproduct_cat&post=8307"},{"taxonomy":"product_tag","embeddable":true,"href":"https:\/\/insertapr.com\/index.php?rest_route=%2Fwp%2Fv2%2Fproduct_tag&post=8307"}],"curies":[{"name":"wp","href":"https:\/\/api.w.org\/{rel}","templated":true}]}}