{"id":8301,"date":"2026-05-06T16:31:17","date_gmt":"2026-05-06T20:31:17","guid":{"rendered":"https:\/\/insertapr.com\/?post_type=product&#038;p=8301"},"modified":"2026-05-06T16:31:18","modified_gmt":"2026-05-06T20:31:18","slug":"nocticadia-2","status":"publish","type":"product","link":"https:\/\/insertapr.com\/?product=nocticadia-2","title":{"rendered":"NOCTICADIA"},"content":{"rendered":"","protected":false},"excerpt":{"rendered":"<p data-start=\"64\" data-end=\"119\">MORTUI VIVOS DOCENT.<br data-start=\"84\" data-end=\"87\" \/>LOS MUERTOS ENSE\u00d1AN A LOS VIVOS.<\/p>\n<p data-start=\"121\" data-end=\"238\">Un <em data-start=\"124\" data-end=\"139\">dark academia<\/em> oscuro y atmosf\u00e9rico, lleno de secretos mortales y amor prohibido, que ha revolucionado las redes.<\/p>\n<p data-start=\"240\" data-end=\"270\"><em data-start=\"240\" data-end=\"270\"><strong data-start=\"241\" data-end=\"269\">Primera edici\u00f3n limitada<\/strong><\/em><\/p>\n<p data-start=\"272\" data-end=\"431\">Despu\u00e9s de ver a mi madre sucumbir a una misteriosa enfermedad, me promet\u00ed dos cosas: que encontrar\u00eda la cura y que no volver\u00eda a la ciudad en la que la perd\u00ed.<\/p>\n<p data-start=\"433\" data-end=\"637\">Cuatro a\u00f1os despu\u00e9s, me admiten en la Universidad de Dracadia, una de las m\u00e1s antiguas y prestigiosas del pa\u00eds, aunque se rumorea que est\u00e1 plagada de las almas de los enfermos exiliados all\u00ed siglos atr\u00e1s.<\/p>\n<p data-start=\"639\" data-end=\"981\">Sin embargo, su infamia no es lo m\u00e1s oscuro de la instituci\u00f3n. Devryck Bramwell, conocido en el campus como el Doctor Muerte, es un brillante pat\u00f3logo a cargo del laboratorio nocturno. Aunque parece detestar a los tenaces estudiantes de primer a\u00f1o como yo, su mirada oscura y enigm\u00e1tica me dice que me devorar\u00eda a la m\u00e1s m\u00ednima oportunidad&#8230;<\/p>\n<p data-start=\"983\" data-end=\"1048\">Ans\u00edo su autoridad. \u00c9l, la redenci\u00f3n. Y juntos somos puro veneno.<\/p>\n<p data-start=\"1050\" data-end=\"1175\">Los muertos tienen mucho que ense\u00f1arnos, y solo es cuesti\u00f3n de tiempo hasta que el secreto m\u00e1s corrupto de Dracadia resucite.<\/p>\n<p data-start=\"1177\" data-end=\"1196\">Aqu\u00ed encontrar\u00e1s:<\/p>\n<ul data-start=\"1197\" data-end=\"1279\">\n<li data-section-id=\"qbzdh0\" data-start=\"1197\" data-end=\"1214\">Dark academia<\/li>\n<li data-section-id=\"10k8dwy\" data-start=\"1215\" data-end=\"1233\">Amor prohibido<\/li>\n<li data-section-id=\"1fu6iq5\" data-start=\"1234\" data-end=\"1255\">Profesor x alumna<\/li>\n<li data-section-id=\"1eczwjz\" data-start=\"1256\" data-end=\"1279\">Sociedades secretas<\/li>\n<\/ul>\n","protected":false},"featured_media":8302,"comment_status":"open","ping_status":"closed","template":"","meta":{"_monsterinsights_skip_tracking":false,"_monsterinsights_sitenote_active":false,"_monsterinsights_sitenote_note":"","_monsterinsights_sitenote_category":0,"_uf_show_specific_survey":0,"_uf_disable_surveys":false},"product_cat":[30,25],"product_tag":[],"_links":{"self":[{"href":"https:\/\/insertapr.com\/index.php?rest_route=\/wp\/v2\/product\/8301"}],"collection":[{"href":"https:\/\/insertapr.com\/index.php?rest_route=\/wp\/v2\/product"}],"about":[{"href":"https:\/\/insertapr.com\/index.php?rest_route=\/wp\/v2\/types\/product"}],"replies":[{"embeddable":true,"href":"https:\/\/insertapr.com\/index.php?rest_route=%2Fwp%2Fv2%2Fcomments&post=8301"}],"wp:featuredmedia":[{"embeddable":true,"href":"https:\/\/insertapr.com\/index.php?rest_route=\/wp\/v2\/media\/8302"}],"wp:attachment":[{"href":"https:\/\/insertapr.com\/index.php?rest_route=%2Fwp%2Fv2%2Fmedia&parent=8301"}],"wp:term":[{"taxonomy":"product_cat","embeddable":true,"href":"https:\/\/insertapr.com\/index.php?rest_route=%2Fwp%2Fv2%2Fproduct_cat&post=8301"},{"taxonomy":"product_tag","embeddable":true,"href":"https:\/\/insertapr.com\/index.php?rest_route=%2Fwp%2Fv2%2Fproduct_tag&post=8301"}],"curies":[{"name":"wp","href":"https:\/\/api.w.org\/{rel}","templated":true}]}}