{"id":8296,"date":"2026-05-06T16:25:28","date_gmt":"2026-05-06T20:25:28","guid":{"rendered":"https:\/\/insertapr.com\/?post_type=product&#038;p=8296"},"modified":"2026-05-06T16:25:29","modified_gmt":"2026-05-06T20:25:29","slug":"mientras-los-limoneros-crezcan","status":"publish","type":"product","link":"https:\/\/insertapr.com\/?product=mientras-los-limoneros-crezcan","title":{"rendered":"MIENTRAS LOS LIMONEROS CREZCAN"},"content":{"rendered":"","protected":false},"excerpt":{"rendered":"<p data-start=\"64\" data-end=\"303\"><span class=\"hover:entity-accent entity-underline inline cursor-pointer align-baseline\"><span class=\"whitespace-normal\">Salama Kassab<\/span><\/span> era una estudiante de farmacia cuando empezaron a estallar los gritos de libertad en Siria. Todav\u00eda ten\u00eda a sus padres y a su hermano mayor; todav\u00eda ten\u00eda su casa. Ten\u00eda una vida de adolescente normal.<\/p>\n<p data-start=\"305\" data-end=\"748\">Ahora, Salama trabaja como voluntaria en un hospital de Homs, ayudando a los heridos que atraviesan sus puertas a diario. Sin embargo, en secreto, est\u00e1 desesperada por encontrar una forma de salir de su querido pa\u00eds antes de que su cu\u00f1ada, Layla, d\u00e9 a luz. Tan desesperada que ha manifestado una encarnaci\u00f3n f\u00edsica de su miedo en forma de su compa\u00f1ero imaginario Khawf, que la persigue en cada movimiento en un esfuerzo por mantenerla a salvo.<\/p>\n<p data-start=\"750\" data-end=\"1169\">Pero incluso con Khawf presion\u00e1ndola para que se vaya, Salama se debate entre la lealtad a su pa\u00eds y su convicci\u00f3n de sobrevivir. Salama debe enfrentarse a las balas y las bombas, a los asaltos militares y a su cambiante sentido de la moralidad antes de poder vivir por fin en libertad. Y, cuando menos se lo espera, se cruza con un chico que lo cambia todo y las dudas la invaden de nuevo. \u00bfDeber\u00eda abandonar su hogar?<\/p>\n<p data-start=\"1171\" data-end=\"1304\">Pronto, Salama deber\u00e1 aprender a ver los acontecimientos que la rodean como lo que realmente son: no una guerra, sino una revoluci\u00f3n.<\/p>\n","protected":false},"featured_media":8297,"comment_status":"open","ping_status":"closed","template":"","meta":{"_monsterinsights_skip_tracking":false,"_monsterinsights_sitenote_active":false,"_monsterinsights_sitenote_note":"","_monsterinsights_sitenote_category":0,"_uf_show_specific_survey":0,"_uf_disable_surveys":false},"product_cat":[58,30],"product_tag":[],"_links":{"self":[{"href":"https:\/\/insertapr.com\/index.php?rest_route=\/wp\/v2\/product\/8296"}],"collection":[{"href":"https:\/\/insertapr.com\/index.php?rest_route=\/wp\/v2\/product"}],"about":[{"href":"https:\/\/insertapr.com\/index.php?rest_route=\/wp\/v2\/types\/product"}],"replies":[{"embeddable":true,"href":"https:\/\/insertapr.com\/index.php?rest_route=%2Fwp%2Fv2%2Fcomments&post=8296"}],"wp:featuredmedia":[{"embeddable":true,"href":"https:\/\/insertapr.com\/index.php?rest_route=\/wp\/v2\/media\/8297"}],"wp:attachment":[{"href":"https:\/\/insertapr.com\/index.php?rest_route=%2Fwp%2Fv2%2Fmedia&parent=8296"}],"wp:term":[{"taxonomy":"product_cat","embeddable":true,"href":"https:\/\/insertapr.com\/index.php?rest_route=%2Fwp%2Fv2%2Fproduct_cat&post=8296"},{"taxonomy":"product_tag","embeddable":true,"href":"https:\/\/insertapr.com\/index.php?rest_route=%2Fwp%2Fv2%2Fproduct_tag&post=8296"}],"curies":[{"name":"wp","href":"https:\/\/api.w.org\/{rel}","templated":true}]}}