{"id":8294,"date":"2026-05-06T16:23:16","date_gmt":"2026-05-06T20:23:16","guid":{"rendered":"https:\/\/insertapr.com\/?post_type=product&#038;p=8294"},"modified":"2026-05-06T16:23:17","modified_gmt":"2026-05-06T20:23:17","slug":"melodia-de-medianoche","status":"publish","type":"product","link":"https:\/\/insertapr.com\/?product=melodia-de-medianoche","title":{"rendered":"MELODIA DE MEDIANOCHE"},"content":{"rendered":"","protected":false},"excerpt":{"rendered":"<p data-start=\"64\" data-end=\"176\">Cuando el ruido se apaga, el coraz\u00f3n encuentra su propia canci\u00f3n y, en ocasiones, tambi\u00e9n con qui\u00e9n compartirla.<\/p>\n<p data-start=\"178\" data-end=\"548\">Olivia Smith lo ten\u00eda todo: \u00e9xito, una banda con proyecci\u00f3n y los mejores compa\u00f1eros de carrera. Pero un suceso inesperado lo cambi\u00f3 todo. Ahora la fama y los titulares sensacionalistas solo consiguen recordarle lo mucho que ha perdido. Agotada por el dolor y el peso de la industria, decide pasar el verano en un peque\u00f1o pueblo de Suiza, para as\u00ed alejarse de los focos.<\/p>\n<p data-start=\"550\" data-end=\"931\">Jack Evans lleva a\u00f1os intentando dejar atr\u00e1s su propio pasado. Solitario, lector incansable y guitarrista de una banda independiente, ha construido un refugio lejos del caos de Nueva York. Lo que no espera es que Olivia, una extra\u00f1a con demasiados secretos y una sonrisa que esconde cicatrices, irrumpa en su vida. Ni mucho menos que el destino los convierta en compa\u00f1eros de piso.<\/p>\n<p data-start=\"933\" data-end=\"1022\">A medida que las notas decoran el silencio entre ellos, la conexi\u00f3n se vuelve inevitable.<\/p>\n<p data-start=\"1024\" data-end=\"1134\">Sin embargo, mientras la m\u00fasica los une a fuego lento, son sus propios miedos los que amenazan con separarlos.<\/p>\n<p data-start=\"1136\" data-end=\"1225\">\u00bfPodr\u00e1n desafiar el tempo del destino o acabar\u00e1n convirti\u00e9ndose en una melod\u00eda inacabada?<\/p>\n<p data-start=\"1227\" data-end=\"1403\">\u00abUna historia preciosa de amor y m\u00fasica. La dulzura y la sensibilidad de <span class=\"hover:entity-accent entity-underline inline cursor-pointer align-baseline\"><span class=\"whitespace-normal\">Mar\u00eda Vaquero<\/span><\/span> siempre llegan al coraz\u00f3n\u00bb. <span class=\"hover:entity-accent entity-underline inline cursor-pointer align-baseline\"><span class=\"whitespace-normal\">Andrea Longarela<\/span><\/span><\/p>\n<p data-start=\"1405\" data-end=\"1576\">Romance slow burn<br data-start=\"1422\" data-end=\"1425\" \/>Strangers to friends to lovers<br data-start=\"1455\" data-end=\"1458\" \/>Proximidad forzada<br data-start=\"1476\" data-end=\"1479\" \/>Persona correcta en momento equivocado<br data-start=\"1517\" data-end=\"1520\" \/>Bajo el mismo techo<br data-start=\"1539\" data-end=\"1542\" \/>Small town<br data-start=\"1552\" data-end=\"1555\" \/>\u00c9l se enamora primero<\/p>\n","protected":false},"featured_media":8295,"comment_status":"open","ping_status":"closed","template":"","meta":{"_monsterinsights_skip_tracking":false,"_monsterinsights_sitenote_active":false,"_monsterinsights_sitenote_note":"","_monsterinsights_sitenote_category":0,"_uf_show_specific_survey":0,"_uf_disable_surveys":false},"product_cat":[30,25],"product_tag":[],"_links":{"self":[{"href":"https:\/\/insertapr.com\/index.php?rest_route=\/wp\/v2\/product\/8294"}],"collection":[{"href":"https:\/\/insertapr.com\/index.php?rest_route=\/wp\/v2\/product"}],"about":[{"href":"https:\/\/insertapr.com\/index.php?rest_route=\/wp\/v2\/types\/product"}],"replies":[{"embeddable":true,"href":"https:\/\/insertapr.com\/index.php?rest_route=%2Fwp%2Fv2%2Fcomments&post=8294"}],"wp:featuredmedia":[{"embeddable":true,"href":"https:\/\/insertapr.com\/index.php?rest_route=\/wp\/v2\/media\/8295"}],"wp:attachment":[{"href":"https:\/\/insertapr.com\/index.php?rest_route=%2Fwp%2Fv2%2Fmedia&parent=8294"}],"wp:term":[{"taxonomy":"product_cat","embeddable":true,"href":"https:\/\/insertapr.com\/index.php?rest_route=%2Fwp%2Fv2%2Fproduct_cat&post=8294"},{"taxonomy":"product_tag","embeddable":true,"href":"https:\/\/insertapr.com\/index.php?rest_route=%2Fwp%2Fv2%2Fproduct_tag&post=8294"}],"curies":[{"name":"wp","href":"https:\/\/api.w.org\/{rel}","templated":true}]}}