{"id":8292,"date":"2026-05-06T16:19:56","date_gmt":"2026-05-06T20:19:56","guid":{"rendered":"https:\/\/insertapr.com\/?post_type=product&#038;p=8292"},"modified":"2026-05-06T16:19:57","modified_gmt":"2026-05-06T20:19:57","slug":"mareas-quebradas","status":"publish","type":"product","link":"https:\/\/insertapr.com\/?product=mareas-quebradas","title":{"rendered":"MAREAS QUEBRADAS"},"content":{"rendered":"","protected":false},"excerpt":{"rendered":"<p>Con Milo atrapado en el pasado, Katrina y Bellamy deben unir fuerzas para encontrar al se\u00f1or de la pirater\u00eda Bastian Drake, que puede tener la clave para volver en el tiempo o, al menos, una pista sobre la legendaria diosa del mar que puede hacerlo. Pero todo se complica cuando la madre de Katrina empieza a descubrir su lado de sirena y aparece de improviso en Constantine. Mientras tanto, Milo busca sin descanso en los mares una forma de volver al presente con Katrina, enfrent\u00e1ndose a un viejo enemigo por el camino. Para sobrevivir, debe aceptar su nueva vida como exitoso capit\u00e1n y el pirata que siempre jur\u00f3 que nunca ser\u00eda. Pero, a medida que Bellamy se pregunta si ha sido tra\u00eddo de vuelta con un prop\u00f3sito mayor, viejos deseos y heridas comienzan a resurgir. Mientras \u00e9l, Katrina y Milo cruzan oc\u00e9anos para reunirse, las leyendas y las tradiciones se hacen realidad en una batalla final por el destino del mar y de sus corazones.<\/p>\n","protected":false},"featured_media":8293,"comment_status":"open","ping_status":"closed","template":"","meta":{"_monsterinsights_skip_tracking":false,"_monsterinsights_sitenote_active":false,"_monsterinsights_sitenote_note":"","_monsterinsights_sitenote_category":0,"_uf_show_specific_survey":0,"_uf_disable_surveys":false},"product_cat":[46,30],"product_tag":[],"_links":{"self":[{"href":"https:\/\/insertapr.com\/index.php?rest_route=\/wp\/v2\/product\/8292"}],"collection":[{"href":"https:\/\/insertapr.com\/index.php?rest_route=\/wp\/v2\/product"}],"about":[{"href":"https:\/\/insertapr.com\/index.php?rest_route=\/wp\/v2\/types\/product"}],"replies":[{"embeddable":true,"href":"https:\/\/insertapr.com\/index.php?rest_route=%2Fwp%2Fv2%2Fcomments&post=8292"}],"wp:featuredmedia":[{"embeddable":true,"href":"https:\/\/insertapr.com\/index.php?rest_route=\/wp\/v2\/media\/8293"}],"wp:attachment":[{"href":"https:\/\/insertapr.com\/index.php?rest_route=%2Fwp%2Fv2%2Fmedia&parent=8292"}],"wp:term":[{"taxonomy":"product_cat","embeddable":true,"href":"https:\/\/insertapr.com\/index.php?rest_route=%2Fwp%2Fv2%2Fproduct_cat&post=8292"},{"taxonomy":"product_tag","embeddable":true,"href":"https:\/\/insertapr.com\/index.php?rest_route=%2Fwp%2Fv2%2Fproduct_tag&post=8292"}],"curies":[{"name":"wp","href":"https:\/\/api.w.org\/{rel}","templated":true}]}}