{"id":8288,"date":"2026-05-06T15:57:21","date_gmt":"2026-05-06T19:57:21","guid":{"rendered":"https:\/\/insertapr.com\/?post_type=product&#038;p=8288"},"modified":"2026-05-06T15:57:22","modified_gmt":"2026-05-06T19:57:22","slug":"la-ultima-migracion","status":"publish","type":"product","link":"https:\/\/insertapr.com\/?product=la-ultima-migracion","title":{"rendered":"LA ULTIMA MIGRACION"},"content":{"rendered":"","protected":false},"excerpt":{"rendered":"<p data-start=\"64\" data-end=\"207\">Mejor libro del a\u00f1o seg\u00fan la revista <span class=\"hover:entity-accent entity-underline inline cursor-pointer align-baseline\"><span class=\"whitespace-normal\">TIME<\/span><\/span>, m\u00e1s de 175.000 ejemplares vendidos. Una adictiva ficci\u00f3n dist\u00f3pica.<\/p>\n<p data-start=\"209\" data-end=\"840\">Franny Stone es el tipo de mujer incapaz de comprometerse. Sin embargo, cuando la naturaleza que adora comienza a desaparecer, no puede seguir por el mundo sin un destino. Dejando todo atr\u00e1s, llega a Groenlandia para seguir a los \u00faltimos charranes \u00e1rticos del mundo en su migraci\u00f3n final hacia la Ant\u00e1rtida. Convence a Ennis Malone, capit\u00e1n del <em data-start=\"554\" data-end=\"563\">Saghani<\/em>, de que la acepte a bordo con la promesa de que las aves los llevar\u00e1n a un sitio de pesca. Pero, a medida que la historia de Franny comienza a desvelarse \u2014una apasionada relaci\u00f3n amorosa, una familia ausente y un crimen devastador\u2014, queda claro que est\u00e1 persiguiendo algo m\u00e1s.<\/p>\n<p data-start=\"842\" data-end=\"1003\"><em data-start=\"842\" data-end=\"863\">La \u00faltima migraci\u00f3n<\/em> es una novela fascinante sobre la capacidad de perdonarse, la resiliencia y la posibilidad de esperanza ante un mundo al borde del colapso.<\/p>\n<p data-start=\"1005\" data-end=\"1153\">La cr\u00edtica ha dicho:<br data-start=\"1025\" data-end=\"1028\" \/>\u00abVisceral e inquietante [&#8230;]. Una obra de ficci\u00f3n clim\u00e1tica de primera categor\u00eda\u00bb.<br data-start=\"1111\" data-end=\"1114\" \/><em data-start=\"1114\" data-end=\"1153\"><span class=\"hover:entity-accent entity-underline inline cursor-pointer align-baseline\"><span class=\"whitespace-normal\">The New York Times Book Review<\/span><\/span><\/em><\/p>\n<p data-start=\"1155\" data-end=\"1311\">\u00abEmocionante&#8230; Al comprender c\u00f3mo la naturaleza puede curarnos, McConaghy subraya por qu\u00e9 es urgente protegerla\u00bb.<br data-start=\"1269\" data-end=\"1272\" \/><em data-start=\"1272\" data-end=\"1311\"><span class=\"hover:entity-accent entity-underline inline cursor-pointer align-baseline\"><span class=\"whitespace-normal\">TIME<\/span><\/span><\/em><\/p>\n<p data-start=\"1313\" data-end=\"1643\">\u00abUn libro doloroso y conmovedor, que resulta muy oportuno [&#8230;]. Sobre el amor, sobre tratar de entender y aceptar la criatura que existe dentro de nosotros mismos y lo que significa ser un animal humano, para que podamos adaptar mejor nuestra propia naturaleza salvaje dentro del mundo\u00bb.<br data-start=\"1601\" data-end=\"1604\" \/><em data-start=\"1604\" data-end=\"1643\"><span class=\"hover:entity-accent entity-underline inline cursor-pointer align-baseline\"><span class=\"whitespace-normal\">The Guardian<\/span><\/span><\/em><\/p>\n<p data-start=\"1645\" data-end=\"1722\">\u00abUna epopeya tentadoramente bella\u00bb.<br data-start=\"1680\" data-end=\"1683\" \/><em data-start=\"1683\" data-end=\"1722\"><span class=\"hover:entity-accent entity-underline inline cursor-pointer align-baseline\"><span class=\"whitespace-normal\">Elle<\/span><\/span><\/em><\/p>\n<p data-start=\"1724\" data-end=\"2041\">\u00abUn fascinante h\u00edbrido de escritura sobre la naturaleza y ficci\u00f3n dist\u00f3pica [&#8230;]. Apasionante. [&#8230;] Al fusionar ficci\u00f3n clim\u00e1tica y escritura sobre la naturaleza, la novela demuestra poderosamente los costes espirituales y emocionales de la destrucci\u00f3n del medio ambiente\u00bb.<br data-start=\"1999\" data-end=\"2002\" \/><em data-start=\"2002\" data-end=\"2041\"><span class=\"hover:entity-accent entity-underline inline cursor-pointer align-baseline\"><span class=\"whitespace-normal\">The Economist<\/span><\/span><\/em><\/p>\n","protected":false},"featured_media":8289,"comment_status":"open","ping_status":"closed","template":"","meta":{"_monsterinsights_skip_tracking":false,"_monsterinsights_sitenote_active":false,"_monsterinsights_sitenote_note":"","_monsterinsights_sitenote_category":0,"_uf_show_specific_survey":0,"_uf_disable_surveys":false},"product_cat":[58,30],"product_tag":[],"_links":{"self":[{"href":"https:\/\/insertapr.com\/index.php?rest_route=\/wp\/v2\/product\/8288"}],"collection":[{"href":"https:\/\/insertapr.com\/index.php?rest_route=\/wp\/v2\/product"}],"about":[{"href":"https:\/\/insertapr.com\/index.php?rest_route=\/wp\/v2\/types\/product"}],"replies":[{"embeddable":true,"href":"https:\/\/insertapr.com\/index.php?rest_route=%2Fwp%2Fv2%2Fcomments&post=8288"}],"wp:featuredmedia":[{"embeddable":true,"href":"https:\/\/insertapr.com\/index.php?rest_route=\/wp\/v2\/media\/8289"}],"wp:attachment":[{"href":"https:\/\/insertapr.com\/index.php?rest_route=%2Fwp%2Fv2%2Fmedia&parent=8288"}],"wp:term":[{"taxonomy":"product_cat","embeddable":true,"href":"https:\/\/insertapr.com\/index.php?rest_route=%2Fwp%2Fv2%2Fproduct_cat&post=8288"},{"taxonomy":"product_tag","embeddable":true,"href":"https:\/\/insertapr.com\/index.php?rest_route=%2Fwp%2Fv2%2Fproduct_tag&post=8288"}],"curies":[{"name":"wp","href":"https:\/\/api.w.org\/{rel}","templated":true}]}}