{"id":8286,"date":"2026-05-06T15:55:00","date_gmt":"2026-05-06T19:55:00","guid":{"rendered":"https:\/\/insertapr.com\/?post_type=product&#038;p=8286"},"modified":"2026-05-06T15:55:01","modified_gmt":"2026-05-06T19:55:01","slug":"la-sombra-del-loto-negro","status":"publish","type":"product","link":"https:\/\/insertapr.com\/?product=la-sombra-del-loto-negro","title":{"rendered":"LA SOMBRA DEL LOTO NEGRO"},"content":{"rendered":"","protected":false},"excerpt":{"rendered":"<p><strong>Novela galardonada con el prestigioso Premio Minotauro<\/strong><\/p>\n<p>\u00abEl Nilo que nos alimentaba, nos nutr\u00eda y nos abastec\u00eda se ha vuelto en contra de sus propios hijos. Ahora somos sus par\u00e1sitos. Ahora somos sus presas\u00bb.<\/p>\n<p>La embalsamadora Imet ha jurado ante los dioses cumplir una venganza. Para ello, viajar\u00e1 a Waset, Ciudad de las Cien Puertas y capital del Ta-Mri, decidida a infiltrarse en la corte del fara\u00f3n Nekht-en-sen.<\/p>\n<p>Pero los secretos que oculta el coraz\u00f3n del Nilo no s\u00f3lo har\u00e1n temblar los cimientos de un imperio. La tierra se pudre, llegan las plagas, el agua alberga horrores innombrables. Y la clave de todo parece encontrarse m\u00e1s all\u00e1 de la tierra de los vivos, en las profundidades del Inframundo.<\/p>\n<p>El t\u00edtulo galardonado narra una historia de fantas\u00eda mitol\u00f3gica \u00e9pica y oscura localizada en un Egipto reinventado, donde una sacerdotisa de la diosa Isis ca\u00edda en desgracia se infiltra en el coraz\u00f3n del imperio para vengar a los muertos\u2026 y desafiar a los dioses. Se trata de una historia de ca\u00edda, rabia y redenci\u00f3n en un mundo donde los dioses caminan entre los hombres, los muertos emergen del r\u00edo&#8230; y una mujer sin nada que perder decide cambiar el destino del mundo con sus propias manos.<\/p>\n<p>\u00c1frica V\u00e1zquez aporta una nueva hero\u00edna a las ya creadas por maestras como Ursula K. Le Guin en <strong><em>Las Tumbas de Atuan<\/em><\/strong> o Madeleine Miller en <strong><em>Circe<\/em><\/strong>. <strong><em>La sombra del loto negro<\/em><\/strong> ser\u00e1 a la mitolog\u00eda egipcia lo que <strong><em>Circe<\/em><\/strong>ha sido a Grecia y Roma.<\/p>\n","protected":false},"featured_media":8287,"comment_status":"open","ping_status":"closed","template":"","meta":{"_monsterinsights_skip_tracking":false,"_monsterinsights_sitenote_active":false,"_monsterinsights_sitenote_note":"","_monsterinsights_sitenote_category":0,"_uf_show_specific_survey":0,"_uf_disable_surveys":false},"product_cat":[46,30],"product_tag":[],"_links":{"self":[{"href":"https:\/\/insertapr.com\/index.php?rest_route=\/wp\/v2\/product\/8286"}],"collection":[{"href":"https:\/\/insertapr.com\/index.php?rest_route=\/wp\/v2\/product"}],"about":[{"href":"https:\/\/insertapr.com\/index.php?rest_route=\/wp\/v2\/types\/product"}],"replies":[{"embeddable":true,"href":"https:\/\/insertapr.com\/index.php?rest_route=%2Fwp%2Fv2%2Fcomments&post=8286"}],"wp:featuredmedia":[{"embeddable":true,"href":"https:\/\/insertapr.com\/index.php?rest_route=\/wp\/v2\/media\/8287"}],"wp:attachment":[{"href":"https:\/\/insertapr.com\/index.php?rest_route=%2Fwp%2Fv2%2Fmedia&parent=8286"}],"wp:term":[{"taxonomy":"product_cat","embeddable":true,"href":"https:\/\/insertapr.com\/index.php?rest_route=%2Fwp%2Fv2%2Fproduct_cat&post=8286"},{"taxonomy":"product_tag","embeddable":true,"href":"https:\/\/insertapr.com\/index.php?rest_route=%2Fwp%2Fv2%2Fproduct_tag&post=8286"}],"curies":[{"name":"wp","href":"https:\/\/api.w.org\/{rel}","templated":true}]}}