{"id":8284,"date":"2026-05-06T15:52:00","date_gmt":"2026-05-06T19:52:00","guid":{"rendered":"https:\/\/insertapr.com\/?post_type=product&#038;p=8284"},"modified":"2026-05-06T15:52:01","modified_gmt":"2026-05-06T19:52:01","slug":"la-maternidad-real-en-versos-y-chorradas","status":"publish","type":"product","link":"https:\/\/insertapr.com\/?product=la-maternidad-real-en-versos-y-chorradas","title":{"rendered":"LA MATERNIDAD REAL EN VERSOS Y CHORRADAS"},"content":{"rendered":"","protected":false},"excerpt":{"rendered":"<p data-start=\"61\" data-end=\"526\">Este no es solo un libro de versos y chorradas, \u00a1sorpresa! Es algo m\u00e1s gordo. Es la experiencia, las emociones, la voz \u2014incluso alg\u00fan grito desesperado\u2014 de todas aquellas mujeres que, de repente, un d\u00eda, se convirtieron en madres \u2014o no\u2014 y lo fliparon en colores. Porque la maternidad est\u00e1 llena de rosa, de brilli-brilli, \u00a1de magia!, pero tambi\u00e9n de una amplia paleta de grises hasta llegar al negro. Y, a veces, descubrirlo es como una bofetada inesperada, \u00a1zasca!<\/p>\n<p data-start=\"528\" data-end=\"753\">Si sabes a lo que me refiero, es que t\u00fa tambi\u00e9n eres una de nosotras. \u00c1brelo, l\u00e9elo, r\u00ede, llora, suspira, vuelve a re\u00edr y recuerda que no est\u00e1s sola: todas estamos tan jodidas \u2014y felices\u2014 como t\u00fa. Welcome to the jungle, mami.<\/p>\n","protected":false},"featured_media":8285,"comment_status":"open","ping_status":"closed","template":"","meta":{"_monsterinsights_skip_tracking":false,"_monsterinsights_sitenote_active":false,"_monsterinsights_sitenote_note":"","_monsterinsights_sitenote_category":0,"_uf_show_specific_survey":0,"_uf_disable_surveys":false},"product_cat":[149,30,135],"product_tag":[],"_links":{"self":[{"href":"https:\/\/insertapr.com\/index.php?rest_route=\/wp\/v2\/product\/8284"}],"collection":[{"href":"https:\/\/insertapr.com\/index.php?rest_route=\/wp\/v2\/product"}],"about":[{"href":"https:\/\/insertapr.com\/index.php?rest_route=\/wp\/v2\/types\/product"}],"replies":[{"embeddable":true,"href":"https:\/\/insertapr.com\/index.php?rest_route=%2Fwp%2Fv2%2Fcomments&post=8284"}],"wp:featuredmedia":[{"embeddable":true,"href":"https:\/\/insertapr.com\/index.php?rest_route=\/wp\/v2\/media\/8285"}],"wp:attachment":[{"href":"https:\/\/insertapr.com\/index.php?rest_route=%2Fwp%2Fv2%2Fmedia&parent=8284"}],"wp:term":[{"taxonomy":"product_cat","embeddable":true,"href":"https:\/\/insertapr.com\/index.php?rest_route=%2Fwp%2Fv2%2Fproduct_cat&post=8284"},{"taxonomy":"product_tag","embeddable":true,"href":"https:\/\/insertapr.com\/index.php?rest_route=%2Fwp%2Fv2%2Fproduct_tag&post=8284"}],"curies":[{"name":"wp","href":"https:\/\/api.w.org\/{rel}","templated":true}]}}