{"id":8281,"date":"2026-05-06T15:48:09","date_gmt":"2026-05-06T19:48:09","guid":{"rendered":"https:\/\/insertapr.com\/?post_type=product&#038;p=8281"},"modified":"2026-05-06T15:48:10","modified_gmt":"2026-05-06T19:48:10","slug":"la-corte-de-la-reina-vampira-2","status":"publish","type":"product","link":"https:\/\/insertapr.com\/?product=la-corte-de-la-reina-vampira-2","title":{"rendered":"LA CORTE DE LA REINA VAMPIRA"},"content":{"rendered":"","protected":false},"excerpt":{"rendered":"<p data-start=\"0\" data-end=\"95\">La historia de vampiros m\u00e1s spicy, por la autora que ha vendido m\u00e1s de 2.000.000 de ejemplares.<\/p>\n<p data-start=\"97\" data-end=\"423\">Mina solo quer\u00eda escapar del control de su padre. Mitad humana, mitad vampira, ha vivido eternamente dividida entre dos mundos, sin disfrutar plenamente de los placeres de ninguno, hasta que su padre decidi\u00f3 usarla como pieza clave en su \u00faltima estratagema pol\u00edtica, entreg\u00e1ndola al oscuro, peligroso y atractivo Malachi Zion.<\/p>\n<p data-start=\"425\" data-end=\"905\">Malachi no es un vampiro con el que se pueda jugar. Gobierna con mano de hierro y tiene una reputaci\u00f3n que lo precede por sus oscuros pecados. Pero cuanto m\u00e1s tiempo pasa Mina con \u00e9l, m\u00e1s se da cuenta de que no es el monstruo que imaginaba. A medida que el miedo se transforma en deseo, luego en confianza y, finalmente, en algo m\u00e1s, Malachi le muestra a Mina un mundo que nunca imagin\u00f3 que podr\u00eda ser suyo, incluido el amor de los dos amigos y compa\u00f1eros m\u00e1s cercanos de Malachi.<\/p>\n<p data-start=\"907\" data-end=\"1087\">Ahora, rodeada de los tres hombres y siendo el centro de su mundo, Mina tendr\u00e1 la fuerza para enfrentarse a su padre y reclamar la vida (y la corona) que por derecho le pertenecen.<\/p>\n<p data-start=\"1089\" data-end=\"1120\">Arrod\u00edllaos ante vuestra reina.<\/p>\n<p data-start=\"1122\" data-end=\"1162\">Advertencia: incluye contenido sensible.<\/p>\n","protected":false},"featured_media":8282,"comment_status":"open","ping_status":"closed","template":"","meta":{"_monsterinsights_skip_tracking":false,"_monsterinsights_sitenote_active":false,"_monsterinsights_sitenote_note":"","_monsterinsights_sitenote_category":0,"_uf_show_specific_survey":0,"_uf_disable_surveys":false},"product_cat":[46,30],"product_tag":[],"_links":{"self":[{"href":"https:\/\/insertapr.com\/index.php?rest_route=\/wp\/v2\/product\/8281"}],"collection":[{"href":"https:\/\/insertapr.com\/index.php?rest_route=\/wp\/v2\/product"}],"about":[{"href":"https:\/\/insertapr.com\/index.php?rest_route=\/wp\/v2\/types\/product"}],"replies":[{"embeddable":true,"href":"https:\/\/insertapr.com\/index.php?rest_route=%2Fwp%2Fv2%2Fcomments&post=8281"}],"wp:featuredmedia":[{"embeddable":true,"href":"https:\/\/insertapr.com\/index.php?rest_route=\/wp\/v2\/media\/8282"}],"wp:attachment":[{"href":"https:\/\/insertapr.com\/index.php?rest_route=%2Fwp%2Fv2%2Fmedia&parent=8281"}],"wp:term":[{"taxonomy":"product_cat","embeddable":true,"href":"https:\/\/insertapr.com\/index.php?rest_route=%2Fwp%2Fv2%2Fproduct_cat&post=8281"},{"taxonomy":"product_tag","embeddable":true,"href":"https:\/\/insertapr.com\/index.php?rest_route=%2Fwp%2Fv2%2Fproduct_tag&post=8281"}],"curies":[{"name":"wp","href":"https:\/\/api.w.org\/{rel}","templated":true}]}}