{"id":8279,"date":"2026-05-06T15:45:29","date_gmt":"2026-05-06T19:45:29","guid":{"rendered":"https:\/\/insertapr.com\/?post_type=product&#038;p=8279"},"modified":"2026-05-06T15:45:30","modified_gmt":"2026-05-06T19:45:30","slug":"kpop-demon-hunters-la-novela-oficial","status":"publish","type":"product","link":"https:\/\/insertapr.com\/?product=kpop-demon-hunters-la-novela-oficial","title":{"rendered":"KPOP DEMON HUNTERS LA NOVELA OFICIAL"},"content":{"rendered":"","protected":false},"excerpt":{"rendered":"<p data-start=\"64\" data-end=\"298\">La novelizaci\u00f3n oficial de <em data-start=\"91\" data-end=\"111\">KPop Demon Hunters<\/em>, el fen\u00f3meno mundial de Netflix: una nueva forma de vivir la historia, con portada brillante y 16 p\u00e1ginas de ilustraciones a todo color.<\/p>\n<p data-start=\"300\" data-end=\"891\">Acompa\u00f1a a Rumi, Mira y Zoey, el grupo femenino de fama mundial HUNTR\/X, mientras llenan estadios en sus conciertos y mantienen el mundo a salvo de los poderosos monstruos que lo han amenazado durante siglos. Dotadas de superpoderes gracias al canto y el baile, deber\u00e1n enfrentarse a su enemigo m\u00e1s feroz hasta la fecha: los Saja Boys, una exasperantemente adorable boy band de demonios disfrazados. Esta novelizaci\u00f3n oficial de lujo revive su aventura e incluye diecis\u00e9is p\u00e1ginas a todo color con im\u00e1genes de la exitosa pel\u00edcula de Netflix.<\/p>\n<p data-start=\"893\" data-end=\"925\">\u00bfQU\u00c9 TIENE <em data-start=\"904\" data-end=\"924\">KPOP DEMON HUNTERS<\/em>?<\/p>\n<p data-start=\"927\" data-end=\"1097\">\u2022 M\u00e1s de 325 millones de visualizaciones en 90 d\u00edas, convirti\u00e9ndose en el estreno m\u00e1s visto en la historia de Netflix.<\/p>\n<p data-start=\"1099\" data-end=\"1167\">\u2022 10 semanas consecutivas en el puesto #1 global de la plataforma.<\/p>\n<p data-start=\"1169\" data-end=\"1296\">\u2022 La banda sonora acumula m\u00e1s de 100 millones de oyentes mensuales, convirti\u00e9ndose en el segundo disco m\u00e1s escuchado de 2025.<\/p>\n<p data-start=\"1298\" data-end=\"1431\">\u2022 La canci\u00f3n &#8220;Golden&#8221; ha superado los 1350 millones de reproducciones en Spotify.<\/p>\n<p data-start=\"1433\" data-end=\"1511\">\u2022 Globo de Oro a la mejor pel\u00edcula de animaci\u00f3n y a la mejor canci\u00f3n original.<\/p>\n","protected":false},"featured_media":8280,"comment_status":"open","ping_status":"closed","template":"","meta":{"_monsterinsights_skip_tracking":false,"_monsterinsights_sitenote_active":false,"_monsterinsights_sitenote_note":"","_monsterinsights_sitenote_category":0,"_uf_show_specific_survey":0,"_uf_disable_surveys":false},"product_cat":[149,129,30],"product_tag":[],"_links":{"self":[{"href":"https:\/\/insertapr.com\/index.php?rest_route=\/wp\/v2\/product\/8279"}],"collection":[{"href":"https:\/\/insertapr.com\/index.php?rest_route=\/wp\/v2\/product"}],"about":[{"href":"https:\/\/insertapr.com\/index.php?rest_route=\/wp\/v2\/types\/product"}],"replies":[{"embeddable":true,"href":"https:\/\/insertapr.com\/index.php?rest_route=%2Fwp%2Fv2%2Fcomments&post=8279"}],"wp:featuredmedia":[{"embeddable":true,"href":"https:\/\/insertapr.com\/index.php?rest_route=\/wp\/v2\/media\/8280"}],"wp:attachment":[{"href":"https:\/\/insertapr.com\/index.php?rest_route=%2Fwp%2Fv2%2Fmedia&parent=8279"}],"wp:term":[{"taxonomy":"product_cat","embeddable":true,"href":"https:\/\/insertapr.com\/index.php?rest_route=%2Fwp%2Fv2%2Fproduct_cat&post=8279"},{"taxonomy":"product_tag","embeddable":true,"href":"https:\/\/insertapr.com\/index.php?rest_route=%2Fwp%2Fv2%2Fproduct_tag&post=8279"}],"curies":[{"name":"wp","href":"https:\/\/api.w.org\/{rel}","templated":true}]}}