{"id":8273,"date":"2026-05-06T15:28:11","date_gmt":"2026-05-06T19:28:11","guid":{"rendered":"https:\/\/insertapr.com\/?post_type=product&#038;p=8273"},"modified":"2026-05-06T15:28:12","modified_gmt":"2026-05-06T19:28:12","slug":"el-club-del-olvido-edicion-especial","status":"publish","type":"product","link":"https:\/\/insertapr.com\/?product=el-club-del-olvido-edicion-especial","title":{"rendered":"EL CLUB DEL OLVIDO EDICION ESPECIAL"},"content":{"rendered":"","protected":false},"excerpt":{"rendered":"<p data-start=\"62\" data-end=\"122\">\u00abLo que pasa en <em data-start=\"78\" data-end=\"98\">El Club del Olvido<\/em> se queda en el olvido\u00bb.<\/p>\n<p data-start=\"124\" data-end=\"180\"><strong data-start=\"124\" data-end=\"180\">EDICI\u00d3N ESPECIAL EN TAPA DURA Y CON CANTOS DECORADOS<\/strong><\/p>\n<p data-start=\"182\" data-end=\"227\">\u00c9rase una vez una historia de amor y amistad.<\/p>\n<p data-start=\"229\" data-end=\"270\">Sobre cuatro chicos que estaban perdidos.<\/p>\n<p data-start=\"272\" data-end=\"300\">Y la chica que los encontr\u00f3.<\/p>\n<p data-start=\"302\" data-end=\"919\">Samuel, Abel, Max y Trist\u00e1n pasaron su infancia en el mismo barrio humilde de la ciudad. Y ahora, juntos, deciden abrir un local de copas: <em data-start=\"441\" data-end=\"461\">El Club del Olvido<\/em>. La noche de la inauguraci\u00f3n no resulta ser como ninguno de ellos esperaba; al menos, hasta que Dalia cruza la puerta del club. La joven, que ha crecido entre algodones, aparece en sus vidas para no marcharse, y ninguno logra permanecer indiferente a su peculiar encanto. Entre noches gloriosas, brillos, c\u00f3cteles y m\u00fasica, las peque\u00f1as grietas abren viejas heridas y los silencios terminan por convertirse en secretos que podr\u00edan arrastrarlos al naufragio.<\/p>\n<p data-start=\"921\" data-end=\"1157\">La nueva novela de <span class=\"hover:entity-accent entity-underline inline cursor-pointer align-baseline\"><span class=\"whitespace-normal\">Alice Kellen<\/span><\/span>, autora de libros ya inolvidables como <em data-start=\"1017\" data-end=\"1038\">Nosotros en la luna<\/em>, <em data-start=\"1040\" data-end=\"1066\">Todo lo que nunca fuimos<\/em> o <em data-start=\"1069\" data-end=\"1093\">El mapa de los anhelos<\/em>, que ha enamorado a m\u00e1s de tres millones de lectores en Espa\u00f1a.<\/p>\n","protected":false},"featured_media":8274,"comment_status":"open","ping_status":"closed","template":"","meta":{"_monsterinsights_skip_tracking":false,"_monsterinsights_sitenote_active":false,"_monsterinsights_sitenote_note":"","_monsterinsights_sitenote_category":0,"_uf_show_specific_survey":0,"_uf_disable_surveys":false},"product_cat":[30,25],"product_tag":[],"_links":{"self":[{"href":"https:\/\/insertapr.com\/index.php?rest_route=\/wp\/v2\/product\/8273"}],"collection":[{"href":"https:\/\/insertapr.com\/index.php?rest_route=\/wp\/v2\/product"}],"about":[{"href":"https:\/\/insertapr.com\/index.php?rest_route=\/wp\/v2\/types\/product"}],"replies":[{"embeddable":true,"href":"https:\/\/insertapr.com\/index.php?rest_route=%2Fwp%2Fv2%2Fcomments&post=8273"}],"wp:featuredmedia":[{"embeddable":true,"href":"https:\/\/insertapr.com\/index.php?rest_route=\/wp\/v2\/media\/8274"}],"wp:attachment":[{"href":"https:\/\/insertapr.com\/index.php?rest_route=%2Fwp%2Fv2%2Fmedia&parent=8273"}],"wp:term":[{"taxonomy":"product_cat","embeddable":true,"href":"https:\/\/insertapr.com\/index.php?rest_route=%2Fwp%2Fv2%2Fproduct_cat&post=8273"},{"taxonomy":"product_tag","embeddable":true,"href":"https:\/\/insertapr.com\/index.php?rest_route=%2Fwp%2Fv2%2Fproduct_tag&post=8273"}],"curies":[{"name":"wp","href":"https:\/\/api.w.org\/{rel}","templated":true}]}}