{"id":8271,"date":"2026-05-06T15:25:37","date_gmt":"2026-05-06T19:25:37","guid":{"rendered":"https:\/\/insertapr.com\/?post_type=product&#038;p=8271"},"modified":"2026-05-06T15:25:38","modified_gmt":"2026-05-06T19:25:38","slug":"anatomias-intimas-edicion-especial","status":"publish","type":"product","link":"https:\/\/insertapr.com\/?product=anatomias-intimas-edicion-especial","title":{"rendered":"ANATOMIAS INTIMAS EDICION ESPECIAL"},"content":{"rendered":"","protected":false},"excerpt":{"rendered":"<p>\u00ab\u00bfQu\u00e9 tal suenan las frases que nunca acab\u00e9? \u00bfQu\u00e9 palabras no llegu\u00e9 a pronunciar y se quedaron aqu\u00ed, viviendo una vida secreta e imaginaria? \u00bfDe qu\u00e9 color tienen los ojos mis sue\u00f1os? \u00bfAcaso cambian al parpadear? En tus manos est\u00e1 la entrada al mundo que hay detr\u00e1s de mis palabras, de las que nunca fueron canci\u00f3n o solamente se ordenaron para resolver un instante. As\u00ed es la anatom\u00eda de mi intimidad.\u00bb<\/p>\n","protected":false},"featured_media":8272,"comment_status":"open","ping_status":"closed","template":"","meta":{"_monsterinsights_skip_tracking":false,"_monsterinsights_sitenote_active":false,"_monsterinsights_sitenote_note":"","_monsterinsights_sitenote_category":0,"_uf_show_specific_survey":0,"_uf_disable_surveys":false},"product_cat":[30,135],"product_tag":[],"_links":{"self":[{"href":"https:\/\/insertapr.com\/index.php?rest_route=\/wp\/v2\/product\/8271"}],"collection":[{"href":"https:\/\/insertapr.com\/index.php?rest_route=\/wp\/v2\/product"}],"about":[{"href":"https:\/\/insertapr.com\/index.php?rest_route=\/wp\/v2\/types\/product"}],"replies":[{"embeddable":true,"href":"https:\/\/insertapr.com\/index.php?rest_route=%2Fwp%2Fv2%2Fcomments&post=8271"}],"wp:featuredmedia":[{"embeddable":true,"href":"https:\/\/insertapr.com\/index.php?rest_route=\/wp\/v2\/media\/8272"}],"wp:attachment":[{"href":"https:\/\/insertapr.com\/index.php?rest_route=%2Fwp%2Fv2%2Fmedia&parent=8271"}],"wp:term":[{"taxonomy":"product_cat","embeddable":true,"href":"https:\/\/insertapr.com\/index.php?rest_route=%2Fwp%2Fv2%2Fproduct_cat&post=8271"},{"taxonomy":"product_tag","embeddable":true,"href":"https:\/\/insertapr.com\/index.php?rest_route=%2Fwp%2Fv2%2Fproduct_tag&post=8271"}],"curies":[{"name":"wp","href":"https:\/\/api.w.org\/{rel}","templated":true}]}}