{"id":8269,"date":"2026-05-06T15:24:19","date_gmt":"2026-05-06T19:24:19","guid":{"rendered":"https:\/\/insertapr.com\/?post_type=product&#038;p=8269"},"modified":"2026-05-06T15:24:21","modified_gmt":"2026-05-06T19:24:21","slug":"adulta-funcional","status":"publish","type":"product","link":"https:\/\/insertapr.com\/?product=adulta-funcional","title":{"rendered":"ADULTA FUNCIONAL"},"content":{"rendered":"","protected":false},"excerpt":{"rendered":"<p>El cuerpo po\u00e9tico de <em data-start=\"84\" data-end=\"102\">Adulta funcional<\/em> es un cuerpo de frontera que habita entre lo dom\u00e9stico y lo salvaje, la juventud y la vejez, la vulnerabilidad y la fuerza, ser madre y ser hija, el amor y la soledad, la esperanza y el duelo, las lavadoras y la espiritualidad, la intimidad y la exposici\u00f3n total, los recuerdos y los horizontes, la ternura y la ira, la amistad y la ruptura, la disidencia y la risa, la ni\u00f1a reivindicada y la mujer celebrada, el orgullo y la pena, los animales y las diosas, las escritoras veneradas y la libertad literaria, la m\u00edstica y la terapia. Consciente de que todo puede ser verdad a la vez, <span class=\"hover:entity-accent entity-underline inline cursor-pointer align-baseline\"><span class=\"whitespace-normal\">Gloria Fort\u00fan<\/span><\/span>, autora del poemario <em data-start=\"746\" data-end=\"786\">Todas mis palabras son azores salvajes<\/em> y de la novela <em data-start=\"802\" data-end=\"817\">Roja catedral<\/em>, descubre en cada verso que ser una se\u00f1ora, una se\u00f1ora bollera y gorda, es llevar un fuego dentro avivado por todas sus contradicciones, sue\u00f1os y desobediencias, as\u00ed como por su voluntad en combusti\u00f3n de que el deseo siempre venza a la norma.<\/p>\n","protected":false},"featured_media":8270,"comment_status":"open","ping_status":"closed","template":"","meta":{"_monsterinsights_skip_tracking":false,"_monsterinsights_sitenote_active":false,"_monsterinsights_sitenote_note":"","_monsterinsights_sitenote_category":0,"_uf_show_specific_survey":0,"_uf_disable_surveys":false},"product_cat":[30,135],"product_tag":[],"_links":{"self":[{"href":"https:\/\/insertapr.com\/index.php?rest_route=\/wp\/v2\/product\/8269"}],"collection":[{"href":"https:\/\/insertapr.com\/index.php?rest_route=\/wp\/v2\/product"}],"about":[{"href":"https:\/\/insertapr.com\/index.php?rest_route=\/wp\/v2\/types\/product"}],"replies":[{"embeddable":true,"href":"https:\/\/insertapr.com\/index.php?rest_route=%2Fwp%2Fv2%2Fcomments&post=8269"}],"wp:featuredmedia":[{"embeddable":true,"href":"https:\/\/insertapr.com\/index.php?rest_route=\/wp\/v2\/media\/8270"}],"wp:attachment":[{"href":"https:\/\/insertapr.com\/index.php?rest_route=%2Fwp%2Fv2%2Fmedia&parent=8269"}],"wp:term":[{"taxonomy":"product_cat","embeddable":true,"href":"https:\/\/insertapr.com\/index.php?rest_route=%2Fwp%2Fv2%2Fproduct_cat&post=8269"},{"taxonomy":"product_tag","embeddable":true,"href":"https:\/\/insertapr.com\/index.php?rest_route=%2Fwp%2Fv2%2Fproduct_tag&post=8269"}],"curies":[{"name":"wp","href":"https:\/\/api.w.org\/{rel}","templated":true}]}}