{"id":8267,"date":"2026-05-06T15:22:38","date_gmt":"2026-05-06T19:22:38","guid":{"rendered":"https:\/\/insertapr.com\/?post_type=product&#038;p=8267"},"modified":"2026-05-06T15:22:39","modified_gmt":"2026-05-06T19:22:39","slug":"97-secretos-que-me-guardo-el-mar","status":"publish","type":"product","link":"https:\/\/insertapr.com\/?product=97-secretos-que-me-guardo-el-mar","title":{"rendered":"97 SECRETOS QUE ME GUARDO EL MAR"},"content":{"rendered":"","protected":false},"excerpt":{"rendered":"<p data-start=\"62\" data-end=\"392\"><em data-start=\"62\" data-end=\"96\">97 secretos que me guard\u00f3 el mar<\/em> es una obra po\u00e9tica que nace del impulso de liberar lo que durante a\u00f1os permaneci\u00f3 silenciado. <span class=\"hover:entity-accent entity-underline inline cursor-pointer align-baseline\"><span class=\"whitespace-normal\">Luc\u00eda Joya<\/span><\/span>, autora y voz protagonista, transforma el desbordamiento emocional en palabra escrita, en di\u00e1logo \u00edntimo con el mar, testigo y c\u00f3mplice de su proceso de sanaci\u00f3n.<\/p>\n<p data-start=\"394\" data-end=\"772\">A trav\u00e9s de 97 poemas, la autora aborda temas como el amor, el dolor, la justicia, la pasi\u00f3n y la superaci\u00f3n, con una voz directa y sin concesiones. Cada texto es una confesi\u00f3n, una toma de posici\u00f3n, una forma de no volver a callar. Este libro es un viaje hacia la libertad emocional, una invitaci\u00f3n a escuchar lo que el mar guarda y lo que la autora, por fin, se permite decir.<\/p>\n","protected":false},"featured_media":8268,"comment_status":"open","ping_status":"closed","template":"","meta":{"_monsterinsights_skip_tracking":false,"_monsterinsights_sitenote_active":false,"_monsterinsights_sitenote_note":"","_monsterinsights_sitenote_category":0,"_uf_show_specific_survey":0,"_uf_disable_surveys":false},"product_cat":[30,135],"product_tag":[],"_links":{"self":[{"href":"https:\/\/insertapr.com\/index.php?rest_route=\/wp\/v2\/product\/8267"}],"collection":[{"href":"https:\/\/insertapr.com\/index.php?rest_route=\/wp\/v2\/product"}],"about":[{"href":"https:\/\/insertapr.com\/index.php?rest_route=\/wp\/v2\/types\/product"}],"replies":[{"embeddable":true,"href":"https:\/\/insertapr.com\/index.php?rest_route=%2Fwp%2Fv2%2Fcomments&post=8267"}],"wp:featuredmedia":[{"embeddable":true,"href":"https:\/\/insertapr.com\/index.php?rest_route=\/wp\/v2\/media\/8268"}],"wp:attachment":[{"href":"https:\/\/insertapr.com\/index.php?rest_route=%2Fwp%2Fv2%2Fmedia&parent=8267"}],"wp:term":[{"taxonomy":"product_cat","embeddable":true,"href":"https:\/\/insertapr.com\/index.php?rest_route=%2Fwp%2Fv2%2Fproduct_cat&post=8267"},{"taxonomy":"product_tag","embeddable":true,"href":"https:\/\/insertapr.com\/index.php?rest_route=%2Fwp%2Fv2%2Fproduct_tag&post=8267"}],"curies":[{"name":"wp","href":"https:\/\/api.w.org\/{rel}","templated":true}]}}