{"id":8258,"date":"2026-05-06T09:56:28","date_gmt":"2026-05-06T13:56:28","guid":{"rendered":"https:\/\/insertapr.com\/?post_type=product&#038;p=8258"},"modified":"2026-05-06T09:56:29","modified_gmt":"2026-05-06T13:56:29","slug":"la-anomalia","status":"publish","type":"product","link":"https:\/\/insertapr.com\/?product=la-anomalia","title":{"rendered":"LA ANOMALIA"},"content":{"rendered":"","protected":false},"excerpt":{"rendered":"<p data-start=\"118\" data-end=\"349\">\u00abUna novela muy inteligente, muy fresca, extraordinariamente divertida y bien armada, dotada de una virtud que solo est\u00e1 al alcance de grandes novelas: es f\u00e1cil de leer y dif\u00edcil de entender\u00bb, <span class=\"hover:entity-accent entity-underline inline cursor-pointer align-baseline\"><span class=\"whitespace-normal\">Javier Cercas<\/span><\/span>.<\/p>\n<p data-start=\"351\" data-end=\"514\">\u00abUn argumento tan genial como complejo, tan entretenido como inveros\u00edmil, tan extra\u00f1o como absorbente\u00bb, <span class=\"hover:entity-accent entity-underline inline cursor-pointer align-baseline\"><span class=\"whitespace-normal\">Pedro Bosqued<\/span><\/span>, <em data-start=\"494\" data-end=\"513\">Heraldo de Arag\u00f3n<\/em>.<\/p>\n<p data-start=\"516\" data-end=\"660\">\u00abUna de las lecturas m\u00e1s originales y absorbentes de los \u00faltimos tiempos\u00bb, <span class=\"hover:entity-accent entity-underline inline cursor-pointer align-baseline\"><span class=\"whitespace-normal\">Sergio Vila-Sanju\u00e1n<\/span><\/span>, <em data-start=\"630\" data-end=\"641\">Cultura\/s<\/em> (<em data-start=\"643\" data-end=\"658\">La Vanguardia<\/em>).<\/p>\n<p data-start=\"662\" data-end=\"728\">\u00abUna genialidad verdaderamente entretenida\u00bb, <em data-start=\"707\" data-end=\"727\">Les Inrockuptibles<\/em>.<\/p>\n<p data-start=\"730\" data-end=\"954\">\u00abA este libro no le falta imaginaci\u00f3n ni ingenio. A caballo entre <span class=\"hover:entity-accent entity-underline inline cursor-pointer align-baseline\"><span class=\"whitespace-normal\">Roald Dahl<\/span><\/span> y <em data-start=\"836\" data-end=\"846\">El doble<\/em> de <span class=\"hover:entity-accent entity-underline inline cursor-pointer align-baseline\"><span class=\"whitespace-normal\">Fi\u00f3dor Dostoievski<\/span><\/span> reescrito por <span class=\"hover:entity-accent entity-underline inline cursor-pointer align-baseline\"><span class=\"whitespace-normal\">Raymond Queneau<\/span><\/span>\u00bb, <em data-start=\"942\" data-end=\"953\">L&#8217;Express<\/em>.<\/p>\n<p data-start=\"956\" data-end=\"1541\">El 10 de marzo de 2021, los doscientos cuarenta y tres pasajeros de un avi\u00f3n procedente de Par\u00eds aterrizan en Nueva York despu\u00e9s de pasar por una terrible tormenta. Ya en tierra, cada uno sigue con su vida. Tres meses m\u00e1s tarde, y contra toda l\u00f3gica, un avi\u00f3n id\u00e9ntico, con los mismos pasajeros y el mismo equipo a bordo, aparece en el cielo de Nueva York. Nadie se explica este incre\u00edble fen\u00f3meno, que va a desatar una crisis pol\u00edtica, medi\u00e1tica y cient\u00edfica sin precedentes, en la que cada uno de los pasajeros acabar\u00e1 encontr\u00e1ndose cara a cara con una versi\u00f3n distinta de s\u00ed mismos.<\/p>\n<p data-start=\"1543\" data-end=\"1678\"><span class=\"hover:entity-accent entity-underline inline cursor-pointer align-baseline\"><span class=\"whitespace-normal\">Herv\u00e9 Le Tellier<\/span><\/span> firma una novela brillante, inteligente y virtuosa en la que la l\u00f3gica se funde con lo imposible.<\/p>\n","protected":false},"featured_media":8259,"comment_status":"open","ping_status":"closed","template":"","meta":{"_monsterinsights_skip_tracking":false,"_monsterinsights_sitenote_active":false,"_monsterinsights_sitenote_note":"","_monsterinsights_sitenote_category":0,"_uf_show_specific_survey":0,"_uf_disable_surveys":false},"product_cat":[58,30,54],"product_tag":[],"_links":{"self":[{"href":"https:\/\/insertapr.com\/index.php?rest_route=\/wp\/v2\/product\/8258"}],"collection":[{"href":"https:\/\/insertapr.com\/index.php?rest_route=\/wp\/v2\/product"}],"about":[{"href":"https:\/\/insertapr.com\/index.php?rest_route=\/wp\/v2\/types\/product"}],"replies":[{"embeddable":true,"href":"https:\/\/insertapr.com\/index.php?rest_route=%2Fwp%2Fv2%2Fcomments&post=8258"}],"wp:featuredmedia":[{"embeddable":true,"href":"https:\/\/insertapr.com\/index.php?rest_route=\/wp\/v2\/media\/8259"}],"wp:attachment":[{"href":"https:\/\/insertapr.com\/index.php?rest_route=%2Fwp%2Fv2%2Fmedia&parent=8258"}],"wp:term":[{"taxonomy":"product_cat","embeddable":true,"href":"https:\/\/insertapr.com\/index.php?rest_route=%2Fwp%2Fv2%2Fproduct_cat&post=8258"},{"taxonomy":"product_tag","embeddable":true,"href":"https:\/\/insertapr.com\/index.php?rest_route=%2Fwp%2Fv2%2Fproduct_tag&post=8258"}],"curies":[{"name":"wp","href":"https:\/\/api.w.org\/{rel}","templated":true}]}}