{"id":8205,"date":"2026-04-05T14:12:36","date_gmt":"2026-04-05T18:12:36","guid":{"rendered":"https:\/\/insertapr.com\/?post_type=product&#038;p=8205"},"modified":"2026-04-05T14:12:38","modified_gmt":"2026-04-05T18:12:38","slug":"nuestro-lugar-en-el-mundo-ed-especial","status":"publish","type":"product","link":"https:\/\/insertapr.com\/?product=nuestro-lugar-en-el-mundo-ed-especial","title":{"rendered":"NUESTRO LUGAR EN EL MUNDO (ED.ESPECIAL)"},"content":{"rendered":"","protected":false},"excerpt":{"rendered":"<p data-start=\"63\" data-end=\"106\"><em data-start=\"63\" data-end=\"106\"><strong data-start=\"64\" data-end=\"105\">EDICI\u00d3N LIMITADA CON CANTOS DECORADOS<\/strong><\/em><\/p>\n<p data-start=\"108\" data-end=\"166\">Luka recurre a la m\u00fasica para comprender sus pensamientos.<\/p>\n<p data-start=\"168\" data-end=\"203\">Nora la utiliza para huir de ellos.<\/p>\n<p data-start=\"205\" data-end=\"562\">Luka no tiene muy claro cu\u00e1l es su papel en el mundo. Ahora que ha salido del agujero que lo consumi\u00f3 el a\u00f1o pasado, est\u00e1 decidido a reconstruir su vida y arreglar todo lo que una vez rompi\u00f3. Para ello, tendr\u00e1 no solo que reconciliarse con su entorno, sino tambi\u00e9n consigo mismo, y desempolvar esos sue\u00f1os que, hace ya un tiempo, dej\u00f3 guardados en un caj\u00f3n.<\/p>\n<p data-start=\"564\" data-end=\"971\">Nora posee un gran talento: mentir. Se le da genial hacer creer a sus padres que ha encontrado su hogar en Finlandia y que tiene un trabajo, un novio y una vida perfectos, como su hermana Margot. La realidad es que, debido a un reciente giro de los acontecimientos \u2014que incluye a su mejor amigo, del que sigue enamorada, y a su nueva novia\u2014, necesita encontrar a un nuevo compa\u00f1ero de piso de forma urgente.<\/p>\n<p data-start=\"973\" data-end=\"1388\">Cuando, por caprichos del destino, Nora y Luka se ven obligados a convivir, el pasado sigue haciendo mella en ellos. No se llevan bien, pero pronto descubren que los dos se necesitan mutuamente, as\u00ed que llegan a un acuerdo: Luka ayudar\u00e1 a Nora a mantener la farsa con su familia a cambio de que, cuando llegue el momento, ella le devuelva el favor. Total, fingir una relaci\u00f3n tampoco tiene que ser tan dif\u00edcil, \u00bfno?<\/p>\n<p data-start=\"1390\" data-end=\"1485\">Con todas las cosas que los diferencian, \u00bfqui\u00e9n iba a decir que tendr\u00edan tantas otras en com\u00fan?<\/p>\n<p data-start=\"1487\" data-end=\"1758\">Una edici\u00f3n r\u00fastica con sobrecubierta muy especial decorada con ilustraciones de los personajes realizadas por Vero Navarro (@veronavarro.ig) en el exterior y con un p\u00f3ster en el retiro de la sobrecubierta. Adem\u00e1s, la primera edici\u00f3n tendr\u00e1 un dise\u00f1o \u00fanico en los cantos.<\/p>\n","protected":false},"featured_media":8206,"comment_status":"open","ping_status":"closed","template":"","meta":{"_monsterinsights_skip_tracking":false,"_monsterinsights_sitenote_active":false,"_monsterinsights_sitenote_note":"","_monsterinsights_sitenote_category":0,"_uf_show_specific_survey":0,"_uf_disable_surveys":false},"product_cat":[30,25],"product_tag":[],"_links":{"self":[{"href":"https:\/\/insertapr.com\/index.php?rest_route=\/wp\/v2\/product\/8205"}],"collection":[{"href":"https:\/\/insertapr.com\/index.php?rest_route=\/wp\/v2\/product"}],"about":[{"href":"https:\/\/insertapr.com\/index.php?rest_route=\/wp\/v2\/types\/product"}],"replies":[{"embeddable":true,"href":"https:\/\/insertapr.com\/index.php?rest_route=%2Fwp%2Fv2%2Fcomments&post=8205"}],"wp:featuredmedia":[{"embeddable":true,"href":"https:\/\/insertapr.com\/index.php?rest_route=\/wp\/v2\/media\/8206"}],"wp:attachment":[{"href":"https:\/\/insertapr.com\/index.php?rest_route=%2Fwp%2Fv2%2Fmedia&parent=8205"}],"wp:term":[{"taxonomy":"product_cat","embeddable":true,"href":"https:\/\/insertapr.com\/index.php?rest_route=%2Fwp%2Fv2%2Fproduct_cat&post=8205"},{"taxonomy":"product_tag","embeddable":true,"href":"https:\/\/insertapr.com\/index.php?rest_route=%2Fwp%2Fv2%2Fproduct_tag&post=8205"}],"curies":[{"name":"wp","href":"https:\/\/api.w.org\/{rel}","templated":true}]}}