{"id":8194,"date":"2026-04-05T13:57:38","date_gmt":"2026-04-05T17:57:38","guid":{"rendered":"https:\/\/insertapr.com\/?post_type=product&#038;p=8194"},"modified":"2026-04-05T13:57:41","modified_gmt":"2026-04-05T17:57:41","slug":"el-y-ella","status":"publish","type":"product","link":"https:\/\/insertapr.com\/?product=el-y-ella","title":{"rendered":"EL Y ELLA"},"content":{"rendered":"","protected":false},"excerpt":{"rendered":"<p data-start=\"63\" data-end=\"136\">Si existen dos versiones de una historia, siempre hay alguien que miente.<\/p>\n<p data-start=\"138\" data-end=\"389\">Cuando una mujer aparece asesinada en Blackdown, una peque\u00f1a ciudad inglesa, la presentadora de la BBC Anna Andrews se muestra reacia a viajar hasta all\u00ed para cubrir la noticia. Anna creci\u00f3 en Blackdown, pero huy\u00f3 a los diecis\u00e9is a\u00f1os y no mir\u00f3 atr\u00e1s.<\/p>\n<p data-start=\"391\" data-end=\"599\">El inspector Jack Harper se hace cargo del caso y sospecha que Anna podr\u00eda estar implicada en el crimen, hasta que empieza a darse cuenta de que \u00e9l mismo es sospechoso en su propia investigaci\u00f3n de asesinato.<\/p>\n<p data-start=\"601\" data-end=\"812\">Hay secretos por los que vale la pena matar, y si esta historia tiene dos versiones, la de \u00e9l y la de ella, eso significa que alguien miente. \u00bfLo descubrir\u00e1n antes de que sea demasiado tarde y haya m\u00e1s v\u00edctimas?<\/p>\n<p data-start=\"814\" data-end=\"953\">La novela en la que se basa la serie estrella de Netflix, protagonizada por Tessa Thompson y Jon Bernthal y producida por Jessica Chastain.<\/p>\n","protected":false},"featured_media":8195,"comment_status":"open","ping_status":"closed","template":"","meta":{"_monsterinsights_skip_tracking":false,"_monsterinsights_sitenote_active":false,"_monsterinsights_sitenote_note":"","_monsterinsights_sitenote_category":0,"_uf_show_specific_survey":0,"_uf_disable_surveys":false},"product_cat":[30,54],"product_tag":[],"_links":{"self":[{"href":"https:\/\/insertapr.com\/index.php?rest_route=\/wp\/v2\/product\/8194"}],"collection":[{"href":"https:\/\/insertapr.com\/index.php?rest_route=\/wp\/v2\/product"}],"about":[{"href":"https:\/\/insertapr.com\/index.php?rest_route=\/wp\/v2\/types\/product"}],"replies":[{"embeddable":true,"href":"https:\/\/insertapr.com\/index.php?rest_route=%2Fwp%2Fv2%2Fcomments&post=8194"}],"wp:featuredmedia":[{"embeddable":true,"href":"https:\/\/insertapr.com\/index.php?rest_route=\/wp\/v2\/media\/8195"}],"wp:attachment":[{"href":"https:\/\/insertapr.com\/index.php?rest_route=%2Fwp%2Fv2%2Fmedia&parent=8194"}],"wp:term":[{"taxonomy":"product_cat","embeddable":true,"href":"https:\/\/insertapr.com\/index.php?rest_route=%2Fwp%2Fv2%2Fproduct_cat&post=8194"},{"taxonomy":"product_tag","embeddable":true,"href":"https:\/\/insertapr.com\/index.php?rest_route=%2Fwp%2Fv2%2Fproduct_tag&post=8194"}],"curies":[{"name":"wp","href":"https:\/\/api.w.org\/{rel}","templated":true}]}}