{"id":8192,"date":"2026-04-05T13:51:12","date_gmt":"2026-04-05T17:51:12","guid":{"rendered":"https:\/\/insertapr.com\/?post_type=product&#038;p=8192"},"modified":"2026-04-05T13:51:15","modified_gmt":"2026-04-05T17:51:15","slug":"el-verano-de-cervantes","status":"publish","type":"product","link":"https:\/\/insertapr.com\/?product=el-verano-de-cervantes","title":{"rendered":"EL VERANO DE CERVANTES"},"content":{"rendered":"","protected":false},"excerpt":{"rendered":"<p data-start=\"63\" data-end=\"99\">Toda una vida leyendo <em data-start=\"85\" data-end=\"98\">Don Quijote<\/em>.<\/p>\n<p data-start=\"101\" data-end=\"331\">\u00abMu\u00f1oz Molina no defrauda, la suya es una escritura cautivadora que aboca a quien lee a zambullirse en las p\u00e1ginas, a apropi\u00e1rselas en cierta manera. El alma humana tiene quien le escriba.\u00bb Mey Zamora, <em data-start=\"303\" data-end=\"314\">Cultura\/s<\/em>, <em data-start=\"316\" data-end=\"331\">La Vanguardia<\/em><\/p>\n<p data-start=\"333\" data-end=\"456\">\u00abUn narrador poderoso que echa luz sobre los entresijos morales de nuestra sociedad.\u00bb Santos Sanz Villanueva, <em data-start=\"443\" data-end=\"456\">El Cultural<\/em><\/p>\n<p data-start=\"458\" data-end=\"611\">\u00abUna enorme sensibilidad, una prosa hermos\u00edsima y una elegancia que solo est\u00e1 al alcance de los grandes narradores.\u00bb Eva Cosculluela, <em data-start=\"592\" data-end=\"611\">Heraldo de Arag\u00f3n<\/em><\/p>\n<p data-start=\"613\" data-end=\"1116\"><em data-start=\"613\" data-end=\"637\">El verano de Cervantes<\/em> surge de toda una vida leyendo <em data-start=\"669\" data-end=\"695\">Don Quijote de la Mancha<\/em>. Durante el proceso de escritura de este libro, Antonio Mu\u00f1oz Molina va entreverando recuerdos de su infancia y de sus primeras lecturas con la revelaci\u00f3n del lugar que <em data-start=\"865\" data-end=\"878\">Don Quijote<\/em> ha ocupado en su vocaci\u00f3n literaria, mostrando adem\u00e1s su influencia en otros autores, como Melville, Balzac, Joyce, Thomas Mann o Mark Twain, que han consolidado la novela como la forma narrativa suprema siguiendo la estela de Cervantes.<\/p>\n<p data-start=\"1118\" data-end=\"1372\">Una lectura apasionante y apasionada de <em data-start=\"1158\" data-end=\"1171\">Don Quijote<\/em> que mezcla de forma extraordinaria investigaci\u00f3n literaria y memoria personal, y que contextualiza la genialidad de la obra maestra de Cervantes, lectura inagotable para entender el arte de la novela.<\/p>\n<p data-start=\"1374\" data-end=\"1906\">En palabras del propio Mu\u00f1oz Molina, \u00abun tema central en la novela es el modo en que las ficciones afectan a la mente humana, la nutren, la entretienen y pueden trastornarla cuando no sabe distinguirlas de la realidad. Esta inquietud me parece m\u00e1s pertinente a\u00fan en estos tiempos en que tecnolog\u00edas mucho m\u00e1s poderosas que la imprenta tienen el poder de hipnotizar nuestras mentes hasta un grado de delirio. Despu\u00e9s de toda una vida leyendo <em data-start=\"1815\" data-end=\"1828\">Don Quijote<\/em>, me gustar\u00eda que este libro pueda acompa\u00f1ar a otros en sus propias lecturas\u00bb.<\/p>\n","protected":false},"featured_media":8193,"comment_status":"open","ping_status":"closed","template":"","meta":{"_monsterinsights_skip_tracking":false,"_monsterinsights_sitenote_active":false,"_monsterinsights_sitenote_note":"","_monsterinsights_sitenote_category":0,"_uf_show_specific_survey":0,"_uf_disable_surveys":false},"product_cat":[58,30],"product_tag":[],"_links":{"self":[{"href":"https:\/\/insertapr.com\/index.php?rest_route=\/wp\/v2\/product\/8192"}],"collection":[{"href":"https:\/\/insertapr.com\/index.php?rest_route=\/wp\/v2\/product"}],"about":[{"href":"https:\/\/insertapr.com\/index.php?rest_route=\/wp\/v2\/types\/product"}],"replies":[{"embeddable":true,"href":"https:\/\/insertapr.com\/index.php?rest_route=%2Fwp%2Fv2%2Fcomments&post=8192"}],"wp:featuredmedia":[{"embeddable":true,"href":"https:\/\/insertapr.com\/index.php?rest_route=\/wp\/v2\/media\/8193"}],"wp:attachment":[{"href":"https:\/\/insertapr.com\/index.php?rest_route=%2Fwp%2Fv2%2Fmedia&parent=8192"}],"wp:term":[{"taxonomy":"product_cat","embeddable":true,"href":"https:\/\/insertapr.com\/index.php?rest_route=%2Fwp%2Fv2%2Fproduct_cat&post=8192"},{"taxonomy":"product_tag","embeddable":true,"href":"https:\/\/insertapr.com\/index.php?rest_route=%2Fwp%2Fv2%2Fproduct_tag&post=8192"}],"curies":[{"name":"wp","href":"https:\/\/api.w.org\/{rel}","templated":true}]}}