{"id":8190,"date":"2026-04-05T13:11:33","date_gmt":"2026-04-05T17:11:33","guid":{"rendered":"https:\/\/insertapr.com\/?post_type=product&#038;p=8190"},"modified":"2026-04-05T13:11:35","modified_gmt":"2026-04-05T17:11:35","slug":"el-arte-de-ser-nosotros-ed-especial","status":"publish","type":"product","link":"https:\/\/insertapr.com\/?product=el-arte-de-ser-nosotros-ed-especial","title":{"rendered":"EL ARTE DE SER NOSOTROS ED.ESPECIAL"},"content":{"rendered":"","protected":false},"excerpt":{"rendered":"<p data-start=\"63\" data-end=\"212\">M\u00e1s de medio mill\u00f3n de lectores lo estaban esperando: llega la edici\u00f3n especial de <em data-start=\"146\" data-end=\"171\">El arte de ser nosotros<\/em>, la novela m\u00e1s querida de Inma Rubiales.<\/p>\n<p data-start=\"214\" data-end=\"424\">La vida no es justa, y eso Logan lo sabe muy bien. Despu\u00e9s de una dolorosa p\u00e9rdida, su coraz\u00f3n se ha vuelto herm\u00e9tico, fr\u00edo e inquebrantable. Por eso no le importa que todos crean que es el malo de la historia.<\/p>\n<p data-start=\"426\" data-end=\"623\">Leah nunca se ha sentido la protagonista de la suya. Vive con la cabeza enterrada en los libros, intentando pasar desapercibida, y se refugia en la gran comunidad de lectores que tiene en internet.<\/p>\n<p data-start=\"625\" data-end=\"677\">Leah no es el tipo de chica que Logan est\u00e1 buscando.<\/p>\n<p data-start=\"679\" data-end=\"733\">Y Logan es la clase de chico que Leah trata de evitar.<\/p>\n<p data-start=\"735\" data-end=\"790\">Quiz\u00e1 por eso lo que hay entre ellos funciona tan bien.<\/p>\n<p data-start=\"792\" data-end=\"800\">Incluye:<\/p>\n<ul data-start=\"801\" data-end=\"1045\">\n<li data-section-id=\"650k05\" data-start=\"801\" data-end=\"838\">Ilustraciones interiores a color.<\/li>\n<li data-section-id=\"otvpdi\" data-start=\"839\" data-end=\"891\">3 cap\u00edtulos in\u00e9ditos: presente, futuro y pasado.<\/li>\n<li data-section-id=\"yb88e0\" data-start=\"892\" data-end=\"960\">Anotaciones explicando partes del proceso creativo de la novela.<\/li>\n<li data-section-id=\"17186s5\" data-start=\"961\" data-end=\"1003\">Tapa dura ilustrada con sobrecubierta.<\/li>\n<li data-section-id=\"19qz2ux\" data-start=\"1004\" data-end=\"1026\">Guardas decoradas.<\/li>\n<li data-section-id=\"d977fg\" data-start=\"1027\" data-end=\"1045\">Cantos tintados.<\/li>\n<\/ul>\n","protected":false},"featured_media":8191,"comment_status":"open","ping_status":"closed","template":"","meta":{"_monsterinsights_skip_tracking":false,"_monsterinsights_sitenote_active":false,"_monsterinsights_sitenote_note":"","_monsterinsights_sitenote_category":0,"_uf_show_specific_survey":0,"_uf_disable_surveys":false},"product_cat":[30,25],"product_tag":[],"_links":{"self":[{"href":"https:\/\/insertapr.com\/index.php?rest_route=\/wp\/v2\/product\/8190"}],"collection":[{"href":"https:\/\/insertapr.com\/index.php?rest_route=\/wp\/v2\/product"}],"about":[{"href":"https:\/\/insertapr.com\/index.php?rest_route=\/wp\/v2\/types\/product"}],"replies":[{"embeddable":true,"href":"https:\/\/insertapr.com\/index.php?rest_route=%2Fwp%2Fv2%2Fcomments&post=8190"}],"wp:featuredmedia":[{"embeddable":true,"href":"https:\/\/insertapr.com\/index.php?rest_route=\/wp\/v2\/media\/8191"}],"wp:attachment":[{"href":"https:\/\/insertapr.com\/index.php?rest_route=%2Fwp%2Fv2%2Fmedia&parent=8190"}],"wp:term":[{"taxonomy":"product_cat","embeddable":true,"href":"https:\/\/insertapr.com\/index.php?rest_route=%2Fwp%2Fv2%2Fproduct_cat&post=8190"},{"taxonomy":"product_tag","embeddable":true,"href":"https:\/\/insertapr.com\/index.php?rest_route=%2Fwp%2Fv2%2Fproduct_tag&post=8190"}],"curies":[{"name":"wp","href":"https:\/\/api.w.org\/{rel}","templated":true}]}}