{"id":8178,"date":"2026-04-05T12:35:34","date_gmt":"2026-04-05T16:35:34","guid":{"rendered":"https:\/\/insertapr.com\/?post_type=product&#038;p=8178"},"modified":"2026-04-05T12:35:36","modified_gmt":"2026-04-05T16:35:36","slug":"el-demonio-en-el-bosque","status":"publish","type":"product","link":"https:\/\/insertapr.com\/?product=el-demonio-en-el-bosque","title":{"rendered":"EL DEMONIO EN EL BOSQUE"},"content":{"rendered":"","protected":false},"excerpt":{"rendered":"<p data-start=\"63\" data-end=\"106\">\u00a1La primera novela gr\u00e1fica del Grishaverse!<\/p>\n<p data-start=\"108\" data-end=\"234\">Conoceremos el origen de El Oscuro en este formato que adapta la historia original de Bardugo y la expande con nuevo material.<\/p>\n<p data-start=\"236\" data-end=\"450\">Antes de que dirigiera el Segundo Ej\u00e9rcito de Ravka, antes de que creara la Sombra y antes de que se convirtiera en el Oscuro, tan solo era un chico solitario que deb\u00eda soportar la carga de un poder extraordinario.<\/p>\n<p data-start=\"452\" data-end=\"834\">Eryk y su madre, Lena, han pasado sus vidas huyendo. Pero jam\u00e1s encontrar\u00e1n un refugio. No solo son Grisha, son los m\u00e1s letales y extraordinarios de todos. Temidos por aquellos que desean destruirlos y perseguidos por quienes buscan explotar sus dones, deben esconder sus habilidades all\u00ed a donde van. Pero a veces incluso los mayores secretos encuentran la forma de salir a la luz.<\/p>\n","protected":false},"featured_media":8179,"comment_status":"open","ping_status":"closed","template":"","meta":{"_monsterinsights_skip_tracking":false,"_monsterinsights_sitenote_active":false,"_monsterinsights_sitenote_note":"","_monsterinsights_sitenote_category":0,"_uf_show_specific_survey":0,"_uf_disable_surveys":false},"product_cat":[46,149,129,30],"product_tag":[],"_links":{"self":[{"href":"https:\/\/insertapr.com\/index.php?rest_route=\/wp\/v2\/product\/8178"}],"collection":[{"href":"https:\/\/insertapr.com\/index.php?rest_route=\/wp\/v2\/product"}],"about":[{"href":"https:\/\/insertapr.com\/index.php?rest_route=\/wp\/v2\/types\/product"}],"replies":[{"embeddable":true,"href":"https:\/\/insertapr.com\/index.php?rest_route=%2Fwp%2Fv2%2Fcomments&post=8178"}],"wp:featuredmedia":[{"embeddable":true,"href":"https:\/\/insertapr.com\/index.php?rest_route=\/wp\/v2\/media\/8179"}],"wp:attachment":[{"href":"https:\/\/insertapr.com\/index.php?rest_route=%2Fwp%2Fv2%2Fmedia&parent=8178"}],"wp:term":[{"taxonomy":"product_cat","embeddable":true,"href":"https:\/\/insertapr.com\/index.php?rest_route=%2Fwp%2Fv2%2Fproduct_cat&post=8178"},{"taxonomy":"product_tag","embeddable":true,"href":"https:\/\/insertapr.com\/index.php?rest_route=%2Fwp%2Fv2%2Fproduct_tag&post=8178"}],"curies":[{"name":"wp","href":"https:\/\/api.w.org\/{rel}","templated":true}]}}