{"id":8174,"date":"2026-04-05T12:26:04","date_gmt":"2026-04-05T16:26:04","guid":{"rendered":"https:\/\/insertapr.com\/?post_type=product&#038;p=8174"},"modified":"2026-04-05T12:26:07","modified_gmt":"2026-04-05T16:26:07","slug":"el-chico-que-dibujaba-constelaciones-3","status":"publish","type":"product","link":"https:\/\/insertapr.com\/?product=el-chico-que-dibujaba-constelaciones-3","title":{"rendered":"EL CHICO QUE DIBUJABA CONSTELACIONES"},"content":{"rendered":"","protected":false},"excerpt":{"rendered":"<p data-start=\"63\" data-end=\"546\">Esta es una historia de amor, de sue\u00f1os y de vida. La de Valentina. La chica que no sab\u00eda que ten\u00eda el mundo a sus pies, la que creci\u00f3 y empez\u00f3 a pensar en imposibles. La que cazaba estrellas, la que anhelaba m\u00e1s, la que tropez\u00f3 con \u00e9l. Con Gabriel. El chico que dibujaba constelaciones, el valiente e idealista, el que confi\u00f3 en las palabras \u00abpara siempre\u00bb y cre\u00f3 los pilares que terminaron sosteniendo el pasado, el ahora, lo que fueron y los recuerdos que se convertir\u00e1n en polvo.<\/p>\n<p data-start=\"548\" data-end=\"869\">\u00abEsta novela es lo m\u00e1s bonito que he podido leer en mucho tiempo. Me ha parecido un regalo, un soplo de vida&#8230; Y todo contado con tanta delicadeza que es precioso leerlo. Solo podr\u00eda hacerlo Alice. Mil gracias por regalarnos a Valentina y a Gabriel, por su vida. No he podido ser m\u00e1s feliz ley\u00e9ndolos\u00bb, Patricia Bejarano<\/p>\n","protected":false},"featured_media":8175,"comment_status":"open","ping_status":"closed","template":"","meta":{"_monsterinsights_skip_tracking":false,"_monsterinsights_sitenote_active":false,"_monsterinsights_sitenote_note":"","_monsterinsights_sitenote_category":0,"_uf_show_specific_survey":0,"_uf_disable_surveys":false},"product_cat":[58,30,25],"product_tag":[],"_links":{"self":[{"href":"https:\/\/insertapr.com\/index.php?rest_route=\/wp\/v2\/product\/8174"}],"collection":[{"href":"https:\/\/insertapr.com\/index.php?rest_route=\/wp\/v2\/product"}],"about":[{"href":"https:\/\/insertapr.com\/index.php?rest_route=\/wp\/v2\/types\/product"}],"replies":[{"embeddable":true,"href":"https:\/\/insertapr.com\/index.php?rest_route=%2Fwp%2Fv2%2Fcomments&post=8174"}],"wp:featuredmedia":[{"embeddable":true,"href":"https:\/\/insertapr.com\/index.php?rest_route=\/wp\/v2\/media\/8175"}],"wp:attachment":[{"href":"https:\/\/insertapr.com\/index.php?rest_route=%2Fwp%2Fv2%2Fmedia&parent=8174"}],"wp:term":[{"taxonomy":"product_cat","embeddable":true,"href":"https:\/\/insertapr.com\/index.php?rest_route=%2Fwp%2Fv2%2Fproduct_cat&post=8174"},{"taxonomy":"product_tag","embeddable":true,"href":"https:\/\/insertapr.com\/index.php?rest_route=%2Fwp%2Fv2%2Fproduct_tag&post=8174"}],"curies":[{"name":"wp","href":"https:\/\/api.w.org\/{rel}","templated":true}]}}