{"id":8152,"date":"2026-04-02T18:52:23","date_gmt":"2026-04-02T22:52:23","guid":{"rendered":"https:\/\/insertapr.com\/?post_type=product&#038;p=8152"},"modified":"2026-04-02T18:52:26","modified_gmt":"2026-04-02T22:52:26","slug":"herederas-de-sombras","status":"publish","type":"product","link":"https:\/\/insertapr.com\/?product=herederas-de-sombras","title":{"rendered":"HEREDERAS DE SOMBRAS"},"content":{"rendered":"","protected":false},"excerpt":{"rendered":"<p data-start=\"63\" data-end=\"86\">Esta es vuestra sangre.<\/p>\n<p data-start=\"88\" data-end=\"111\">Este es vuestro legado.<\/p>\n<p data-start=\"113\" data-end=\"181\">Tres hermanas con cabellos como el oro, el fuego y el ala de cuervo.<\/p>\n<p data-start=\"183\" data-end=\"198\">Tres corazones.<\/p>\n<p data-start=\"200\" data-end=\"215\">Siempre unidos.<\/p>\n<p data-start=\"217\" data-end=\"493\">Cuando las hermanas Victoria, Emma y Melanie se reencuentran en el funeral de su abuela, no saben que est\u00e1n a punto de descubrir un legado que lo cambiar\u00e1 todo. Atrapadas en un pueblo que parece varado en el tiempo, desenterrar\u00e1n un poder oculto: la magia de la familia Lanau.<\/p>\n<p data-start=\"495\" data-end=\"899\">Pero la Muerte acecha, la magia tiene un precio y nada ni nadie es lo que parece. Solo juntas, el fuego, el oro y la oscuridad podr\u00e1n desentra\u00f1ar la tragedia del pasado y enfrentarse al mal que persigue a su familia. Un secreto entrelazado con la pasi\u00f3n, la venganza y el amor. Y ellas ser\u00e1n las \u00fanicas que podr\u00e1n decidir si est\u00e1n dispuestas a repetir el pasado o quieren cambiar el rumbo de la historia.<\/p>\n","protected":false},"featured_media":8153,"comment_status":"open","ping_status":"closed","template":"","meta":{"_monsterinsights_skip_tracking":false,"_monsterinsights_sitenote_active":false,"_monsterinsights_sitenote_note":"","_monsterinsights_sitenote_category":0,"_uf_show_specific_survey":0,"_uf_disable_surveys":false},"product_cat":[46,30],"product_tag":[],"_links":{"self":[{"href":"https:\/\/insertapr.com\/index.php?rest_route=\/wp\/v2\/product\/8152"}],"collection":[{"href":"https:\/\/insertapr.com\/index.php?rest_route=\/wp\/v2\/product"}],"about":[{"href":"https:\/\/insertapr.com\/index.php?rest_route=\/wp\/v2\/types\/product"}],"replies":[{"embeddable":true,"href":"https:\/\/insertapr.com\/index.php?rest_route=%2Fwp%2Fv2%2Fcomments&post=8152"}],"wp:featuredmedia":[{"embeddable":true,"href":"https:\/\/insertapr.com\/index.php?rest_route=\/wp\/v2\/media\/8153"}],"wp:attachment":[{"href":"https:\/\/insertapr.com\/index.php?rest_route=%2Fwp%2Fv2%2Fmedia&parent=8152"}],"wp:term":[{"taxonomy":"product_cat","embeddable":true,"href":"https:\/\/insertapr.com\/index.php?rest_route=%2Fwp%2Fv2%2Fproduct_cat&post=8152"},{"taxonomy":"product_tag","embeddable":true,"href":"https:\/\/insertapr.com\/index.php?rest_route=%2Fwp%2Fv2%2Fproduct_tag&post=8152"}],"curies":[{"name":"wp","href":"https:\/\/api.w.org\/{rel}","templated":true}]}}