{"id":8150,"date":"2026-04-02T18:47:11","date_gmt":"2026-04-02T22:47:11","guid":{"rendered":"https:\/\/insertapr.com\/?post_type=product&#038;p=8150"},"modified":"2026-04-02T18:47:48","modified_gmt":"2026-04-02T22:47:48","slug":"gorda-sinverguenza","status":"publish","type":"product","link":"https:\/\/insertapr.com\/?product=gorda-sinverguenza","title":{"rendered":"GORDA SINVERG\u00dcENZA"},"content":{"rendered":"<div class=\"filaDetalle\">\n<div class=\"cabeceraDetalle\">EDITORIAL:DEBATE<\/div>\n<\/div>\n<div class=\"filaDetalle\">\n<div class=\"cabeceraDetalle\">ISBN:9791387600754<\/div>\n<\/div>\n<div class=\"filaDetalle\">\n<div class=\"cabeceraDetalle\">COLECCI\u00d3N:ENDEBATE<\/div>\n<\/div>\n<div class=\"filaDetalle\">\n<div class=\"cabeceraDetalle\">IDIOMA:CASTELLANO<\/div>\n<\/div>\n<div class=\"filaDetalle\">\n<div class=\"cabeceraDetalle\">Fecha de edici\u00f3n:12-03-2026<\/div>\n<\/div>\n<div class=\"filaDetalle\">\n<div class=\"cabeceraDetalle\">Materia:<a title=\"Pulse en esta materia y ver\u00e1 todos los art\u00edculos de la misma\">ENSAYOS LITERARIOS, <\/a><a title=\"Pulse en esta materia y ver\u00e1 todos los art\u00edculos de la misma\">FEMINISMO Y TEORIA FEMINISTA, <\/a><a title=\"Pulse en esta materia y ver\u00e1 todos los art\u00edculos de la misma\">MEMORIAS<\/a><\/div>\n<\/div>\n","protected":false},"excerpt":{"rendered":"<p data-start=\"63\" data-end=\"133\">Un grito sinverg\u00fcenza para habitar el propio cuerpo de manera radical.<\/p>\n<p data-start=\"135\" data-end=\"894\">Estamos ante un interrogatorio a la propia verg\u00fcenza gorda, a la propia desverg\u00fcenza gorda, al propio goce gordo. \u00bfQu\u00e9 tenemos que hacerle a la escritura para que nos muestre a nosotras, escondidas tal vez en nuestro lenguaje, que ha aprendido a pedir perd\u00f3n sea como sea, quiz\u00e1 de manera inconsciente? \u00bfC\u00f3mo y por qu\u00e9 nos tapa ese lenguaje? <em data-start=\"477\" data-end=\"497\">Gorda sinverg\u00fcenza<\/em> explora la sensaci\u00f3n de estar delante de gente y no poder ser una misma, y el descubrimiento de que algunos espacios en los que cre\u00edas que s\u00ed pod\u00edas serlo, como el virtual, estaban siendo suced\u00e1neos c\u00f3mplices. Habitar el propio cuerpo de manera radical es la \u00fanica compleja y ambigua respuesta, as\u00ed como el camino para llegar a esa euforia que provoca poder ser una misma donde y como no se debe.<\/p>\n<p data-start=\"912\" data-end=\"1253\">La colecci\u00f3n Endebate es el hogar de aquellos textos breves que presentan una opini\u00f3n, defienden una actitud o cuentan una historia, pero son m\u00e1s un aperitivo que un banquete, estimulan la conversaci\u00f3n m\u00e1s que saciarla e inician un fest\u00edn (que no clausuran). Como los mejores bocados, entran por los ojos y dejan un largo poso en el paladar.<\/p>\n","protected":false},"featured_media":8151,"comment_status":"open","ping_status":"closed","template":"","meta":{"_monsterinsights_skip_tracking":false,"_monsterinsights_sitenote_active":false,"_monsterinsights_sitenote_note":"","_monsterinsights_sitenote_category":0,"_uf_show_specific_survey":0,"_uf_disable_surveys":false},"product_cat":[58,30],"product_tag":[],"_links":{"self":[{"href":"https:\/\/insertapr.com\/index.php?rest_route=\/wp\/v2\/product\/8150"}],"collection":[{"href":"https:\/\/insertapr.com\/index.php?rest_route=\/wp\/v2\/product"}],"about":[{"href":"https:\/\/insertapr.com\/index.php?rest_route=\/wp\/v2\/types\/product"}],"replies":[{"embeddable":true,"href":"https:\/\/insertapr.com\/index.php?rest_route=%2Fwp%2Fv2%2Fcomments&post=8150"}],"wp:featuredmedia":[{"embeddable":true,"href":"https:\/\/insertapr.com\/index.php?rest_route=\/wp\/v2\/media\/8151"}],"wp:attachment":[{"href":"https:\/\/insertapr.com\/index.php?rest_route=%2Fwp%2Fv2%2Fmedia&parent=8150"}],"wp:term":[{"taxonomy":"product_cat","embeddable":true,"href":"https:\/\/insertapr.com\/index.php?rest_route=%2Fwp%2Fv2%2Fproduct_cat&post=8150"},{"taxonomy":"product_tag","embeddable":true,"href":"https:\/\/insertapr.com\/index.php?rest_route=%2Fwp%2Fv2%2Fproduct_tag&post=8150"}],"curies":[{"name":"wp","href":"https:\/\/api.w.org\/{rel}","templated":true}]}}