{"id":8141,"date":"2026-04-02T18:34:31","date_gmt":"2026-04-02T22:34:31","guid":{"rendered":"https:\/\/insertapr.com\/?post_type=product&#038;p=8141"},"modified":"2026-04-02T18:34:34","modified_gmt":"2026-04-02T22:34:34","slug":"aristoteles-y-dante-descubren-los-secretos-del-universo-3","status":"publish","type":"product","link":"https:\/\/insertapr.com\/?product=aristoteles-y-dante-descubren-los-secretos-del-universo-3","title":{"rendered":"ARISTOTELES Y DANTE DESCUBREN LOS SECRETOS DEL UNIVERSO"},"content":{"rendered":"","protected":false},"excerpt":{"rendered":"<p data-start=\"64\" data-end=\"466\">Dante sabe nadar. Arist\u00f3teles, no. Dante es hablador y seguro de s\u00ed mismo. Ari duda todo el tiempo y le cuesta entablar una conversaci\u00f3n con alguien. Dante no para de pensar en poes\u00eda y arte. Ari vuelve constantemente al recuerdo de su hermano, que est\u00e1 en prisi\u00f3n. Dante es un sabelotodo que tiene una manera especial de entender el mundo. Ari es introvertido. Dante es m\u00e1s bien blanco. Ari es moreno.<\/p>\n<p data-start=\"468\" data-end=\"712\">Y, aunque a simple vista no tienen nada en com\u00fan, se encuentran y empiezan a pasar tiempo juntos. As\u00ed construyen una amistad entra\u00f1able que les permitir\u00e1 aprender a creer en ellos mismos, a ser m\u00e1s grandes y descubrir los secretos del universo.<\/p>\n","protected":false},"featured_media":8142,"comment_status":"open","ping_status":"closed","template":"","meta":{"_monsterinsights_skip_tracking":false,"_monsterinsights_sitenote_active":false,"_monsterinsights_sitenote_note":"","_monsterinsights_sitenote_category":0,"_uf_show_specific_survey":0,"_uf_disable_surveys":false},"product_cat":[129,30,25],"product_tag":[],"_links":{"self":[{"href":"https:\/\/insertapr.com\/index.php?rest_route=\/wp\/v2\/product\/8141"}],"collection":[{"href":"https:\/\/insertapr.com\/index.php?rest_route=\/wp\/v2\/product"}],"about":[{"href":"https:\/\/insertapr.com\/index.php?rest_route=\/wp\/v2\/types\/product"}],"replies":[{"embeddable":true,"href":"https:\/\/insertapr.com\/index.php?rest_route=%2Fwp%2Fv2%2Fcomments&post=8141"}],"wp:featuredmedia":[{"embeddable":true,"href":"https:\/\/insertapr.com\/index.php?rest_route=\/wp\/v2\/media\/8142"}],"wp:attachment":[{"href":"https:\/\/insertapr.com\/index.php?rest_route=%2Fwp%2Fv2%2Fmedia&parent=8141"}],"wp:term":[{"taxonomy":"product_cat","embeddable":true,"href":"https:\/\/insertapr.com\/index.php?rest_route=%2Fwp%2Fv2%2Fproduct_cat&post=8141"},{"taxonomy":"product_tag","embeddable":true,"href":"https:\/\/insertapr.com\/index.php?rest_route=%2Fwp%2Fv2%2Fproduct_tag&post=8141"}],"curies":[{"name":"wp","href":"https:\/\/api.w.org\/{rel}","templated":true}]}}