{"id":8130,"date":"2026-03-30T16:17:22","date_gmt":"2026-03-30T20:17:22","guid":{"rendered":"https:\/\/insertapr.com\/?post_type=product&#038;p=8130"},"modified":"2026-03-30T16:17:25","modified_gmt":"2026-03-30T20:17:25","slug":"aprendiz-del-villano-de-bolsillo","status":"publish","type":"product","link":"https:\/\/insertapr.com\/?product=aprendiz-del-villano-de-bolsillo","title":{"rendered":"APRENDIZ DEL VILLANO (DE BOLSILLO)"},"content":{"rendered":"","protected":false},"excerpt":{"rendered":"<p data-start=\"64\" data-end=\"304\">AVISO PARA EL PERSONAL: Recientemente se ha producido un inquietante aumento de la felicidad, los comportamientos alegres y el optimismo en general. Se ruega reanuden sus quehaceres oscuros y ominosos lo antes posible. -El equipo directivo.<\/p>\n<p data-start=\"306\" data-end=\"710\">Evie Sage est\u00e1 m\u00e1s contenta que nunca de ser la asistente de El Villano. \u00bfQui\u00e9n iba a pensar que trabajar para un se\u00f1or del mal tan sumamente guapo (shhh, eso perjudica su reputaci\u00f3n) ser\u00eda tan gratificante? Aun as\u00ed, lo de hacer el mal es una tarea muy exigente, ya que las fuerzas del bien no se cansan de insistir, y cierto jefe intimidante est\u00e1 un poco&#8230;, eh&#8230;, fuera de la oficina y fuera de juego.<\/p>\n<p data-start=\"712\" data-end=\"1029\">Sin embargo, Rennedawn tiene graves problemas \u2014como bien indican los cartelitos de Reymundo\u2014 y todos los indicios apuntan a una cat\u00e1strofe. Algo peculiar est\u00e1 ocurriendo con la magia del reino, y este hecho ha provocado que la mansi\u00f3n de El Villano se vuelva vulnerable ante sus enemigos, incluido su n\u00e9mesis: el rey.<\/p>\n<p data-start=\"1031\" data-end=\"1249\">Ahora es el momento de que Evie se enfrente a su mayor desaf\u00edo: proteger la guarida de El Villano, todas sus actividades perversas y, tal vez (siempre y cuando nadie se d\u00e9 cuenta), el reino entero. Sin presiones, Evie.<\/p>\n<p data-start=\"1251\" data-end=\"1434\">Es hora de salir de su zona de confort y aprender nuevas habilidades. Como a traicionar. A usar una daga. A conspirar con el enemigo. Todo es tan&#8230;, tan&#8230; \u00a1extremadamente divertido!<\/p>\n<p data-start=\"1436\" data-end=\"1530\">Pero \u00bfqu\u00e9 ocurre cuando la asistente de El Villano est\u00e1 lista para convertirse en su aprendiz?<\/p>\n","protected":false},"featured_media":8131,"comment_status":"open","ping_status":"closed","template":"","meta":{"_monsterinsights_skip_tracking":false,"_monsterinsights_sitenote_active":false,"_monsterinsights_sitenote_note":"","_monsterinsights_sitenote_category":0,"_uf_show_specific_survey":0,"_uf_disable_surveys":false},"product_cat":[46,129,30],"product_tag":[],"_links":{"self":[{"href":"https:\/\/insertapr.com\/index.php?rest_route=\/wp\/v2\/product\/8130"}],"collection":[{"href":"https:\/\/insertapr.com\/index.php?rest_route=\/wp\/v2\/product"}],"about":[{"href":"https:\/\/insertapr.com\/index.php?rest_route=\/wp\/v2\/types\/product"}],"replies":[{"embeddable":true,"href":"https:\/\/insertapr.com\/index.php?rest_route=%2Fwp%2Fv2%2Fcomments&post=8130"}],"wp:featuredmedia":[{"embeddable":true,"href":"https:\/\/insertapr.com\/index.php?rest_route=\/wp\/v2\/media\/8131"}],"wp:attachment":[{"href":"https:\/\/insertapr.com\/index.php?rest_route=%2Fwp%2Fv2%2Fmedia&parent=8130"}],"wp:term":[{"taxonomy":"product_cat","embeddable":true,"href":"https:\/\/insertapr.com\/index.php?rest_route=%2Fwp%2Fv2%2Fproduct_cat&post=8130"},{"taxonomy":"product_tag","embeddable":true,"href":"https:\/\/insertapr.com\/index.php?rest_route=%2Fwp%2Fv2%2Fproduct_tag&post=8130"}],"curies":[{"name":"wp","href":"https:\/\/api.w.org\/{rel}","templated":true}]}}