{"id":8124,"date":"2026-03-30T15:48:05","date_gmt":"2026-03-30T19:48:05","guid":{"rendered":"https:\/\/insertapr.com\/?post_type=product&#038;p=8124"},"modified":"2026-04-06T10:40:14","modified_gmt":"2026-04-06T14:40:14","slug":"majareta","status":"publish","type":"product","link":"https:\/\/insertapr.com\/?product=majareta","title":{"rendered":"MAJARETA"},"content":{"rendered":"","protected":false},"excerpt":{"rendered":"<p data-start=\"64\" data-end=\"127\">Todo el barrio conoce su historia, pero nadie conoce la verdad.<\/p>\n<p data-start=\"129\" data-end=\"184\">La m\u00e1s divertida y brillante novela de Juan Manuel Gil.<\/p>\n<p data-start=\"186\" data-end=\"671\">Despu\u00e9s de m\u00e1s de treinta a\u00f1os de servicio en la conserjer\u00eda de un colegio, Leo Almada, el majareta, es prejubilado inesperadamente. Este hecho lo llevar\u00e1 a protagonizar un perturbador episodio en el que los principales afectados ser\u00e1n los alumnos del centro. Conmocionados por lo ocurrido, todos en el barrio compartir\u00e1n cuanto saben de \u00e9l y opinar\u00e1n sobre las razones que llevaron a este hombre a cometer lo que, para algunos, fue una locura y, para otros, la peor de sus pesadillas.<\/p>\n<p data-start=\"673\" data-end=\"1262\">Majareta es una deslumbrante novela compuesta por los testimonios de aquellas personas que conocieron a su protagonista. Todos parecen tener algo que decir sobre el conserje, sus inquietantes h\u00e1bitos, sus secretos inconfesables y los motivos por los que siempre fue considerado uno de los hombres m\u00e1s raros del barrio; tambi\u00e9n uno de los m\u00e1s buenos, tiernos, discretos y generosos. De este modo, asistimos a la formaci\u00f3n de una luminosa y disparatada constelaci\u00f3n de relatos en la que se revela una vida hecha de contradicciones, verdades a medias, mentiras necesarias y giros inesperados.<\/p>\n<p data-start=\"1264\" data-end=\"1642\">Con una originalidad desbordante, Majareta es una obra que hace de la oralidad y del humor su manera de llegar al coraz\u00f3n de esos tormentos que, a veces, arrastramos durante toda una vida. La nueva novela de Juan Manuel Gil es profundamente divertida, \u00fanica y vibrante hasta la \u00faltima p\u00e1gina, y nos adentra en esa luminosa ficci\u00f3n que nos permite desentra\u00f1ar la oscura realidad.<\/p>\n","protected":false},"featured_media":8125,"comment_status":"open","ping_status":"closed","template":"","meta":{"_monsterinsights_skip_tracking":false,"_monsterinsights_sitenote_active":false,"_monsterinsights_sitenote_note":"","_monsterinsights_sitenote_category":0,"_uf_show_specific_survey":0,"_uf_disable_surveys":false},"product_cat":[58,30],"product_tag":[],"_links":{"self":[{"href":"https:\/\/insertapr.com\/index.php?rest_route=\/wp\/v2\/product\/8124"}],"collection":[{"href":"https:\/\/insertapr.com\/index.php?rest_route=\/wp\/v2\/product"}],"about":[{"href":"https:\/\/insertapr.com\/index.php?rest_route=\/wp\/v2\/types\/product"}],"replies":[{"embeddable":true,"href":"https:\/\/insertapr.com\/index.php?rest_route=%2Fwp%2Fv2%2Fcomments&post=8124"}],"wp:featuredmedia":[{"embeddable":true,"href":"https:\/\/insertapr.com\/index.php?rest_route=\/wp\/v2\/media\/8125"}],"wp:attachment":[{"href":"https:\/\/insertapr.com\/index.php?rest_route=%2Fwp%2Fv2%2Fmedia&parent=8124"}],"wp:term":[{"taxonomy":"product_cat","embeddable":true,"href":"https:\/\/insertapr.com\/index.php?rest_route=%2Fwp%2Fv2%2Fproduct_cat&post=8124"},{"taxonomy":"product_tag","embeddable":true,"href":"https:\/\/insertapr.com\/index.php?rest_route=%2Fwp%2Fv2%2Fproduct_tag&post=8124"}],"curies":[{"name":"wp","href":"https:\/\/api.w.org\/{rel}","templated":true}]}}