{"id":8118,"date":"2026-03-24T09:41:40","date_gmt":"2026-03-24T13:41:40","guid":{"rendered":"https:\/\/insertapr.com\/?post_type=product&#038;p=8118"},"modified":"2026-03-24T09:41:43","modified_gmt":"2026-03-24T13:41:43","slug":"en-vela","status":"publish","type":"product","link":"https:\/\/insertapr.com\/?product=en-vela","title":{"rendered":"EN VELA"},"content":{"rendered":"","protected":false},"excerpt":{"rendered":"<p><a>ANA PENYAS<\/a><\/p>\n<p data-start=\"0\" data-end=\"107\">El insomnio: el implacable mal de nuestra era, bajo la mirada de Ana Penyas, Premio Nacional de C\u00f3mic 2018.<\/p>\n<p data-start=\"109\" data-end=\"362\">\u00bfQu\u00e9 nos mantiene despiertos por la noche? Ana Penyas busca dar respuesta a esta pregunta. La autora dirige su mirada atenta, cr\u00edtica y reveladora hacia el insomnio, la angustia compartida que se ha convertido en uno de los grandes males de nuestra era.<\/p>\n<p data-start=\"364\" data-end=\"749\"><em data-start=\"364\" data-end=\"373\">En vela<\/em> es una historia coral que transcurre durante seis noches y un d\u00eda. Las horas sin dormir revelan situaciones de precariedad laboral, incertidumbre y desigualdades sociales que a menudo se transforman en fantasmas. Adem\u00e1s, la falta de desconexi\u00f3n de las pantallas y el consumo de ansiol\u00edticos como herramienta para sostener la vida dejan una huella profunda en la salud mental.<\/p>\n<p data-start=\"751\" data-end=\"956\">Ana Penyas, Premio Nacional del C\u00f3mic 2018 por <em data-start=\"798\" data-end=\"818\">Estamos todas bien<\/em>, vuelve a poner el foco con su reconocido trabajo gr\u00e1fico en una realidad compleja, convirtiendo su obra en un aparato cr\u00edtico y po\u00e9tico.<\/p>\n<p data-start=\"958\" data-end=\"1274\" data-is-last-node=\"\" data-is-only-node=\"\">La multipremiada autora acumula los siguientes reconocimientos: Premio Angoul\u00eame \u00c9co-Fauve RAJA 2023 por <em data-start=\"1063\" data-end=\"1081\">Todo bajo el sol<\/em>, Premio ACDC\u00f3mic a la mejor obra nacional 2021 por <em data-start=\"1133\" data-end=\"1151\">Todo bajo el sol<\/em>, Premio Nacional de C\u00f3mic 2018 por <em data-start=\"1187\" data-end=\"1207\">Estamos todas bien<\/em> y el Premio FNAC-Salamandra Graphic 2017 por <em data-start=\"1253\" data-end=\"1273\">Estamos todas bien<\/em>.<\/p>\n","protected":false},"featured_media":8119,"comment_status":"open","ping_status":"closed","template":"","meta":{"_monsterinsights_skip_tracking":false,"_monsterinsights_sitenote_active":false,"_monsterinsights_sitenote_note":"","_monsterinsights_sitenote_category":0,"_uf_show_specific_survey":0,"_uf_disable_surveys":false},"product_cat":[58,149,30],"product_tag":[],"_links":{"self":[{"href":"https:\/\/insertapr.com\/index.php?rest_route=\/wp\/v2\/product\/8118"}],"collection":[{"href":"https:\/\/insertapr.com\/index.php?rest_route=\/wp\/v2\/product"}],"about":[{"href":"https:\/\/insertapr.com\/index.php?rest_route=\/wp\/v2\/types\/product"}],"replies":[{"embeddable":true,"href":"https:\/\/insertapr.com\/index.php?rest_route=%2Fwp%2Fv2%2Fcomments&post=8118"}],"wp:featuredmedia":[{"embeddable":true,"href":"https:\/\/insertapr.com\/index.php?rest_route=\/wp\/v2\/media\/8119"}],"wp:attachment":[{"href":"https:\/\/insertapr.com\/index.php?rest_route=%2Fwp%2Fv2%2Fmedia&parent=8118"}],"wp:term":[{"taxonomy":"product_cat","embeddable":true,"href":"https:\/\/insertapr.com\/index.php?rest_route=%2Fwp%2Fv2%2Fproduct_cat&post=8118"},{"taxonomy":"product_tag","embeddable":true,"href":"https:\/\/insertapr.com\/index.php?rest_route=%2Fwp%2Fv2%2Fproduct_tag&post=8118"}],"curies":[{"name":"wp","href":"https:\/\/api.w.org\/{rel}","templated":true}]}}