{"id":8116,"date":"2026-03-24T09:37:47","date_gmt":"2026-03-24T13:37:47","guid":{"rendered":"https:\/\/insertapr.com\/?post_type=product&#038;p=8116"},"modified":"2026-03-24T09:37:50","modified_gmt":"2026-03-24T13:37:50","slug":"unidos-por-hilos-de-oro","status":"publish","type":"product","link":"https:\/\/insertapr.com\/?product=unidos-por-hilos-de-oro","title":{"rendered":"UNIDOS POR HILOS DE ORO"},"content":{"rendered":"","protected":false},"excerpt":{"rendered":"<p><a>HELEN,\u00a0 ELIZABETH<\/a><\/p>\n<p data-start=\"0\" data-end=\"187\">Ha sido rechazada por su compa\u00f1ero y desterrada del reino fe\u00e9rico. Pero nada podr\u00e1 distanciar a Rosalina de sus cuatro pr\u00edncipes bestia. Y tampoco nada podr\u00e1 mantenerlos alejados a ellos.<\/p>\n<p data-start=\"189\" data-end=\"473\">Cuando Keldarion, el pr\u00edncipe que es tambi\u00e9n mi compa\u00f1ero, me obliga a regresar al mundo de los humanos, s\u00e9 que debo hacer todo lo posible por volver con \u00e9l y con mis otras bestias. No s\u00e9 qu\u00e9 est\u00e1 ocultando, pero debo darme prisa porque algo oscuro se cierne sobre el Valle Encantado.<\/p>\n<p data-start=\"475\" data-end=\"845\">Un extra\u00f1o manto de hielo avanza sobre el reino del Oto\u00f1o y todas las sospechas recaen sobre Keldarion. Mientras tanto, Farron, el pr\u00edncipe del Oto\u00f1o, ha sido acusado de conspirador y ha perdido el control de su tierra y de su pueblo. Si los cuatro pr\u00edncipes no logran detener el terrible invierno y demostrar la inocencia de Keldarion, la guerra arrasar\u00e1 todo el reino.<\/p>\n<p data-start=\"847\" data-end=\"1185\">Por si fuera poco, el pr\u00edncipe de las Espinas (que no deja de hablar en mi cabeza) me ha propuesto un pacto perverso, el cretino de mi exprometido no acepta un \u00abno\u00bb por respuesta, y la terrible maldici\u00f3n empeora cada d\u00eda. S\u00ed, la cosa pinta mal. A medida que pasan los d\u00edas, me enamoro m\u00e1s de mis pr\u00edncipes, aunque eso me ponga en peligro.<\/p>\n<p data-start=\"1187\" data-end=\"1355\" data-is-last-node=\"\" data-is-only-node=\"\">Ahora, m\u00e1s que nunca, debo reunir el valor suficiente para ayudar a Farron a detener la guerra. Y permanecer a su lado, siempre que no sea \u00e9l quien me destruya primero.<\/p>\n","protected":false},"featured_media":8117,"comment_status":"open","ping_status":"closed","template":"","meta":{"_monsterinsights_skip_tracking":false,"_monsterinsights_sitenote_active":false,"_monsterinsights_sitenote_note":"","_monsterinsights_sitenote_category":0,"_uf_show_specific_survey":0,"_uf_disable_surveys":false},"product_cat":[30,25],"product_tag":[],"_links":{"self":[{"href":"https:\/\/insertapr.com\/index.php?rest_route=\/wp\/v2\/product\/8116"}],"collection":[{"href":"https:\/\/insertapr.com\/index.php?rest_route=\/wp\/v2\/product"}],"about":[{"href":"https:\/\/insertapr.com\/index.php?rest_route=\/wp\/v2\/types\/product"}],"replies":[{"embeddable":true,"href":"https:\/\/insertapr.com\/index.php?rest_route=%2Fwp%2Fv2%2Fcomments&post=8116"}],"wp:featuredmedia":[{"embeddable":true,"href":"https:\/\/insertapr.com\/index.php?rest_route=\/wp\/v2\/media\/8117"}],"wp:attachment":[{"href":"https:\/\/insertapr.com\/index.php?rest_route=%2Fwp%2Fv2%2Fmedia&parent=8116"}],"wp:term":[{"taxonomy":"product_cat","embeddable":true,"href":"https:\/\/insertapr.com\/index.php?rest_route=%2Fwp%2Fv2%2Fproduct_cat&post=8116"},{"taxonomy":"product_tag","embeddable":true,"href":"https:\/\/insertapr.com\/index.php?rest_route=%2Fwp%2Fv2%2Fproduct_tag&post=8116"}],"curies":[{"name":"wp","href":"https:\/\/api.w.org\/{rel}","templated":true}]}}