{"id":7949,"date":"2026-01-27T11:02:44","date_gmt":"2026-01-27T15:02:44","guid":{"rendered":"https:\/\/insertapr.com\/?post_type=product&#038;p=7949"},"modified":"2026-05-06T15:42:27","modified_gmt":"2026-05-06T19:42:27","slug":"el-susurro-de-las-aves-2","status":"publish","type":"product","link":"https:\/\/insertapr.com\/?product=el-susurro-de-las-aves-2","title":{"rendered":"EL SUSURRO DE LAS AVES"},"content":{"rendered":"<p>Publicaci\u00f3n independiente: 2da edici\u00f3n<\/p>\n<p><span class=\"a-list-item\"><span class=\"a-text-bold\">Fecha de publicaci\u00f3n: \u200e <\/span>15 Enero 2026<\/span><\/p>\n<p><span class=\"a-list-item\"><span class=\"a-text-bold\">Idioma: \u200e <\/span>Espa\u00f1ol<\/span><\/p>\n<p><span class=\"a-list-item\"><span class=\"a-text-bold\">N\u00famero de p\u00e1ginas: \u200e <\/span>282 p\u00e1ginas<\/span><\/p>\n<p><span class=\"a-list-item\"><span class=\"a-text-bold\">ISBN-13 \u200f : \u200e <\/span>979-8278112518<\/span><\/p>\n<p><span class=\"a-list-item\"><span class=\"a-text-bold\">Dimensiones: \u200e <\/span>6 x 0.71 x 9 pulgadas<\/span><\/p>\n","protected":false},"excerpt":{"rendered":"<p><span class=\"a-text-italic\">Una historia de la que te vas a enamorar.<\/span><\/p>\n<p>\u00c9l ha construido su mundo sobre la l\u00f3gica y la ciencia; aquello que no puede probar, simplemente no existe. Y esa manera de vivir le ha funcionado\u2026 hasta que conoce a alguien. Ella es misterio, silencio, sensibilidad pura.<\/p>\n<p>Entre un bosque que guarda secretos, aves cuyo canto parece abrir caminos y sucesos que no pertenecen del todo a este mundo, \u00e9l tendr\u00e1 que decidir si se aferra a lo que conoce o si se atreve a sentir lo que siempre evit\u00f3.<\/p>\n<p>\ud83d\udcab romance paranormal \u00b7 \ud83d\udc9b novela juvenil \u00b7 \ud83c\udf3a ambiente puertorrique\u00f1o<\/p>\n","protected":false},"featured_media":7950,"comment_status":"open","ping_status":"closed","template":"","meta":{"_monsterinsights_skip_tracking":false,"_monsterinsights_sitenote_active":false,"_monsterinsights_sitenote_note":"","_monsterinsights_sitenote_category":0,"_uf_show_specific_survey":0,"_uf_disable_surveys":false},"product_cat":[129,30,25],"product_tag":[],"_links":{"self":[{"href":"https:\/\/insertapr.com\/index.php?rest_route=\/wp\/v2\/product\/7949"}],"collection":[{"href":"https:\/\/insertapr.com\/index.php?rest_route=\/wp\/v2\/product"}],"about":[{"href":"https:\/\/insertapr.com\/index.php?rest_route=\/wp\/v2\/types\/product"}],"replies":[{"embeddable":true,"href":"https:\/\/insertapr.com\/index.php?rest_route=%2Fwp%2Fv2%2Fcomments&post=7949"}],"wp:featuredmedia":[{"embeddable":true,"href":"https:\/\/insertapr.com\/index.php?rest_route=\/wp\/v2\/media\/7950"}],"wp:attachment":[{"href":"https:\/\/insertapr.com\/index.php?rest_route=%2Fwp%2Fv2%2Fmedia&parent=7949"}],"wp:term":[{"taxonomy":"product_cat","embeddable":true,"href":"https:\/\/insertapr.com\/index.php?rest_route=%2Fwp%2Fv2%2Fproduct_cat&post=7949"},{"taxonomy":"product_tag","embeddable":true,"href":"https:\/\/insertapr.com\/index.php?rest_route=%2Fwp%2Fv2%2Fproduct_tag&post=7949"}],"curies":[{"name":"wp","href":"https:\/\/api.w.org\/{rel}","templated":true}]}}