{"id":7946,"date":"2026-01-26T18:41:50","date_gmt":"2026-01-26T22:41:50","guid":{"rendered":"https:\/\/insertapr.com\/?post_type=product&#038;p=7946"},"modified":"2026-03-20T10:56:16","modified_gmt":"2026-03-20T14:56:16","slug":"arizona-in-love","status":"publish","type":"product","link":"https:\/\/insertapr.com\/?product=arizona-in-love","title":{"rendered":"ARIZONA IN LOVE"},"content":{"rendered":"","protected":false},"excerpt":{"rendered":"<p data-start=\"113\" data-end=\"293\">A menudo conducir te lleva a tu destino, pero \u00bfqu\u00e9 pasa cuando el destino te pilla por el camino? Desc\u00fabrelo en esta novela rom\u00e1ntica <em data-start=\"247\" data-end=\"258\">new adult<\/em> con un Cupido en forma de Mustang.<\/p>\n<p data-start=\"295\" data-end=\"347\">La vida es eso que pasa mientras haces otros planes.<\/p>\n<p data-start=\"349\" data-end=\"424\">Lo \u00fanico que quer\u00eda Scarlett era pasar las vacaciones en Utah con su madre.<\/p>\n<p data-start=\"426\" data-end=\"527\">Lo \u00fanico que Christopher ansiaba era poder escapar de una vez por todas de la telara\u00f1a de su familia.<\/p>\n<p data-start=\"529\" data-end=\"703\">Pero con lo que ninguno de los dos contaba era con que el Mustang de Scarlett dejar\u00eda de funcionar en mitad de la nada y los planes de ambos se ver\u00edan truncados para siempre.<\/p>\n<p data-start=\"705\" data-end=\"821\">Christopher ser\u00e1 el mec\u00e1nico encargado de arreglar el coche y, quiz\u00e1s, de poner patas arriba el coraz\u00f3n de la chica.<\/p>\n<p data-start=\"823\" data-end=\"961\">Una historia de pasi\u00f3n e intriga en la que Scarlett y Christopher se ver\u00e1n obligados a dejar de lado su orgullo y apartar sus diferencias.<\/p>\n<p data-start=\"963\" data-end=\"1058\">A veces, aunque no busques el amor, solo hay que dejar que dos corazones latan al mismo tiempo.<\/p>\n","protected":false},"featured_media":7947,"comment_status":"open","ping_status":"closed","template":"","meta":{"_monsterinsights_skip_tracking":false,"_monsterinsights_sitenote_active":false,"_monsterinsights_sitenote_note":"","_monsterinsights_sitenote_category":0,"_uf_show_specific_survey":0,"_uf_disable_surveys":false},"product_cat":[30,25],"product_tag":[],"_links":{"self":[{"href":"https:\/\/insertapr.com\/index.php?rest_route=\/wp\/v2\/product\/7946"}],"collection":[{"href":"https:\/\/insertapr.com\/index.php?rest_route=\/wp\/v2\/product"}],"about":[{"href":"https:\/\/insertapr.com\/index.php?rest_route=\/wp\/v2\/types\/product"}],"replies":[{"embeddable":true,"href":"https:\/\/insertapr.com\/index.php?rest_route=%2Fwp%2Fv2%2Fcomments&post=7946"}],"wp:featuredmedia":[{"embeddable":true,"href":"https:\/\/insertapr.com\/index.php?rest_route=\/wp\/v2\/media\/7947"}],"wp:attachment":[{"href":"https:\/\/insertapr.com\/index.php?rest_route=%2Fwp%2Fv2%2Fmedia&parent=7946"}],"wp:term":[{"taxonomy":"product_cat","embeddable":true,"href":"https:\/\/insertapr.com\/index.php?rest_route=%2Fwp%2Fv2%2Fproduct_cat&post=7946"},{"taxonomy":"product_tag","embeddable":true,"href":"https:\/\/insertapr.com\/index.php?rest_route=%2Fwp%2Fv2%2Fproduct_tag&post=7946"}],"curies":[{"name":"wp","href":"https:\/\/api.w.org\/{rel}","templated":true}]}}