{"id":7944,"date":"2026-01-26T18:39:54","date_gmt":"2026-01-26T22:39:54","guid":{"rendered":"https:\/\/insertapr.com\/?post_type=product&#038;p=7944"},"modified":"2026-03-20T10:56:30","modified_gmt":"2026-03-20T14:56:30","slug":"el-sacrificio-de-la-reina","status":"publish","type":"product","link":"https:\/\/insertapr.com\/?product=el-sacrificio-de-la-reina","title":{"rendered":"EL SACRIFICIO DE LA REINA"},"content":{"rendered":"","protected":false},"excerpt":{"rendered":"<p data-start=\"109\" data-end=\"188\">Una fantas\u00eda rom\u00e1ntica repleta de aventuras, magia, amor, peligro y traiciones.<\/p>\n<p data-start=\"190\" data-end=\"248\">Cuando el enemigo reclama tu vida, \u00bfsolo existe un camino?<\/p>\n<p data-start=\"250\" data-end=\"285\">Rogvall nos ha declarado la guerra.<\/p>\n<p data-start=\"287\" data-end=\"405\">Llevo prepar\u00e1ndome para ser reina de Aisha del Norte desde que era una ni\u00f1a, por eso s\u00e9 que corremos un grave peligro.<\/p>\n<p data-start=\"407\" data-end=\"716\">Nuestra eterna enemistad con los elementales ha provocado guerras y muertes durante milenios. Por desgracia, el pasado nos persigue, y la \u00fanica manera de evitar un nuevo derramamiento de sangre es ofrecerle mi vida a Rogvall\u2026 o tratar de equilibrar la balanza encontrando la manera de arrebatarle sus poderes.<\/p>\n<p data-start=\"718\" data-end=\"1035\">El Alto Mando y mi padre quieren protegerme y dejarme al margen de la expedici\u00f3n, pero esa es una actitud ego\u00edsta que no voy a permitir, aunque para ello tenga que simular que Marcus, el hijo del capit\u00e1n general de Aisha del Norte, me ha embaucado para que me suba en su carromato y abandone la seguridad de mi hogar.<\/p>\n<p data-start=\"1037\" data-end=\"1198\">S\u00e9 que es una locura, sobre todo porque no acabo de entender en qu\u00e9 momento mi enemistad con Marcus se ha ido transformando en un deseo incontrolable de besarlo.<\/p>\n","protected":false},"featured_media":7945,"comment_status":"open","ping_status":"closed","template":"","meta":{"_monsterinsights_skip_tracking":false,"_monsterinsights_sitenote_active":false,"_monsterinsights_sitenote_note":"","_monsterinsights_sitenote_category":0,"_uf_show_specific_survey":0,"_uf_disable_surveys":false},"product_cat":[46,30,25],"product_tag":[],"_links":{"self":[{"href":"https:\/\/insertapr.com\/index.php?rest_route=\/wp\/v2\/product\/7944"}],"collection":[{"href":"https:\/\/insertapr.com\/index.php?rest_route=\/wp\/v2\/product"}],"about":[{"href":"https:\/\/insertapr.com\/index.php?rest_route=\/wp\/v2\/types\/product"}],"replies":[{"embeddable":true,"href":"https:\/\/insertapr.com\/index.php?rest_route=%2Fwp%2Fv2%2Fcomments&post=7944"}],"wp:featuredmedia":[{"embeddable":true,"href":"https:\/\/insertapr.com\/index.php?rest_route=\/wp\/v2\/media\/7945"}],"wp:attachment":[{"href":"https:\/\/insertapr.com\/index.php?rest_route=%2Fwp%2Fv2%2Fmedia&parent=7944"}],"wp:term":[{"taxonomy":"product_cat","embeddable":true,"href":"https:\/\/insertapr.com\/index.php?rest_route=%2Fwp%2Fv2%2Fproduct_cat&post=7944"},{"taxonomy":"product_tag","embeddable":true,"href":"https:\/\/insertapr.com\/index.php?rest_route=%2Fwp%2Fv2%2Fproduct_tag&post=7944"}],"curies":[{"name":"wp","href":"https:\/\/api.w.org\/{rel}","templated":true}]}}