{"id":7855,"date":"2025-12-26T19:09:40","date_gmt":"2025-12-26T23:09:40","guid":{"rendered":"https:\/\/insertapr.com\/?post_type=product&#038;p=7855"},"modified":"2026-03-20T10:57:40","modified_gmt":"2026-03-20T14:57:40","slug":"un-amigo-invisible","status":"publish","type":"product","link":"https:\/\/insertapr.com\/?product=un-amigo-invisible","title":{"rendered":"UN AMIGO INVISIBLE"},"content":{"rendered":"","protected":false},"excerpt":{"rendered":"<p data-start=\"124\" data-end=\"159\"><strong data-start=\"124\" data-end=\"159\">Una Navidad para cambiarlo todo<\/strong><\/p>\n<p data-start=\"161\" data-end=\"369\">\u00bfSabes ese momento en el que dudas de si est\u00e1s tomando las decisiones acertadas? As\u00ed estoy yo. Siento que, a pesar de tenerlo todo, me falta algo y no s\u00e9 qu\u00e9 es. Quiz\u00e1 es el momento de replantearme las cosas.<\/p>\n<p data-start=\"371\" data-end=\"574\">Este diciembre me he comprometido a ser voluntaria en la asociaci\u00f3n. Solo por probar, claro. Y m\u00e1s ahora que he organizado un amigo invisible para alegrar la Navidad a los estudiantes con menos recursos.<\/p>\n<p data-start=\"576\" data-end=\"710\">Bueno, y para alegrar la m\u00eda, porque el chico de la biblioteca estar\u00e1 ah\u00ed, y con esos ojos que tiene&#8230; Eso ayuda bastante, la verdad.<\/p>\n","protected":false},"featured_media":7882,"comment_status":"open","ping_status":"closed","template":"","meta":{"_monsterinsights_skip_tracking":false,"_monsterinsights_sitenote_active":false,"_monsterinsights_sitenote_note":"","_monsterinsights_sitenote_category":0,"_uf_show_specific_survey":0,"_uf_disable_surveys":false},"product_cat":[30,148,25],"product_tag":[],"_links":{"self":[{"href":"https:\/\/insertapr.com\/index.php?rest_route=\/wp\/v2\/product\/7855"}],"collection":[{"href":"https:\/\/insertapr.com\/index.php?rest_route=\/wp\/v2\/product"}],"about":[{"href":"https:\/\/insertapr.com\/index.php?rest_route=\/wp\/v2\/types\/product"}],"replies":[{"embeddable":true,"href":"https:\/\/insertapr.com\/index.php?rest_route=%2Fwp%2Fv2%2Fcomments&post=7855"}],"wp:featuredmedia":[{"embeddable":true,"href":"https:\/\/insertapr.com\/index.php?rest_route=\/wp\/v2\/media\/7882"}],"wp:attachment":[{"href":"https:\/\/insertapr.com\/index.php?rest_route=%2Fwp%2Fv2%2Fmedia&parent=7855"}],"wp:term":[{"taxonomy":"product_cat","embeddable":true,"href":"https:\/\/insertapr.com\/index.php?rest_route=%2Fwp%2Fv2%2Fproduct_cat&post=7855"},{"taxonomy":"product_tag","embeddable":true,"href":"https:\/\/insertapr.com\/index.php?rest_route=%2Fwp%2Fv2%2Fproduct_tag&post=7855"}],"curies":[{"name":"wp","href":"https:\/\/api.w.org\/{rel}","templated":true}]}}