{"id":7798,"date":"2025-12-25T21:56:57","date_gmt":"2025-12-26T01:56:57","guid":{"rendered":"https:\/\/insertapr.com\/?post_type=product&#038;p=7798"},"modified":"2026-03-20T10:57:52","modified_gmt":"2026-03-20T14:57:52","slug":"el-mago-de-oz-edicion-conmemorativa","status":"publish","type":"product","link":"https:\/\/insertapr.com\/?product=el-mago-de-oz-edicion-conmemorativa","title":{"rendered":"EL MAGO DE OZ EDICION CONMEMORATIVA"},"content":{"rendered":"","protected":false},"excerpt":{"rendered":"<p data-start=\"131\" data-end=\"209\">Una de las historias m\u00e1s perdurables de la literatura infantil estadounidense.<\/p>\n<p data-start=\"211\" data-end=\"302\">Traducci\u00f3n de Ignacio G\u00f3mez Calvo.<br data-start=\"245\" data-end=\"248\" \/>Introducci\u00f3n de <span class=\"hover:entity-accent entity-underline inline cursor-pointer align-baseline\"><span class=\"whitespace-normal\">Jack Zipes<\/span><\/span>.<\/p>\n<p data-start=\"304\" data-end=\"777\">Arrancada de su hogar en Kansas por un hurac\u00e1n, la peque\u00f1a Dorothy aterriza en un mundo desconocido. Comienza as\u00ed una traves\u00eda junto a su perro Toto en busca de la \u00fanica persona capaz de devolverlos a casa: el Mago de Oz. Durante el viaje hasta Ciudad Esmeralda, donde vive esa figura, se enfrentar\u00e1n a un sinf\u00edn de obst\u00e1culos y peligros, pero contar\u00e1n tambi\u00e9n con inestimables aliados: un espantap\u00e1jaros sin cerebro, un le\u00f3n sin coraje y un hombre de hojalata sin coraz\u00f3n.<\/p>\n<p data-start=\"779\" data-end=\"1172\">M\u00e1s de un siglo despu\u00e9s de su publicaci\u00f3n, la magia de <span class=\"hover:entity-accent entity-underline inline cursor-pointer align-baseline\"><span class=\"whitespace-normal\">L. Frank Baum<\/span><\/span> se despliega ante nosotros como si el tiempo apenas hubiera transcurrido. Con la iluminadora introducci\u00f3n del profesor y estudioso Jack Zipes y las ilustraciones que han acompa\u00f1ado a la novela desde sus inicios, esta edici\u00f3n rinde homenaje a una de las aventuras m\u00e1s entra\u00f1ables de todos los tiempos.<\/p>\n<p data-start=\"1174\" data-end=\"1325\"><span class=\"hover:entity-accent entity-underline inline cursor-pointer align-baseline\"><span class=\"whitespace-normal\">Ray Bradbury<\/span><\/span> dijo:<br data-start=\"1217\" data-end=\"1220\" \/>\u00abL. Frank Baum ha llenado nuestro siglo, de principio a fin, de ingenuos gozos e insospechados deleites\u00bb.<\/p>\n","protected":false},"featured_media":7799,"comment_status":"open","ping_status":"closed","template":"","meta":{"_monsterinsights_skip_tracking":false,"_monsterinsights_sitenote_active":false,"_monsterinsights_sitenote_note":"","_monsterinsights_sitenote_category":0,"_uf_show_specific_survey":0,"_uf_disable_surveys":false},"product_cat":[146,46,58,30],"product_tag":[],"_links":{"self":[{"href":"https:\/\/insertapr.com\/index.php?rest_route=\/wp\/v2\/product\/7798"}],"collection":[{"href":"https:\/\/insertapr.com\/index.php?rest_route=\/wp\/v2\/product"}],"about":[{"href":"https:\/\/insertapr.com\/index.php?rest_route=\/wp\/v2\/types\/product"}],"replies":[{"embeddable":true,"href":"https:\/\/insertapr.com\/index.php?rest_route=%2Fwp%2Fv2%2Fcomments&post=7798"}],"wp:featuredmedia":[{"embeddable":true,"href":"https:\/\/insertapr.com\/index.php?rest_route=\/wp\/v2\/media\/7799"}],"wp:attachment":[{"href":"https:\/\/insertapr.com\/index.php?rest_route=%2Fwp%2Fv2%2Fmedia&parent=7798"}],"wp:term":[{"taxonomy":"product_cat","embeddable":true,"href":"https:\/\/insertapr.com\/index.php?rest_route=%2Fwp%2Fv2%2Fproduct_cat&post=7798"},{"taxonomy":"product_tag","embeddable":true,"href":"https:\/\/insertapr.com\/index.php?rest_route=%2Fwp%2Fv2%2Fproduct_tag&post=7798"}],"curies":[{"name":"wp","href":"https:\/\/api.w.org\/{rel}","templated":true}]}}