{"id":7794,"date":"2025-12-25T21:49:10","date_gmt":"2025-12-26T01:49:10","guid":{"rendered":"https:\/\/insertapr.com\/?post_type=product&#038;p=7794"},"modified":"2025-12-25T21:51:12","modified_gmt":"2025-12-26T01:51:12","slug":"consejos-para-dias-azules-trilogia-ellas-3","status":"publish","type":"product","link":"https:\/\/insertapr.com\/?product=consejos-para-dias-azules-trilogia-ellas-3","title":{"rendered":"CONSEJOS PARA DIAS AZULES TRILOGIA ELLAS 3"},"content":{"rendered":"","protected":false},"excerpt":{"rendered":"<p data-start=\"119\" data-end=\"224\"><strong data-start=\"119\" data-end=\"224\">SI DISFRUTASTEIS CON LOS D\u00cdAS ROJOS DE ELSA Y LOS ROSAS DE DIANA, OS ENCANTAR\u00c1N LOS AZULES DE NAGORE.<\/strong><\/p>\n<p data-start=\"226\" data-end=\"281\">Descubre a la autora revelaci\u00f3n de la novela rom\u00e1ntica.<\/p>\n<p data-start=\"283\" data-end=\"392\">En la vida siempre hay un momento en que parece que todo se alinea para avanzar\u2026 o eso es lo que nos cuentan.<\/p>\n<p data-start=\"394\" data-end=\"618\">Ah\u00ed supuestamente me encuentro yo: preparada para montar mi hotelito de ensue\u00f1o, con la mente serena, con mi ex <strong data-start=\"506\" data-end=\"522\">olvidad\u00edsimo<\/strong>, a punto para lo que est\u00e1 por venir. Ah, no. Para lo que viene nadie est\u00e1 preparado. <strong data-start=\"608\" data-end=\"618\">NADIE.<\/strong><\/p>\n<p data-start=\"620\" data-end=\"1096\">Pero no pasa nada. Aqu\u00ed estoy yo: Nagore, la echada para adelante. Preparaos para venir conmigo. Eso s\u00ed, no vamos solos. Nos acompa\u00f1an risas y tambi\u00e9n l\u00e1grimas, alguna copa de m\u00e1s, momentos \u00abtierra, tr\u00e1game\u00bb (de esos, m\u00e1s de los que me gustar\u00eda), cierto sujeto que me quita el sue\u00f1o col\u00e1ndose bajo mi piel, unas \u00bfpeque\u00f1as? dosis de mala suerte y, por supuesto, una buena tanda de consejos. Porque eso es lo que una necesita siempre, adem\u00e1s de los que dan las amigas de verdad.<\/p>\n<p data-start=\"1098\" data-end=\"1321\">Entendedme: pensaba que mi vida ya era complicada en el punto en que lo dejamos y no me pod\u00eda imaginar la que se iba a liar. Pero cuando te preguntan \u00ab\u00bfcu\u00e1l es tu color?\u00bb, alguna respuesta tienes que dar. \u00abDepende del d\u00eda\u00bb.<\/p>\n<p data-start=\"1323\" data-end=\"1398\"><strong data-start=\"1323\" data-end=\"1398\">EL DESENLACE DE UNA TRILOG\u00cdA PARA QUIENES R\u00cdEN, AMAN Y NUNCA SE RINDEN.<\/strong><\/p>\n","protected":false},"featured_media":7795,"comment_status":"open","ping_status":"closed","template":"","meta":{"_monsterinsights_skip_tracking":false,"_monsterinsights_sitenote_active":false,"_monsterinsights_sitenote_note":"","_monsterinsights_sitenote_category":0,"_uf_show_specific_survey":0,"_uf_disable_surveys":false},"product_cat":[58,30,25],"product_tag":[],"_links":{"self":[{"href":"https:\/\/insertapr.com\/index.php?rest_route=\/wp\/v2\/product\/7794"}],"collection":[{"href":"https:\/\/insertapr.com\/index.php?rest_route=\/wp\/v2\/product"}],"about":[{"href":"https:\/\/insertapr.com\/index.php?rest_route=\/wp\/v2\/types\/product"}],"replies":[{"embeddable":true,"href":"https:\/\/insertapr.com\/index.php?rest_route=%2Fwp%2Fv2%2Fcomments&post=7794"}],"wp:featuredmedia":[{"embeddable":true,"href":"https:\/\/insertapr.com\/index.php?rest_route=\/wp\/v2\/media\/7795"}],"wp:attachment":[{"href":"https:\/\/insertapr.com\/index.php?rest_route=%2Fwp%2Fv2%2Fmedia&parent=7794"}],"wp:term":[{"taxonomy":"product_cat","embeddable":true,"href":"https:\/\/insertapr.com\/index.php?rest_route=%2Fwp%2Fv2%2Fproduct_cat&post=7794"},{"taxonomy":"product_tag","embeddable":true,"href":"https:\/\/insertapr.com\/index.php?rest_route=%2Fwp%2Fv2%2Fproduct_tag&post=7794"}],"curies":[{"name":"wp","href":"https:\/\/api.w.org\/{rel}","templated":true}]}}