{"id":7792,"date":"2025-12-25T21:48:37","date_gmt":"2025-12-26T01:48:37","guid":{"rendered":"https:\/\/insertapr.com\/?post_type=product&#038;p=7792"},"modified":"2025-12-25T21:48:40","modified_gmt":"2025-12-26T01:48:40","slug":"instrucciones-para-dias-rosas","status":"publish","type":"product","link":"https:\/\/insertapr.com\/?product=instrucciones-para-dias-rosas","title":{"rendered":"INSTRUCCIONES PARA DIAS ROSAS"},"content":{"rendered":"","protected":false},"excerpt":{"rendered":"<p data-start=\"113\" data-end=\"222\"><strong data-start=\"113\" data-end=\"222\">SI ALGUNA VEZ HAS DESEADO QUE LA VIDA VINIERA CON INSTRUCCIONES DE USO\u2026<br data-start=\"186\" data-end=\"189\" \/>ENTONCES ESTA NOVELA ES PARA TI<\/strong><\/p>\n<p data-start=\"224\" data-end=\"574\">\u00bfQu\u00e9 pasa cuando t\u00fa \u2014que te considerabas la m\u00e1s sensata, calmada y responsable de tu grupo de amigas\u2014 metes la pata hasta el fondo? \u00bfQu\u00e9 ocurre cuando, de pronto, abres los ojos a una realidad que hab\u00edas intentado ignorar? Pues que el mundo se te pone patas arriba y no puedes dejar de preguntarte si de verdad has estado tan ciega o si hay algo m\u00e1s\u2026<\/p>\n<p data-start=\"576\" data-end=\"743\">Pero \u00bfa qui\u00e9n quiero enga\u00f1ar? Claro que hay algo m\u00e1s. Siempre lo hay. No es f\u00e1cil asumir que tu relaci\u00f3n \u2014esa que pensabas que era id\u00edlica\u2014 hace agua por todas partes.<\/p>\n<p data-start=\"745\" data-end=\"1079\">Con esta dosis de realidad y la boda de una de mis mejores amigas a la vuelta de la esquina, tengo la cabeza en las nubes y me siento mucho menos emocionada de lo que deber\u00eda. Adem\u00e1s, estoy rodeada de secretos que, por primera vez, ni siquiera puedo compartir con ellas, quienes siempre est\u00e1n ah\u00ed para ser mi br\u00fajula cuando me pierdo.<\/p>\n<p data-start=\"1081\" data-end=\"1308\">Y es que, en este pueblo en el que la vida parece pl\u00e1cida, de repente todo se me ha vuelto terriblemente complicado. \u00bfLa mayor de las dificultades? Esquivar a una tentaci\u00f3n andante que no hace m\u00e1s que interponerse en mi camino.<\/p>\n<p data-start=\"1310\" data-end=\"1388\"><strong data-start=\"1310\" data-end=\"1388\">LA SEGUNDA PARTE DE UNA TRILOG\u00cdA PARA QUIENES R\u00cdEN, AMAN Y NUNCA SE RINDEN<\/strong><\/p>\n","protected":false},"featured_media":7793,"comment_status":"open","ping_status":"closed","template":"","meta":{"_monsterinsights_skip_tracking":false,"_monsterinsights_sitenote_active":false,"_monsterinsights_sitenote_note":"","_monsterinsights_sitenote_category":0,"_uf_show_specific_survey":0,"_uf_disable_surveys":false},"product_cat":[58,30,25],"product_tag":[],"_links":{"self":[{"href":"https:\/\/insertapr.com\/index.php?rest_route=\/wp\/v2\/product\/7792"}],"collection":[{"href":"https:\/\/insertapr.com\/index.php?rest_route=\/wp\/v2\/product"}],"about":[{"href":"https:\/\/insertapr.com\/index.php?rest_route=\/wp\/v2\/types\/product"}],"replies":[{"embeddable":true,"href":"https:\/\/insertapr.com\/index.php?rest_route=%2Fwp%2Fv2%2Fcomments&post=7792"}],"wp:featuredmedia":[{"embeddable":true,"href":"https:\/\/insertapr.com\/index.php?rest_route=\/wp\/v2\/media\/7793"}],"wp:attachment":[{"href":"https:\/\/insertapr.com\/index.php?rest_route=%2Fwp%2Fv2%2Fmedia&parent=7792"}],"wp:term":[{"taxonomy":"product_cat","embeddable":true,"href":"https:\/\/insertapr.com\/index.php?rest_route=%2Fwp%2Fv2%2Fproduct_cat&post=7792"},{"taxonomy":"product_tag","embeddable":true,"href":"https:\/\/insertapr.com\/index.php?rest_route=%2Fwp%2Fv2%2Fproduct_tag&post=7792"}],"curies":[{"name":"wp","href":"https:\/\/api.w.org\/{rel}","templated":true}]}}