{"id":7768,"date":"2025-12-25T21:16:58","date_gmt":"2025-12-26T01:16:58","guid":{"rendered":"https:\/\/insertapr.com\/?post_type=product&#038;p=7768"},"modified":"2025-12-25T21:17:01","modified_gmt":"2025-12-26T01:17:01","slug":"oye-diabla","status":"publish","type":"product","link":"https:\/\/insertapr.com\/?product=oye-diabla","title":{"rendered":"OYE DIABLA"},"content":{"rendered":"","protected":false},"excerpt":{"rendered":"<p data-start=\"121\" data-end=\"159\">Me llamo Hudson y mi vida es sencilla:<\/p>\n<p data-start=\"161\" data-end=\"209\">Cazo criaturas de la noche junto con mi familia.<\/p>\n<p data-start=\"211\" data-end=\"272\">Me hago un nuevo tatuaje por cada monstruo al que doy muerte.<\/p>\n<p data-start=\"274\" data-end=\"396\">El sexo y la comida son sagrados. Tambi\u00e9n mi perra, Postre. Ella es mi \u00fanica nena, porque eso de enamorarse no va conmigo.<\/p>\n<p data-start=\"398\" data-end=\"424\">Y ahora tengo un problema:<\/p>\n<p data-start=\"426\" data-end=\"436\">La diabla.<\/p>\n<p data-start=\"438\" data-end=\"657\">Arde con la plata, esconde demasiados secretos y nos est\u00e1 poniendo un poquito dif\u00edcil eso de matarla. Y conseguir\u00e1 que mi madre me arranque los test\u00edculos cuando descubra que \u00faltimamente solo quiero estar cerca de ella.<\/p>\n<p data-start=\"659\" data-end=\"732\">Una novela gamberra y desenfadada que te har\u00e1 re\u00edr y desear lo prohibido.<\/p>\n","protected":false},"featured_media":7769,"comment_status":"open","ping_status":"closed","template":"","meta":{"_monsterinsights_skip_tracking":false,"_monsterinsights_sitenote_active":false,"_monsterinsights_sitenote_note":"","_monsterinsights_sitenote_category":0,"_uf_show_specific_survey":0,"_uf_disable_surveys":false},"product_cat":[46,58,30,25],"product_tag":[],"_links":{"self":[{"href":"https:\/\/insertapr.com\/index.php?rest_route=\/wp\/v2\/product\/7768"}],"collection":[{"href":"https:\/\/insertapr.com\/index.php?rest_route=\/wp\/v2\/product"}],"about":[{"href":"https:\/\/insertapr.com\/index.php?rest_route=\/wp\/v2\/types\/product"}],"replies":[{"embeddable":true,"href":"https:\/\/insertapr.com\/index.php?rest_route=%2Fwp%2Fv2%2Fcomments&post=7768"}],"wp:featuredmedia":[{"embeddable":true,"href":"https:\/\/insertapr.com\/index.php?rest_route=\/wp\/v2\/media\/7769"}],"wp:attachment":[{"href":"https:\/\/insertapr.com\/index.php?rest_route=%2Fwp%2Fv2%2Fmedia&parent=7768"}],"wp:term":[{"taxonomy":"product_cat","embeddable":true,"href":"https:\/\/insertapr.com\/index.php?rest_route=%2Fwp%2Fv2%2Fproduct_cat&post=7768"},{"taxonomy":"product_tag","embeddable":true,"href":"https:\/\/insertapr.com\/index.php?rest_route=%2Fwp%2Fv2%2Fproduct_tag&post=7768"}],"curies":[{"name":"wp","href":"https:\/\/api.w.org\/{rel}","templated":true}]}}