{"id":7765,"date":"2025-12-25T21:14:14","date_gmt":"2025-12-26T01:14:14","guid":{"rendered":"https:\/\/insertapr.com\/?post_type=product&#038;p=7765"},"modified":"2026-01-23T06:58:37","modified_gmt":"2026-01-23T10:58:37","slug":"hagase-la-luz","status":"publish","type":"product","link":"https:\/\/insertapr.com\/?product=hagase-la-luz","title":{"rendered":"HAGASE LA LUZ"},"content":{"rendered":"","protected":false},"excerpt":{"rendered":"<p data-start=\"122\" data-end=\"163\">\u00abUna maravilla\u00bb.<br data-start=\"138\" data-end=\"141\" \/>\u2014 <em data-start=\"143\" data-end=\"163\">The New York Times<\/em><\/p>\n<p data-start=\"165\" data-end=\"382\"><em data-start=\"165\" data-end=\"180\">H\u00e1gase la luz<\/em> es prueba de que las mejores historias nunca mueren. En esta atrevida reescritura del G\u00e9nesis, Dios es una mujer; no es perfecta y, como suele ocurrir, a veces duda de s\u00ed misma. Tambi\u00e9n se siente sola.<\/p>\n<p data-start=\"384\" data-end=\"849\">\u00bfQu\u00e9 significa ser humano? \u00bfCu\u00e1l es nuestro prop\u00f3sito? \u00bfC\u00f3mo debemos tratarnos los unos a los otros? Las grandes preguntas de la Tor\u00e1 y del Antiguo Testamento todav\u00eda son las nuestras y, con perspicacia, humor y un trazo enternecedor, <span class=\"hover:entity-accent entity-underline inline cursor-pointer align-baseline\"><span class=\"whitespace-normal\">Liana Finck<\/span><\/span> combina la sabidur\u00eda del texto original \u2014al que sigue de cerca\u2014 con su irreverencia personal para ofrecernos una versi\u00f3n tan contempor\u00e1nea como espiritual del mayor superventas de la historia.<\/p>\n","protected":false},"featured_media":7766,"comment_status":"open","ping_status":"closed","template":"","meta":{"_monsterinsights_skip_tracking":false,"_monsterinsights_sitenote_active":false,"_monsterinsights_sitenote_note":"","_monsterinsights_sitenote_category":0,"_uf_show_specific_survey":0,"_uf_disable_surveys":false},"product_cat":[58,149,30],"product_tag":[],"_links":{"self":[{"href":"https:\/\/insertapr.com\/index.php?rest_route=\/wp\/v2\/product\/7765"}],"collection":[{"href":"https:\/\/insertapr.com\/index.php?rest_route=\/wp\/v2\/product"}],"about":[{"href":"https:\/\/insertapr.com\/index.php?rest_route=\/wp\/v2\/types\/product"}],"replies":[{"embeddable":true,"href":"https:\/\/insertapr.com\/index.php?rest_route=%2Fwp%2Fv2%2Fcomments&post=7765"}],"wp:featuredmedia":[{"embeddable":true,"href":"https:\/\/insertapr.com\/index.php?rest_route=\/wp\/v2\/media\/7766"}],"wp:attachment":[{"href":"https:\/\/insertapr.com\/index.php?rest_route=%2Fwp%2Fv2%2Fmedia&parent=7765"}],"wp:term":[{"taxonomy":"product_cat","embeddable":true,"href":"https:\/\/insertapr.com\/index.php?rest_route=%2Fwp%2Fv2%2Fproduct_cat&post=7765"},{"taxonomy":"product_tag","embeddable":true,"href":"https:\/\/insertapr.com\/index.php?rest_route=%2Fwp%2Fv2%2Fproduct_tag&post=7765"}],"curies":[{"name":"wp","href":"https:\/\/api.w.org\/{rel}","templated":true}]}}