{"id":7744,"date":"2025-12-25T20:26:58","date_gmt":"2025-12-26T00:26:58","guid":{"rendered":"https:\/\/insertapr.com\/?post_type=product&#038;p=7744"},"modified":"2025-12-25T20:27:01","modified_gmt":"2025-12-26T00:27:01","slug":"noche-negra","status":"publish","type":"product","link":"https:\/\/insertapr.com\/?product=noche-negra","title":{"rendered":"NOCHE NEGRA"},"content":{"rendered":"","protected":false},"excerpt":{"rendered":"<p data-start=\"141\" data-end=\"285\">Una mujer en el coraz\u00f3n de las tinieblas, convertida en la sombra y en la amenaza. Una sobreviviente, perdida y ciega, en la cerraz\u00f3n del mundo.<\/p>\n<p data-start=\"287\" data-end=\"413\">\u00abHipn\u00f3tica, sobrecogedora, peligrosa, conmovedora. Esa tremenda selva la llevar\u00e9 para siempre en mi memoria\u00bb.<br data-start=\"396\" data-end=\"399\" \/>\u2014 Rosa Montero<\/p>\n<p data-start=\"415\" data-end=\"589\">\u00abC\u00f3mo resumir todo lo que me fascin\u00f3 de Pilar Quintana. El brutal lirismo. Su caminar contra lo esperado. Esa tensi\u00f3n afilad\u00edsima, po\u00e9tica y nada complaciente\u00bb.<br data-start=\"575\" data-end=\"578\" \/>\u2014 Sara Mesa<\/p>\n<p data-start=\"591\" data-end=\"776\">\u00abNunca hab\u00eda visto una madrugada tan negra y quieta, con la selva, las islas y el mar casi confundidos con la oscuridad. El mundo le pareci\u00f3 aterrador, como tomado por fuerzas ocultas\u00bb.<\/p>\n<p data-start=\"778\" data-end=\"1050\">Rosa decide dejar su vida c\u00f3moda en la ciudad para irse con Gene, su pareja de origen irland\u00e9s, a construir con sus propias manos una casa en la selva, a orillas del mar. Cuando \u00e9l tiene que irse unos d\u00edas, ella queda sola en aquel paraje que a\u00fan le resulta indescifrable.<\/p>\n<p data-start=\"1052\" data-end=\"1363\">Durante ese tiempo, a medida que la luna mengua y las noches se oscurecen, Rosa se enfrenta a las amenazas de la ingobernable naturaleza que la rodea y tambi\u00e9n a los otros, los vecinos del lugar que la saben sola. Su pasado, adem\u00e1s, no deja de acecharla, y su soledad se hace cada vez m\u00e1s profunda y definitiva.<\/p>\n<p data-start=\"1365\" data-end=\"1500\">En esta novela portentosa que corta el aliento, la prosa rotunda de Pilar Quintana nos produce admiraci\u00f3n e inquietud a partes iguales.<\/p>\n<p data-start=\"1502\" data-end=\"1526\"><strong data-start=\"1502\" data-end=\"1526\">La cr\u00edtica ha dicho:<\/strong><\/p>\n<p data-start=\"1528\" data-end=\"1673\">\u00abLa incertidumbre transforma el relato convencional del principio en una lograd\u00edsima novela de terror\u00bb.<br data-start=\"1631\" data-end=\"1634\" \/>\u2014 Santos Sanz Villanueva, <em data-start=\"1660\" data-end=\"1673\">El Cultural<\/em><\/p>\n<p data-start=\"1675\" data-end=\"1912\">\u00abEl relato duro y po\u00e9tico de una mujer abandonada a sus fuerzas y que atraviesa momentos cr\u00edticos. Pero tambi\u00e9n lo es del coraje de querer recuperar la inocencia y del renacimiento de una mujer nueva\u00bb.<br data-start=\"1876\" data-end=\"1879\" \/>\u2014 Xavier Rodr\u00edguez Ruera, <em data-start=\"1905\" data-end=\"1912\">Zenda<\/em><\/p>\n<p data-start=\"1914\" data-end=\"2106\">\u00abQuintana combina una atm\u00f3sfera g\u00f3tica tropical con un retrato psicol\u00f3gico afilado, explorando soledad, deseo y desamparo con una prosa tensa y precisa\u00bb.<br data-start=\"2067\" data-end=\"2070\" \/>\u2014 Isabel Loscertales, <em data-start=\"2092\" data-end=\"2106\">El Peri\u00f3dico<\/em><\/p>\n<p data-start=\"2108\" data-end=\"2423\">\u00abQuintana vuelve a internarse en el territorio de la selva para explorar los miedos m\u00e1s \u00edntimos y la violencia que atraviesa los cuerpos: [\u2026] un personaje que se debate entre la fragilidad y la resistencia, en una casa sin puertas que simboliza a la vez refugio y vulnerabilidad\u00bb.<br data-start=\"2388\" data-end=\"2391\" \/>\u2014 \u00c1lvaro Dev\u00eds, <em data-start=\"2407\" data-end=\"2423\">Valencia Plaza<\/em><\/p>\n<p data-start=\"2425\" data-end=\"2446\"><strong data-start=\"2425\" data-end=\"2446\">Sobre <em data-start=\"2433\" data-end=\"2443\">La perra<\/em>:<\/strong><\/p>\n<p data-start=\"2448\" data-end=\"2706\">\u00abPilar Quintana tiene potencia literaria; se caracteriza por su pulso firme y serenidad para narrar la pasi\u00f3n, el deseo y la locura humanas, y adem\u00e1s por la claridad y transparencia de sus detallados y complejos artificios novel\u00edsticos\u00bb.<br data-start=\"2685\" data-end=\"2688\" \/>\u2014 Fernanda Melchor<\/p>\n<p data-start=\"2708\" data-end=\"2873\">\u00abDe este libro se sale distinto. Hay aqu\u00ed una mirada sobre la maternidad, la crueldad y lo inexorable de la naturaleza que resulta inolvidable\u00bb.<br data-start=\"2852\" data-end=\"2855\" \/>\u2014 Mariana Enriquez<\/p>\n<p data-start=\"2875\" data-end=\"3033\">\u00abUn libro muy sensual que se mete debajo de la piel. Una exploraci\u00f3n sobrecogedora del deseo maternal en los hermosos paisajes de Colombia\u00bb.<br data-start=\"3015\" data-end=\"3018\" \/>\u2014 Leila Slimani<\/p>\n<p data-start=\"3035\" data-end=\"3059\"><strong data-start=\"3035\" data-end=\"3059\">Sobre <em data-start=\"3043\" data-end=\"3056\">Los abismos<\/em>:<\/strong><\/p>\n<p data-start=\"3061\" data-end=\"3235\">\u00abC\u00f3mo resumir todo lo que me fascin\u00f3 de Pilar Quintana. El brutal lirismo. Su caminar contra lo esperado. Esa tensi\u00f3n afilad\u00edsima, po\u00e9tica y nada complaciente\u00bb.<br data-start=\"3221\" data-end=\"3224\" \/>\u2014 Sara Mesa<\/p>\n<p data-start=\"3237\" data-end=\"3395\">\u00abCon una voz poderosa e inquietante, Pilar Quintana explora los miedos de la infancia junto a las fragilidades y violencias de los adultos\u00bb.<br data-start=\"3377\" data-end=\"3380\" \/>\u2014 Irene Vallejo<\/p>\n","protected":false},"featured_media":7745,"comment_status":"open","ping_status":"closed","template":"","meta":{"_monsterinsights_skip_tracking":false,"_monsterinsights_sitenote_active":false,"_monsterinsights_sitenote_note":"","_monsterinsights_sitenote_category":0,"_uf_show_specific_survey":0,"_uf_disable_surveys":false},"product_cat":[58,30,54],"product_tag":[],"_links":{"self":[{"href":"https:\/\/insertapr.com\/index.php?rest_route=\/wp\/v2\/product\/7744"}],"collection":[{"href":"https:\/\/insertapr.com\/index.php?rest_route=\/wp\/v2\/product"}],"about":[{"href":"https:\/\/insertapr.com\/index.php?rest_route=\/wp\/v2\/types\/product"}],"replies":[{"embeddable":true,"href":"https:\/\/insertapr.com\/index.php?rest_route=%2Fwp%2Fv2%2Fcomments&post=7744"}],"wp:featuredmedia":[{"embeddable":true,"href":"https:\/\/insertapr.com\/index.php?rest_route=\/wp\/v2\/media\/7745"}],"wp:attachment":[{"href":"https:\/\/insertapr.com\/index.php?rest_route=%2Fwp%2Fv2%2Fmedia&parent=7744"}],"wp:term":[{"taxonomy":"product_cat","embeddable":true,"href":"https:\/\/insertapr.com\/index.php?rest_route=%2Fwp%2Fv2%2Fproduct_cat&post=7744"},{"taxonomy":"product_tag","embeddable":true,"href":"https:\/\/insertapr.com\/index.php?rest_route=%2Fwp%2Fv2%2Fproduct_tag&post=7744"}],"curies":[{"name":"wp","href":"https:\/\/api.w.org\/{rel}","templated":true}]}}