{"id":7730,"date":"2025-12-25T20:04:53","date_gmt":"2025-12-26T00:04:53","guid":{"rendered":"https:\/\/insertapr.com\/?post_type=product&#038;p=7730"},"modified":"2025-12-25T20:04:56","modified_gmt":"2025-12-26T00:04:56","slug":"antes-del-volcan","status":"publish","type":"product","link":"https:\/\/insertapr.com\/?product=antes-del-volcan","title":{"rendered":"ANTES DEL VOLCAN"},"content":{"rendered":"","protected":false},"excerpt":{"rendered":"<p data-start=\"156\" data-end=\"435\">Aqu\u00ed encontramos al Jon Bilbao m\u00e1s crudo y el\u00e9ctrico. Las tres primeras colecciones de cuentos que Bilbao public\u00f3 antes de llegar a Impedimenta, reunidas por primera vez en un solo volumen. La piedra fundacional de una de las voces m\u00e1s poderosas de la narrativa breve en espa\u00f1ol.<\/p>\n<p data-start=\"437\" data-end=\"1322\"><em data-start=\"437\" data-end=\"455\">Antes del volc\u00e1n<\/em> es el mapa subterr\u00e1neo de una erupci\u00f3n. En estos relatos \u2014extra\u00eddos de tres libros ya m\u00edticos y largamente inencontrables: <em data-start=\"579\" data-end=\"608\">Como una historia de terror<\/em>, <em data-start=\"610\" data-end=\"638\">Bajo el influjo del cometa<\/em> y <em data-start=\"641\" data-end=\"658\">F\u00edsica familiar<\/em>, a los que se a\u00f1aden tres relatos in\u00e9ditos en forma de <em data-start=\"714\" data-end=\"728\">bonus tracks<\/em>\u2014 Jon Bilbao explora el momento en que lo cotidiano se resquebraja y deja entrever una fisura. Una mujer sue\u00f1a que su casa es tomada por ardillas. Un padre teme la arquitectura mental de su hijo. Un cometa altera el ritmo de un pueblo costero. Una pareja de mirones observa c\u00f3mo sus vecinos leen cada noche la Biblia. Y siempre, por debajo, subyace el temblor de lo desconocido: la amenaza larvada, la violencia que acecha bajo lo visible, el extra\u00f1amiento que asedia lo dom\u00e9stico. <em data-start=\"1210\" data-end=\"1228\">Antes del volc\u00e1n<\/em> re\u00fane los cuentos con los que Jon Bilbao redefini\u00f3 la narrativa breve espa\u00f1ola contempor\u00e1nea.<\/p>\n<p data-start=\"1324\" data-end=\"1640\">Historias que basculan entre la tensi\u00f3n invisible y la grieta emocional, la amenaza natural y el delirio \u00edntimo, lo g\u00f3tico y lo cotidiano. Relatos que, como lava detenida, conservan intacta su temperatura. Una cartograf\u00eda del miedo que nos habita. El punto exacto en el que todo empieza a moverse bajo nuestros pies.<\/p>\n<p data-start=\"1642\" data-end=\"1653\"><strong data-start=\"1642\" data-end=\"1653\">CR\u00cdTICA<\/strong><\/p>\n<p data-start=\"1655\" data-end=\"1822\">\u00abJon Bilbao escribe con tal calidad y es poseedor de una imaginaci\u00f3n tan portentosa que el lector le acompa\u00f1a admirado\u00bb.<br data-start=\"1775\" data-end=\"1778\" \/>\u2014 Jos\u00e9 Mar\u00eda Pozuelo Yvancos, <em data-start=\"1808\" data-end=\"1822\">ABC Cultural<\/em><\/p>\n<p data-start=\"1824\" data-end=\"2081\">\u00abFicci\u00f3n y no ficci\u00f3n se abrazan como ingredientes fundamentales, confundidos en el ejercicio m\u00e1s l\u00fadico de contar historias, en uno de los hitos m\u00e1s redondos que ha alumbrado la narrativa espa\u00f1ola en este siglo\u00bb.<br data-start=\"2037\" data-end=\"2040\" \/>\u2014 Pablo Bujalance, <em data-start=\"2059\" data-end=\"2081\">El Diario de Sevilla<\/em><\/p>\n<p data-start=\"2083\" data-end=\"2265\">\u00abJon Bilbao perfecciona, a cada nuevo libro, su peculiar y, a ratos, muy anglosaj\u00f3n don para aquello que Roberto Bola\u00f1o llam\u00f3 el ejercicio de esgrima\u00bb.<br data-start=\"2234\" data-end=\"2237\" \/>\u2014 Laura Fern\u00e1ndez, <em data-start=\"2256\" data-end=\"2265\">Babelia<\/em><\/p>\n<p data-start=\"2267\" data-end=\"2490\">\u00abLa escritura de Jon Bilbao no es inocente ni gratuita: no escribe solo por darse el gustazo de contar (que tambi\u00e9n), sino que busca un cierto sentido trascendente a la literatura\u00bb.<br data-start=\"2448\" data-end=\"2451\" \/>\u2014 Santos Sanz Villanueva, <em data-start=\"2477\" data-end=\"2490\">El Cultural<\/em><\/p>\n<p data-start=\"2492\" data-end=\"2662\">\u00abEl universo de Jon Bilbao edifica una metarrealidad poblada por seres y conflictos representativos de arraigadas inquietudes existenciales\u00bb.<br data-start=\"2633\" data-end=\"2636\" \/>\u2014 Jes\u00fas Ferrer, <em data-start=\"2652\" data-end=\"2662\">La Raz\u00f3n<\/em><\/p>\n<p data-start=\"2664\" data-end=\"2791\">\u00abJon Bilbao est\u00e1 levantando una obra que podr\u00e1 ser le\u00edda con respeto dentro de cien a\u00f1os\u00bb.<br data-start=\"2754\" data-end=\"2757\" \/>\u2014 Alberto Olmos, <em data-start=\"2774\" data-end=\"2791\">El Confidencial<\/em><\/p>\n<p data-start=\"2793\" data-end=\"3047\">\u00abEl gran m\u00e9rito de Bilbao es, adem\u00e1s de retratar con todas sus virtudes y flaquezas a unos personajes impactantes, su notable agilidad, ese ritmo trepidante que nos lleva sin descanso de una historia a otra, sin darnos cuartel\u00bb.<br data-start=\"3021\" data-end=\"3024\" \/>\u2014 Rosa Mart\u00ed, <em data-start=\"3038\" data-end=\"3047\">Esquire<\/em><\/p>\n<p data-start=\"3049\" data-end=\"3179\">\u00abJon Bilbao es autor de una obra s\u00f3lida y perturbadora, donde es capaz de crear una realidad alternativa\u00bb.<br data-start=\"3155\" data-end=\"3158\" \/>\u2014 <em data-start=\"3160\" data-end=\"3179\">Cine y Literatura<\/em><\/p>\n<p data-start=\"3181\" data-end=\"3322\">\u00abUnas narraciones redondas que avalan que nos cuestionemos la costumbre de vivir, con sus derivas\u00bb.<br data-start=\"3280\" data-end=\"3283\" \/>\u2014 Ricardo Mart\u00ednez Llorca, <em data-start=\"3310\" data-end=\"3322\">Culturamas<\/em><\/p>\n<p data-start=\"3324\" data-end=\"3440\">\u00abJon Bilbao es uno de los escritores m\u00e1s interesantes del panorama literario\u00bb.<br data-start=\"3402\" data-end=\"3405\" \/>\u2014 Ana Abelenda, <em data-start=\"3421\" data-end=\"3440\">La Voz de Galicia<\/em><\/p>\n","protected":false},"featured_media":7731,"comment_status":"open","ping_status":"closed","template":"","meta":{"_monsterinsights_skip_tracking":false,"_monsterinsights_sitenote_active":false,"_monsterinsights_sitenote_note":"","_monsterinsights_sitenote_category":0,"_uf_show_specific_survey":0,"_uf_disable_surveys":false},"product_cat":[58,30],"product_tag":[],"_links":{"self":[{"href":"https:\/\/insertapr.com\/index.php?rest_route=\/wp\/v2\/product\/7730"}],"collection":[{"href":"https:\/\/insertapr.com\/index.php?rest_route=\/wp\/v2\/product"}],"about":[{"href":"https:\/\/insertapr.com\/index.php?rest_route=\/wp\/v2\/types\/product"}],"replies":[{"embeddable":true,"href":"https:\/\/insertapr.com\/index.php?rest_route=%2Fwp%2Fv2%2Fcomments&post=7730"}],"wp:featuredmedia":[{"embeddable":true,"href":"https:\/\/insertapr.com\/index.php?rest_route=\/wp\/v2\/media\/7731"}],"wp:attachment":[{"href":"https:\/\/insertapr.com\/index.php?rest_route=%2Fwp%2Fv2%2Fmedia&parent=7730"}],"wp:term":[{"taxonomy":"product_cat","embeddable":true,"href":"https:\/\/insertapr.com\/index.php?rest_route=%2Fwp%2Fv2%2Fproduct_cat&post=7730"},{"taxonomy":"product_tag","embeddable":true,"href":"https:\/\/insertapr.com\/index.php?rest_route=%2Fwp%2Fv2%2Fproduct_tag&post=7730"}],"curies":[{"name":"wp","href":"https:\/\/api.w.org\/{rel}","templated":true}]}}