{"id":7724,"date":"2025-12-25T19:53:20","date_gmt":"2025-12-25T23:53:20","guid":{"rendered":"https:\/\/insertapr.com\/?post_type=product&#038;p=7724"},"modified":"2025-12-25T19:53:23","modified_gmt":"2025-12-25T23:53:23","slug":"american-psycho","status":"publish","type":"product","link":"https:\/\/insertapr.com\/?product=american-psycho","title":{"rendered":"AMERICAN PSYCHO"},"content":{"rendered":"","protected":false},"excerpt":{"rendered":"<p data-start=\"134\" data-end=\"252\">La novela m\u00e1s infame de Bret Easton Ellis: un cl\u00e1sico contempor\u00e1neo que se ha convertido en s\u00edmbolo de una generaci\u00f3n.<\/p>\n<p data-start=\"254\" data-end=\"552\">\u00abLa vida era como un lienzo en blanco, un clich\u00e9, un culebr\u00f3n. Me sent\u00eda letal, al borde de la histeria. Mis ansias nocturnas de sangre inundaban tambi\u00e9n mis d\u00edas y tuve que dejar la ciudad. Mi m\u00e1scara de cordura amenazaba con desaparecer. Para m\u00ed era la estaci\u00f3n m\u00e1s dura y necesitaba vacaciones\u00bb.<\/p>\n<p data-start=\"554\" data-end=\"851\">El sofisticado, inteligente y vanidoso Patrick Bateman trabaja en Wall Street, idolatra al joven magnate Donald Trump, cena en los restaurantes de moda de Nueva York y es capaz de distinguir un traje Armani a cincuenta metros de distancia. Tambi\u00e9n le gusta violar, torturar, asesinar y desmembrar.<\/p>\n<p data-start=\"853\" data-end=\"1292\"><em data-start=\"853\" data-end=\"870\">American Psycho<\/em>, la novela m\u00e1s pol\u00e9mica de Bret Easton Ellis, se ha convertido en el reflejo m\u00e1s descarnado de la sociedad hipermaterialista de finales de los ochenta y en una de las obras maestras de finales del siglo XX. Bret Easton Ellis lanza una cr\u00edtica corrosiva al ego\u00edsmo y la depravaci\u00f3n del capitalismo exacerbado: un retrato desolador, ir\u00f3nico y rabiosamente vigente de un mundo al borde del colapso en el que todav\u00eda vivimos.<\/p>\n<p data-start=\"1294\" data-end=\"1307\"><strong data-start=\"1294\" data-end=\"1307\">Cr\u00edticas:<\/strong><\/p>\n<p data-start=\"1309\" data-end=\"1448\">\u00ab<em data-start=\"1310\" data-end=\"1327\">American Psycho<\/em> sigue siendo la ex\u00e9gesis literaria m\u00e1s indispensable y salvaje sobre la sociedad que hemos construido\u00bb.<br data-start=\"1431\" data-end=\"1434\" \/>\u2014 Irvine Welsh<\/p>\n<p data-start=\"1450\" data-end=\"1714\">\u00ab<em data-start=\"1451\" data-end=\"1468\">American Psycho<\/em> era, es y ser\u00e1 una obra maestra de la literatura estadounidense del siglo XX [\u2026], s\u00edmbolo, met\u00e1fora, s\u00edntoma y paradigma [\u2026]. Con una prosa y una dicci\u00f3n que logran fundir lo mejor de Ernest Hemingway, Joan Didion y HAL 9000\u00bb.<br data-start=\"1695\" data-end=\"1698\" \/>\u2014 Rodrigo Fres\u00e1n<\/p>\n<p data-start=\"1716\" data-end=\"1777\">\u00abUn libro fundamental\u00bb.<br data-start=\"1739\" data-end=\"1742\" \/>\u2014 Fay Weldon, <em data-start=\"1756\" data-end=\"1777\">The Washington Post<\/em><\/p>\n<p data-start=\"1779\" data-end=\"1873\">\u00abEsto es seguro: esta novela se adelant\u00f3 a su tiempo\u00bb.<br data-start=\"1833\" data-end=\"1836\" \/>\u2014 Dwight Garner, <em data-start=\"1853\" data-end=\"1873\">The New York Times<\/em><\/p>\n<p data-start=\"1875\" data-end=\"2091\">\u00abSeria, inteligente y rompedoramente efectiva [\u2026]. Es un retrato tremendamente coherente de una sociedad mortalmente adicta al aburrimiento; deber\u00eda ser juzgada dentro de los m\u00e1s altos est\u00e1ndares\u00bb.<br data-start=\"2072\" data-end=\"2075\" \/>\u2014 <em data-start=\"2077\" data-end=\"2091\">Sunday Times<\/em><\/p>\n<p data-start=\"2093\" data-end=\"2250\">\u00ab<em data-start=\"2094\" data-end=\"2111\">American Psycho<\/em> es hilarante. Adem\u00e1s de una pesadilla repulsiva, Patrick Bateman es una creaci\u00f3n c\u00f3mica de primer orden\u00bb.<br data-start=\"2217\" data-end=\"2220\" \/>\u2014 Sam Jordison, <em data-start=\"2236\" data-end=\"2250\">The Guardian<\/em><\/p>\n<p data-start=\"2252\" data-end=\"2461\">\u00abHoy en d\u00eda, <em data-start=\"2265\" data-end=\"2282\">American Psycho<\/em> es una obra can\u00f3nica de s\u00e1tira social [\u2026], la m\u00e1s condenatoria cr\u00edtica de las consecuencias culturales del capitalismo contempor\u00e1neo\u00bb.<br data-start=\"2417\" data-end=\"2420\" \/>\u2014 John Pa Rollert, <em data-start=\"2439\" data-end=\"2461\">Chicago Booth Review<\/em><\/p>\n<p data-start=\"2463\" data-end=\"2812\">\u00abQue los contenidos del libro sean escandalosos es completamente indiscutible, pero, del mismo modo que <em data-start=\"2567\" data-end=\"2596\">La hoguera de las vanidades<\/em> expuso la corrupci\u00f3n y la avaricia resultantes de las pol\u00edticas de los a\u00f1os ochenta y sus altos niveles de vida, <em data-start=\"2710\" data-end=\"2727\">American Psycho<\/em> examina las preocupaciones irracionales de los pijos de los noventa\u00bb.<br data-start=\"2797\" data-end=\"2800\" \/>\u2014 <em data-start=\"2802\" data-end=\"2812\">Time Out<\/em><\/p>\n<p data-start=\"2814\" data-end=\"3171\">\u00abUn libro que abras\u00f3 a cr\u00edticos, censores y lectores en general y que finalmente se convirti\u00f3 en uno de los grandes cl\u00e1sicos de culto de la era moderna [\u2026]. A\u00f1os despu\u00e9s de su original y controvertida publicaci\u00f3n, el poder del libro para escandalizar y repeler puede haber disminuido, pero su posici\u00f3n en el canon moderno est\u00e1 asegurada\u00bb.<br data-start=\"3152\" data-end=\"3155\" \/>\u2014 <em data-start=\"3157\" data-end=\"3171\">Literary Hub<\/em><\/p>\n<p data-start=\"3173\" data-end=\"3229\">\u00abEl modelo de una generaci\u00f3n de autores\u00bb.<br data-start=\"3214\" data-end=\"3217\" \/>\u2014 <em data-start=\"3219\" data-end=\"3229\">Le Monde<\/em><\/p>\n","protected":false},"featured_media":7725,"comment_status":"open","ping_status":"closed","template":"","meta":{"_monsterinsights_skip_tracking":false,"_monsterinsights_sitenote_active":false,"_monsterinsights_sitenote_note":"","_monsterinsights_sitenote_category":0,"_uf_show_specific_survey":0,"_uf_disable_surveys":false},"product_cat":[30,54],"product_tag":[],"_links":{"self":[{"href":"https:\/\/insertapr.com\/index.php?rest_route=\/wp\/v2\/product\/7724"}],"collection":[{"href":"https:\/\/insertapr.com\/index.php?rest_route=\/wp\/v2\/product"}],"about":[{"href":"https:\/\/insertapr.com\/index.php?rest_route=\/wp\/v2\/types\/product"}],"replies":[{"embeddable":true,"href":"https:\/\/insertapr.com\/index.php?rest_route=%2Fwp%2Fv2%2Fcomments&post=7724"}],"wp:featuredmedia":[{"embeddable":true,"href":"https:\/\/insertapr.com\/index.php?rest_route=\/wp\/v2\/media\/7725"}],"wp:attachment":[{"href":"https:\/\/insertapr.com\/index.php?rest_route=%2Fwp%2Fv2%2Fmedia&parent=7724"}],"wp:term":[{"taxonomy":"product_cat","embeddable":true,"href":"https:\/\/insertapr.com\/index.php?rest_route=%2Fwp%2Fv2%2Fproduct_cat&post=7724"},{"taxonomy":"product_tag","embeddable":true,"href":"https:\/\/insertapr.com\/index.php?rest_route=%2Fwp%2Fv2%2Fproduct_tag&post=7724"}],"curies":[{"name":"wp","href":"https:\/\/api.w.org\/{rel}","templated":true}]}}