{"id":7715,"date":"2025-12-25T19:14:11","date_gmt":"2025-12-25T23:14:11","guid":{"rendered":"https:\/\/insertapr.com\/?post_type=product&#038;p=7715"},"modified":"2026-03-20T10:59:32","modified_gmt":"2026-03-20T14:59:32","slug":"cuatro-destinos-y-una-nochebuena","status":"publish","type":"product","link":"https:\/\/insertapr.com\/?product=cuatro-destinos-y-una-nochebuena","title":{"rendered":"CUATRO DESTINOS Y UNA NOCHEBUENA"},"content":{"rendered":"","protected":false},"excerpt":{"rendered":"<p data-start=\"157\" data-end=\"202\"><strong data-start=\"157\" data-end=\"202\">ALL I WANT FOR CHRISTMAS IS\u2026 CHERRY CHIC!<\/strong><\/p>\n<p data-start=\"204\" data-end=\"269\">La nueva novela navide\u00f1a de la reina del <em data-start=\"245\" data-end=\"259\">cosy romance<\/em> nacional.<\/p>\n<p data-start=\"271\" data-end=\"395\"><strong data-start=\"271\" data-end=\"395\">PRIMERA EDICI\u00d3N LIMITADA CON DETALLE ESPECIAL EN LA CUBIERTA Y \u00daLTIMO CAP\u00cdTULO SELLADO PARA ABRIR EL D\u00cdA 24 DE DICIEMBRE<\/strong><\/p>\n<p data-start=\"397\" data-end=\"497\">Dos d\u00edas antes de Nochebuena, cuatro parejas emprenden un viaje que cambiar\u00e1 sus vidas para siempre.<\/p>\n<p data-start=\"499\" data-end=\"670\">Rachel y Luke deben descubrir si la rutina de tener tres hijos y un mont\u00f3n de sue\u00f1os cambiantes ha podido con ellos o si todav\u00eda hay algo por lo que merece la pena luchar.<\/p>\n<p data-start=\"672\" data-end=\"819\">Holly y Archer se ven por primera vez en un aeropuerto. No se conocen de nada. No deber\u00edan cruzar sus miradas, pero lo hacen. Y eso lo cambia todo.<\/p>\n<p data-start=\"821\" data-end=\"1030\">Jack y Sophie se enfrentan a las Navidades aferr\u00e1ndose a los recuerdos de lo que fueron en el pasado, cuando las arrugas no marcaban sus d\u00edas, y con la esperanza de reunir a la familia despu\u00e9s de mucho tiempo.<\/p>\n<p data-start=\"1032\" data-end=\"1209\">Adrien y Kayden viajan en tren cargados de sue\u00f1os. Lo que no esperan es que, entre v\u00edas, tengan que tomar algunas de las decisiones m\u00e1s cruciales en la vida de cualquier pareja.<\/p>\n<p data-start=\"1211\" data-end=\"1356\">Dos d\u00edas, cuatro parejas y la emoci\u00f3n de descubrir lo que realmente significa volver a casa\u2026 y cu\u00e1nto est\u00e1n dispuestos a luchar para conseguirlo.<\/p>\n","protected":false},"featured_media":7764,"comment_status":"open","ping_status":"closed","template":"","meta":{"_monsterinsights_skip_tracking":false,"_monsterinsights_sitenote_active":false,"_monsterinsights_sitenote_note":"","_monsterinsights_sitenote_category":0,"_uf_show_specific_survey":0,"_uf_disable_surveys":false},"product_cat":[30,148,25],"product_tag":[],"_links":{"self":[{"href":"https:\/\/insertapr.com\/index.php?rest_route=\/wp\/v2\/product\/7715"}],"collection":[{"href":"https:\/\/insertapr.com\/index.php?rest_route=\/wp\/v2\/product"}],"about":[{"href":"https:\/\/insertapr.com\/index.php?rest_route=\/wp\/v2\/types\/product"}],"replies":[{"embeddable":true,"href":"https:\/\/insertapr.com\/index.php?rest_route=%2Fwp%2Fv2%2Fcomments&post=7715"}],"wp:featuredmedia":[{"embeddable":true,"href":"https:\/\/insertapr.com\/index.php?rest_route=\/wp\/v2\/media\/7764"}],"wp:attachment":[{"href":"https:\/\/insertapr.com\/index.php?rest_route=%2Fwp%2Fv2%2Fmedia&parent=7715"}],"wp:term":[{"taxonomy":"product_cat","embeddable":true,"href":"https:\/\/insertapr.com\/index.php?rest_route=%2Fwp%2Fv2%2Fproduct_cat&post=7715"},{"taxonomy":"product_tag","embeddable":true,"href":"https:\/\/insertapr.com\/index.php?rest_route=%2Fwp%2Fv2%2Fproduct_tag&post=7715"}],"curies":[{"name":"wp","href":"https:\/\/api.w.org\/{rel}","templated":true}]}}